{"id":14611,"date":"2021-08-30T16:52:46","date_gmt":"2021-08-30T16:52:46","guid":{"rendered":"http:\/\/garrafeiragrandeescolha.pt\/?post_type=product&#038;p=14611"},"modified":"2025-07-29T18:09:24","modified_gmt":"2025-07-29T18:09:24","slug":"porto-vista-alegre-white-colheita-2011-75cl","status":"publish","type":"product","link":"https:\/\/garrafeiragrandeescolha.pt\/de\/produkt\/porto-vista-alegre-white-colheita-2011-75cl\/","title":{"rendered":"Porto Vista Alegre White Colheita 2011 75cl"},"content":{"rendered":"<p><img decoding=\"async\" class=\"size-medium wp-image-15060 aligncenter\" src=\"http:\/\/garrafeiragrandeescolha.pt\/wp-content\/uploads\/2022\/02\/vallegre-logo-300x77.png\" alt=\"\" width=\"300\" height=\"77\" srcset=\"https:\/\/garrafeiragrandeescolha.pt\/wp-content\/uploads\/2022\/02\/vallegre-logo-300x77.png 300w, https:\/\/garrafeiragrandeescolha.pt\/wp-content\/uploads\/2022\/02\/vallegre-logo.png 512w\" sizes=\"(max-width: 300px) 100vw, 300px\" \/><\/p>\n<p>VALLEGRE \u2013 Vinhos do Porto, SA ist ein portugiesisches Unternehmen mit einer jahrhundertealten Tradition, das seit f\u00fcnf Generationen auf die Kontinuit\u00e4t eines Familienunternehmens setzt \u2013 Aktion\u00e4re und Manager repr\u00e4sentieren die 5. Generation einer Winzerfamilie aus der Douro-Region. Hersteller und Exporteur von Portweinen, DOC-Douro- und DOC-Moscatel-do-Douro-Weinen von hoher Qualit\u00e4t und Prestige, hebt nicht nur die Ergebnisse der Expansion und Modernisierung im Laufe der Jahre hervor, sondern auch die Bewahrung der von Grund auf vertrauten Weisheit der Vorfahren.<\/p>\n<p>Der Hauptsitz befindet sich in Quinta da Vista Alegre, im Herzen der \u00e4ltesten abgegrenzten Weinregion der Welt \u2013 der abgegrenzten Region Douro \u2013 und liegt in der Unterregion Cima Corgo, nur wenige Kilometer von Pinh\u00e3o entfernt. Idyllischer Raum mit einer beeindruckenden und herrlichen Landschaft aufgrund seiner privilegierten geografischen Lage, die den Besuchern einen wundersch\u00f6nen Blick auf den Fluss Douro bietet.<\/p>\n<p><span class=\"texto\">Von enormer nat\u00fcrlicher Sch\u00f6nheit zeichnen sich seine Ecken durch Sehensw\u00fcrdigkeiten aus, eine perfekte Harmonie mit der Natur, die durch die Sch\u00e4rfung der Augensinne im Ged\u00e4chtnis verewigt wird \u2013 einzigartige Freuden der Vorliebe f\u00fcr das L\u00e4ndliche, die Landschaft und die Natur selbst.<\/span><\/p>\n<p>Die Geschichte der Weinproduktion der Weinberge dieses Bauernhofs reicht zugegebenerma\u00dfen weit zur\u00fcck und reicht bis ins 19. Jahrhundert zur\u00fcck. Dies ist die Schlussfolgerung, die aus Fachb\u00fcchern \u00fcber Rebtypologien und einigen verlassenen Terrassen \u2013 den Mortorios \u2013 abgeleitet werden kann.<\/p>\n<p>Anfang der 1970er-Jahre wandelte sich das Unternehmen von einer Einzelgesellschaft in eine Aktiengesellschaft, die damals Sociedade Agr\u00edcola Barros SA hie\u00df. Im Mai 1998 \u00e4nderte das Unternehmen seinen Firmennamen in VALLEGRE - Vinhos do Porto, SA, was aus der Kombination der Namen seiner beiden wichtigsten Quintas \u2013 Valle Longo und Vista Alegre \u2013 resultierte, wobei jedoch der ausgesprochen vertraute und verbindende Charakter erhalten blieb f\u00fcnf Generationen.<\/p>\n<p>Ihr Hauptziel ist die Herstellung von Weinen mit gesch\u00fctzter Ursprungsbezeichnung: DOC Porto, DOC Douro und DOC Moscatel do Douro von h\u00f6chster Qualit\u00e4t und nationalem und internationalem Prestige. Heute werden seine Weine in mehr als 27 L\u00e4ndern verkauft und gesch\u00e4tzt, und die zahlreichen Auszeichnungen und Auszeichnungen bei verschiedenen internationalen Wettbewerben zeugen von der Exzellenz unserer Qualit\u00e4t.<\/p>","protected":false},"excerpt":{"rendered":"<p>Castas: : Viosinho, Malvasia Fina, Gouveio, Arinto, Cercial e Rabigato.<\/p>\n<p>L\u00edmpido e brilhante com uma linda cor dourada.<br \/>\nApresenta um aroma muito complexo, sobressaindo os frutos secos, como avel\u00e3s, nozes e am\u00eandoas<br \/>\ntorradas, combinados com aromas de laranja, alperce, bem como notas tostadas devido ao est\u00e1gio em<br \/>\nvelhos toneis de madeira.<br \/>\nNa boca, \u00e9 cheio, fresco, com uma acidez muito bem balanceada.<\/p>","protected":false},"featured_media":8999,"template":"","meta":{"_exactmetrics_skip_tracking":false,"_exactmetrics_sitenote_active":false,"_exactmetrics_sitenote_note":"","_exactmetrics_sitenote_category":0,"_uf_show_specific_survey":0,"_uf_disable_surveys":false,"iawp_total_views":38},"product_brand":[],"product_cat":[159,167,166],"product_tag":[],"class_list":{"0":"post-14611","1":"product","2":"type-product","3":"status-publish","4":"has-post-thumbnail","6":"product_cat-portos","7":"product_cat-colheita","8":"product_cat-white-portos","10":"first","11":"instock","12":"shipping-taxable","13":"purchasable","14":"product-type-simple"},"_links":{"self":[{"href":"https:\/\/garrafeiragrandeescolha.pt\/de\/wp-json\/wp\/v2\/product\/14611","targetHints":{"allow":["GET"]}}],"collection":[{"href":"https:\/\/garrafeiragrandeescolha.pt\/de\/wp-json\/wp\/v2\/product"}],"about":[{"href":"https:\/\/garrafeiragrandeescolha.pt\/de\/wp-json\/wp\/v2\/types\/product"}],"wp:featuredmedia":[{"embeddable":true,"href":"https:\/\/garrafeiragrandeescolha.pt\/de\/wp-json\/wp\/v2\/media\/8999"}],"wp:attachment":[{"href":"https:\/\/garrafeiragrandeescolha.pt\/de\/wp-json\/wp\/v2\/media?parent=14611"}],"wp:term":[{"taxonomy":"product_brand","embeddable":true,"href":"https:\/\/garrafeiragrandeescolha.pt\/de\/wp-json\/wp\/v2\/product_brand?post=14611"},{"taxonomy":"product_cat","embeddable":true,"href":"https:\/\/garrafeiragrandeescolha.pt\/de\/wp-json\/wp\/v2\/product_cat?post=14611"},{"taxonomy":"product_tag","embeddable":true,"href":"https:\/\/garrafeiragrandeescolha.pt\/de\/wp-json\/wp\/v2\/product_tag?post=14611"}],"curies":[{"name":"wp","href":"https:\/\/api.w.org\/{rel}","templated":true}]}}