{"id":14614,"date":"2021-09-07T18:54:00","date_gmt":"2021-09-07T18:54:00","guid":{"rendered":"http:\/\/garrafeiragrandeescolha.pt\/?post_type=product&#038;p=14614"},"modified":"2024-12-03T18:23:40","modified_gmt":"2024-12-03T18:23:40","slug":"vilarissa-valley-17-rot-2017-75cl","status":"publish","type":"product","link":"https:\/\/garrafeiragrandeescolha.pt\/de\/produkt\/vilarissa-valley-17-rot-2017-75cl\/","title":{"rendered":"Vilarissa Valley Tinto 2022 75cl"},"content":{"rendered":"","protected":false},"excerpt":{"rendered":"<p>Trauben: Touriga Franca, Tinta Roriz, Tinto C\u00e3o, Touriga Nacional<\/p>\n<p>Die Nase ist voll von k\u00f6stlichen Aromen reifer Brombeeren kombiniert mit w\u00fcrzigen Vanille- und Veilchennuancen. Im Mund ist er saftig, wobei die S\u00fc\u00dfe dunkler Beeren durch weiche Tannine ausgeglichen wird. Schillernde Noten mit einem kraftvollen und parf\u00fcmierten Abgang.<\/p>","protected":false},"featured_media":9020,"template":"","meta":{"_exactmetrics_skip_tracking":false,"_exactmetrics_sitenote_active":false,"_exactmetrics_sitenote_note":"","_exactmetrics_sitenote_category":0,"_uf_show_specific_survey":0,"_uf_disable_surveys":false,"iawp_total_views":130},"product_brand":[],"product_cat":[157,184,215],"product_tag":[],"class_list":{"0":"post-14614","1":"product","2":"type-product","3":"status-publish","4":"has-post-thumbnail","6":"product_cat-vinhos","7":"product_cat-tinto","8":"product_cat-douro","10":"first","11":"instock","12":"shipping-taxable","13":"purchasable","14":"product-type-simple"},"_links":{"self":[{"href":"https:\/\/garrafeiragrandeescolha.pt\/de\/wp-json\/wp\/v2\/product\/14614","targetHints":{"allow":["GET"]}}],"collection":[{"href":"https:\/\/garrafeiragrandeescolha.pt\/de\/wp-json\/wp\/v2\/product"}],"about":[{"href":"https:\/\/garrafeiragrandeescolha.pt\/de\/wp-json\/wp\/v2\/types\/product"}],"wp:featuredmedia":[{"embeddable":true,"href":"https:\/\/garrafeiragrandeescolha.pt\/de\/wp-json\/wp\/v2\/media\/9020"}],"wp:attachment":[{"href":"https:\/\/garrafeiragrandeescolha.pt\/de\/wp-json\/wp\/v2\/media?parent=14614"}],"wp:term":[{"taxonomy":"product_brand","embeddable":true,"href":"https:\/\/garrafeiragrandeescolha.pt\/de\/wp-json\/wp\/v2\/product_brand?post=14614"},{"taxonomy":"product_cat","embeddable":true,"href":"https:\/\/garrafeiragrandeescolha.pt\/de\/wp-json\/wp\/v2\/product_cat?post=14614"},{"taxonomy":"product_tag","embeddable":true,"href":"https:\/\/garrafeiragrandeescolha.pt\/de\/wp-json\/wp\/v2\/product_tag?post=14614"}],"curies":[{"name":"wp","href":"https:\/\/api.w.org\/{rel}","templated":true}]}}