{"id":14627,"date":"2021-09-26T12:04:00","date_gmt":"2021-09-26T12:04:00","guid":{"rendered":"http:\/\/garrafeiragrandeescolha.pt\/?post_type=product&#038;p=14627"},"modified":"2024-10-28T12:36:41","modified_gmt":"2024-10-28T12:36:41","slug":"moscatel-adega-de-palmela-10-jahre-70cl","status":"publish","type":"product","link":"https:\/\/garrafeiragrandeescolha.pt\/de\/produkt\/moscatel-adega-de-palmela-10-jahre-70cl\/","title":{"rendered":"Moscatel Adega de Palmela 10 Jahre 70cl"},"content":{"rendered":"<p><img decoding=\"async\" class=\"size-medium wp-image-15048 aligncenter\" src=\"http:\/\/garrafeiragrandeescolha.pt\/wp-content\/uploads\/2022\/02\/adega-palmea-logo-300x120.jpg\" alt=\"\" width=\"300\" height=\"120\" srcset=\"https:\/\/garrafeiragrandeescolha.pt\/wp-content\/uploads\/2022\/02\/adega-palmea-logo-300x120.jpg 300w, https:\/\/garrafeiragrandeescolha.pt\/wp-content\/uploads\/2022\/02\/adega-palmea-logo.jpg 600w\" sizes=\"(max-width: 300px) 100vw, 300px\" \/><\/p>\n<p>Die Adega Cooperativa de Palmela ist eines der wichtigsten Entwicklungszentren der Gemeinde, die stark landwirtschaftlich gepr\u00e4gt ist und in der Weinberge und Wein aus historischen Gr\u00fcnden einen sehr gro\u00dfen Stellenwert haben. Das Hauptanbaugebiet f\u00fcr Wein liegt in der Sandebene, die einen gro\u00dfen Teil der Gemeinde Palmela ausmacht.<\/p>\n<p>Adega Cooperativa de Palmela begann ihre T\u00e4tigkeit mit 50 Mitgliedern und einer Produktion von nicht mehr als 1,5 Millionen Litern. Heutzutage \u00fcbersteigt die Produktion 8 Millionen Liter und das Weingut verf\u00fcgt \u00fcber eine Kapazit\u00e4t von 10 Millionen Litern, davon 751 TP3T Rotwein, 15% Wei\u00dfwein und 10% Moscatel de Set\u00fabal.<\/p>\n<p>Derzeit hat er 300 Mitglieder, die zusammen \u00fcber eine Fl\u00e4che von 1000 Hektar verf\u00fcgen. Ein wesentlicher Teil der Produktion wird \u00fcber 5 automatische Linien mit einer Kapazit\u00e4t von 10.000 Flaschen\/Stunde abgef\u00fcllt. Adega Cooperativa de Palmela hat im Laufe der Jahre ihre Technologie sowohl in der Herstellung als auch in der Abf\u00fcllung modernisiert und ist heute dank des Engagements und Einsatzes ihrer 40 Mitarbeiter seit Juni 2003 eine zertifizierte Einheit (ISO 9001-2000).<\/p>","protected":false},"excerpt":{"rendered":"<p>Generoso Moscatel-Wein ist seit 1908 ein zertifiziertes Produkt und eines der repr\u00e4sentativsten Produkte aus der Region Set\u00fabal. Dieser Moscatel von h\u00f6chster Qualit\u00e4t ist Teil unserer Set\u00fabal-Moscatel-Kollektion.<\/p>\n<p>Es pr\u00e4sentiert eine gro\u00dfe aromatische Komplexit\u00e4t, die Noten von Trockenfr\u00fcchten, N\u00fcssen, Feigen und Honig hervorhebt.<\/p>\n<p>Da es besonders und hochwertig ist, sollte es allein oder alternativ mit regionalen S\u00fc\u00dfigkeiten und Schokolade bei einer Temperatur von 16 \u00b0C serviert werden.<\/p>","protected":false},"featured_media":9075,"template":"","meta":{"_exactmetrics_skip_tracking":false,"_exactmetrics_sitenote_active":false,"_exactmetrics_sitenote_note":"","_exactmetrics_sitenote_category":0,"_uf_show_specific_survey":0,"_uf_disable_surveys":false,"iawp_total_views":40},"product_brand":[],"product_cat":[163,157],"product_tag":[],"class_list":{"0":"post-14627","1":"product","2":"type-product","3":"status-publish","4":"has-post-thumbnail","6":"product_cat-moscatel","7":"product_cat-vinhos","9":"first","10":"instock","11":"shipping-taxable","12":"purchasable","13":"product-type-simple"},"_links":{"self":[{"href":"https:\/\/garrafeiragrandeescolha.pt\/de\/wp-json\/wp\/v2\/product\/14627","targetHints":{"allow":["GET"]}}],"collection":[{"href":"https:\/\/garrafeiragrandeescolha.pt\/de\/wp-json\/wp\/v2\/product"}],"about":[{"href":"https:\/\/garrafeiragrandeescolha.pt\/de\/wp-json\/wp\/v2\/types\/product"}],"wp:featuredmedia":[{"embeddable":true,"href":"https:\/\/garrafeiragrandeescolha.pt\/de\/wp-json\/wp\/v2\/media\/9075"}],"wp:attachment":[{"href":"https:\/\/garrafeiragrandeescolha.pt\/de\/wp-json\/wp\/v2\/media?parent=14627"}],"wp:term":[{"taxonomy":"product_brand","embeddable":true,"href":"https:\/\/garrafeiragrandeescolha.pt\/de\/wp-json\/wp\/v2\/product_brand?post=14627"},{"taxonomy":"product_cat","embeddable":true,"href":"https:\/\/garrafeiragrandeescolha.pt\/de\/wp-json\/wp\/v2\/product_cat?post=14627"},{"taxonomy":"product_tag","embeddable":true,"href":"https:\/\/garrafeiragrandeescolha.pt\/de\/wp-json\/wp\/v2\/product_tag?post=14627"}],"curies":[{"name":"wp","href":"https:\/\/api.w.org\/{rel}","templated":true}]}}