{"id":14636,"date":"2021-09-28T15:40:26","date_gmt":"2021-09-28T15:40:26","guid":{"rendered":"http:\/\/garrafeiragrandeescolha.pt\/?post_type=product&#038;p=14636"},"modified":"2025-09-11T17:30:33","modified_gmt":"2025-09-11T17:30:33","slug":"quinta-de-la-rosa-branco-2016-75cl","status":"publish","type":"product","link":"https:\/\/garrafeiragrandeescolha.pt\/de\/produkt\/quinta-de-la-rosa-branco-2016-75cl\/","title":{"rendered":"Quinta de La Rosa Branco 2024 75cl"},"content":{"rendered":"<p style=\"text-align: center;\">&lt;<img fetchpriority=\"high\" decoding=\"async\" class=\"alignnone size-medium wp-image-15072\" src=\"http:\/\/garrafeiragrandeescolha.pt\/wp-content\/uploads\/2022\/02\/qta-de-la-rosa-logo-300x225.jpg\" alt=\"\" width=\"300\" height=\"225\" srcset=\"https:\/\/garrafeiragrandeescolha.pt\/wp-content\/uploads\/2022\/02\/qta-de-la-rosa-logo-300x225.jpg 300w, https:\/\/garrafeiragrandeescolha.pt\/wp-content\/uploads\/2022\/02\/qta-de-la-rosa-logo-1024x768.jpg 1024w, https:\/\/garrafeiragrandeescolha.pt\/wp-content\/uploads\/2022\/02\/qta-de-la-rosa-logo-768x576.jpg 768w, https:\/\/garrafeiragrandeescolha.pt\/wp-content\/uploads\/2022\/02\/qta-de-la-rosa-logo-1536x1152.jpg 1536w, https:\/\/garrafeiragrandeescolha.pt\/wp-content\/uploads\/2022\/02\/qta-de-la-rosa-logo-2048x1536.jpg 2048w, https:\/\/garrafeiragrandeescolha.pt\/wp-content\/uploads\/2022\/02\/qta-de-la-rosa-logo-600x450.jpg 600w\" sizes=\"(max-width: 300px) 100vw, 300px\" \/><\/p>\n<p>Quinta de la Rosa ist seit 1906 Teil der Familie Bergqvist, betreibt jedoch seit 1815 unter dem Familiennamen Feueheerd Hafenschifffahrtsaktivit\u00e4ten. Derzeit verf\u00fcgt das Unternehmen \u00fcber rund 55 Hektar Weinberge und produziert rund 80.000 Liter Portwein und 300.000 Liter Tafelwein Wein jedes Jahr.<\/p>\n<p>Quinta de la Rosa wurde 1906 Claire Feueheerd, Sophias Gro\u00dfmutter, zur Taufe geschenkt. Claires Vater Albert leitete die Familienreederei Feueheerds. Albert war ein wahrer Pionier und einer der ersten Verlader, der den Portwein \u201eSingle Quinta\u201c aus La Rosa-Trauben herstellte. Er war verantwortlich f\u00fcr den Bau der Weinberge Vale do Inferno mit einigen der h\u00f6chsten und beeindruckendsten Mauern im Douro. Er baute auch ein Weingut mit 8 Weinpressen und begann, Trauben von lokalen Produzenten zu kaufen und den Portwein in La Rosa herzustellen. Dadurch konnte Albert die Qualit\u00e4t in der Produktion aufrechterhalten. Zu dieser Zeit wurden die meisten H\u00e4fen von Kleinbauern in ihren eigenen M\u00fchlen hergestellt.<\/p>\n<p>Leider hatte Albert mit der Wirtschaftskrise und der Firma Feueheerds zu k\u00e4mpfen, die in den 1930er Jahren an Barros verkauft wurde. Die Quinta de la Rosa blieb jedoch in Familienbesitz und wurde von Sophias Gro\u00dfmutter Claire gef\u00fchrt. Claire baute gerade Trauben an und verkaufte sie an Crofts und sp\u00e4ter an Sandemans Hafen Rebello Valente. 1988 beschlossen Sophia und ihr Vater Tim Bergqvist, das Familienunternehmen neu zu starten und brachten Quinta de la Rosa als hochwertigen Portweinproduzenten auf den Markt.<\/p>\n<p>A partir do in\u00edcio dos anos 90, a fam\u00edlia Bergqvist foi uma das pioneiras em levar a s\u00e9rio a produ\u00e7\u00e3o de vinho tinto na regi\u00e3o do Douro.\u00a0Os vinhos da Quinta de la Rosa, tintos e brancos, ganharam muitos elogios na imprensa e s\u00e3o vendidos em muitos restaurantes e lojas de vinhos de prest\u00edgio em todo o mundo<\/p>","protected":false},"excerpt":{"rendered":"<p>Castas: C\u00f3dega do Larinho, Viosinho, Gouveio, Arinto e Rabigato)<\/p>\n<p>Suculentos aromas de frutos brancos, ervas e frutos tropicais<\/p>\n<p>Equilibrado e elegante no paladar<\/p>","protected":false},"featured_media":20157,"template":"","meta":{"_exactmetrics_skip_tracking":false,"_exactmetrics_sitenote_active":false,"_exactmetrics_sitenote_note":"","_exactmetrics_sitenote_category":0,"_uf_show_specific_survey":0,"_uf_disable_surveys":false,"iawp_total_views":13},"product_brand":[],"product_cat":[157,185,188],"product_tag":[],"class_list":{"0":"post-14636","1":"product","2":"type-product","3":"status-publish","4":"has-post-thumbnail","6":"product_cat-vinhos","7":"product_cat-branco","8":"product_cat-douro-branco","10":"first","11":"instock","12":"shipping-taxable","13":"purchasable","14":"product-type-simple"},"_links":{"self":[{"href":"https:\/\/garrafeiragrandeescolha.pt\/de\/wp-json\/wp\/v2\/product\/14636","targetHints":{"allow":["GET"]}}],"collection":[{"href":"https:\/\/garrafeiragrandeescolha.pt\/de\/wp-json\/wp\/v2\/product"}],"about":[{"href":"https:\/\/garrafeiragrandeescolha.pt\/de\/wp-json\/wp\/v2\/types\/product"}],"wp:featuredmedia":[{"embeddable":true,"href":"https:\/\/garrafeiragrandeescolha.pt\/de\/wp-json\/wp\/v2\/media\/20157"}],"wp:attachment":[{"href":"https:\/\/garrafeiragrandeescolha.pt\/de\/wp-json\/wp\/v2\/media?parent=14636"}],"wp:term":[{"taxonomy":"product_brand","embeddable":true,"href":"https:\/\/garrafeiragrandeescolha.pt\/de\/wp-json\/wp\/v2\/product_brand?post=14636"},{"taxonomy":"product_cat","embeddable":true,"href":"https:\/\/garrafeiragrandeescolha.pt\/de\/wp-json\/wp\/v2\/product_cat?post=14636"},{"taxonomy":"product_tag","embeddable":true,"href":"https:\/\/garrafeiragrandeescolha.pt\/de\/wp-json\/wp\/v2\/product_tag?post=14636"}],"curies":[{"name":"wp","href":"https:\/\/api.w.org\/{rel}","templated":true}]}}