{"id":14672,"date":"2021-11-09T13:03:40","date_gmt":"2021-11-09T13:03:40","guid":{"rendered":"http:\/\/garrafeiragrandeescolha.pt\/?post_type=product&#038;p=14672"},"modified":"2024-11-16T17:24:38","modified_gmt":"2024-11-16T17:24:38","slug":"champagne-moet-chandon-brut-imperial-3750cl","status":"publish","type":"product","link":"https:\/\/garrafeiragrandeescolha.pt\/de\/produkt\/champagne-moet-chandon-brut-imperial-3750cl\/","title":{"rendered":"Champagne Mo\u00ebt &amp; Chandon Brut Imperial 37,50cl"},"content":{"rendered":"<p><img decoding=\"async\" class=\"size-medium wp-image-15341 aligncenter\" src=\"http:\/\/garrafeiragrandeescolha.pt\/wp-content\/uploads\/2022\/02\/Moet-Chandon-logo-300x150.jpg\" alt=\"\" width=\"300\" height=\"150\" srcset=\"https:\/\/garrafeiragrandeescolha.pt\/wp-content\/uploads\/2022\/02\/Moet-Chandon-logo-300x150.jpg 300w, https:\/\/garrafeiragrandeescolha.pt\/wp-content\/uploads\/2022\/02\/Moet-Chandon-logo-1024x512.jpg 1024w, https:\/\/garrafeiragrandeescolha.pt\/wp-content\/uploads\/2022\/02\/Moet-Chandon-logo-768x384.jpg 768w, https:\/\/garrafeiragrandeescolha.pt\/wp-content\/uploads\/2022\/02\/Moet-Chandon-logo-1536x768.jpg 1536w, https:\/\/garrafeiragrandeescolha.pt\/wp-content\/uploads\/2022\/02\/Moet-Chandon-logo-600x300.jpg 600w, https:\/\/garrafeiragrandeescolha.pt\/wp-content\/uploads\/2022\/02\/Moet-Chandon-logo.jpg 2048w\" sizes=\"(max-width: 300px) 100vw, 300px\" \/><\/p>\n<p>Der legend\u00e4re Mo\u00ebt &amp; Chandon feiert sein 270-j\u00e4hriges Jubil\u00e4um als beliebtester Champagner der Welt. Seit mehr als einem Vierteljahrtausend teilt der renommierte franz\u00f6sische Winzer den Zauber der Champagne mit der ganzen Welt. Jede Tasse ist \u00fcberf\u00fcllt mit den pr\u00e4genden Werten der Geschichte: Gro\u00dfz\u00fcgigkeit, Gro\u00dfz\u00fcgigkeit, Weisheit, Erfolg, K\u00fchnheit und Eleganz \u2013 Werte, die immer noch den Kern ihrer globalen Anziehungskraft ausmachen. Ende des 18. Jahrhunderts wurde Jean-R\u00e9my Mo\u00ebt, Enkel des Gr\u00fcnders Claude Mo\u00ebt, als der Mann ber\u00fchmt, der der Welt Champagner vorstellte. Die wichtigen Pers\u00f6nlichkeiten der Zeit, von der Marquise de Pompadour bis zu Talleyrand und Napoleon, verliebten sich schnell in den prickelnden Wein des Hauses. Mo\u00ebt &amp; Chandon wurde bald zum Symbol f\u00fcr Erfolg und Eleganz, das bis heute Bestand hat.<\/p>","protected":false},"excerpt":{"rendered":"<p>Uma cor elegante, amarelo palha dourado com reflexos verdes<\/p>\n<p>Um buqu\u00ea cintilante<\/p>\n<p>A intensidade vibrante de ma\u00e7\u00e3 verde e frutas c\u00edtricas<\/p>\n<p>A frescura de nuances minerais e flores brancas<\/p>\n<p>A eleg\u00e2ncia das notas louras (brioche, cereais, nozes frescas)<\/p>","protected":false},"featured_media":4906,"template":"","meta":{"_exactmetrics_skip_tracking":false,"_exactmetrics_sitenote_active":false,"_exactmetrics_sitenote_note":"","_exactmetrics_sitenote_category":0,"_uf_show_specific_survey":0,"_uf_disable_surveys":false,"iawp_total_views":82},"product_brand":[],"product_cat":[160,178],"product_tag":[],"class_list":{"0":"post-14672","1":"product","2":"type-product","3":"status-publish","4":"has-post-thumbnail","6":"product_cat-espumantes","7":"product_cat-champagne","9":"first","10":"instock","11":"shipping-taxable","12":"purchasable","13":"product-type-simple"},"_links":{"self":[{"href":"https:\/\/garrafeiragrandeescolha.pt\/de\/wp-json\/wp\/v2\/product\/14672","targetHints":{"allow":["GET"]}}],"collection":[{"href":"https:\/\/garrafeiragrandeescolha.pt\/de\/wp-json\/wp\/v2\/product"}],"about":[{"href":"https:\/\/garrafeiragrandeescolha.pt\/de\/wp-json\/wp\/v2\/types\/product"}],"wp:featuredmedia":[{"embeddable":true,"href":"https:\/\/garrafeiragrandeescolha.pt\/de\/wp-json\/wp\/v2\/media\/4906"}],"wp:attachment":[{"href":"https:\/\/garrafeiragrandeescolha.pt\/de\/wp-json\/wp\/v2\/media?parent=14672"}],"wp:term":[{"taxonomy":"product_brand","embeddable":true,"href":"https:\/\/garrafeiragrandeescolha.pt\/de\/wp-json\/wp\/v2\/product_brand?post=14672"},{"taxonomy":"product_cat","embeddable":true,"href":"https:\/\/garrafeiragrandeescolha.pt\/de\/wp-json\/wp\/v2\/product_cat?post=14672"},{"taxonomy":"product_tag","embeddable":true,"href":"https:\/\/garrafeiragrandeescolha.pt\/de\/wp-json\/wp\/v2\/product_tag?post=14672"}],"curies":[{"name":"wp","href":"https:\/\/api.w.org\/{rel}","templated":true}]}}