{"id":14702,"date":"2021-11-15T17:46:46","date_gmt":"2021-11-15T17:46:46","guid":{"rendered":"http:\/\/garrafeiragrandeescolha.pt\/?post_type=product&#038;p=14702"},"modified":"2026-01-09T11:01:48","modified_gmt":"2026-01-09T11:01:48","slug":"herdade-papa-leite-religiosamente-guardado-2011-75cl","status":"publish","type":"product","link":"https:\/\/garrafeiragrandeescolha.pt\/de\/produkt\/herdade-papa-leite-religiosamente-guardado-2011-75cl\/","title":{"rendered":"Herdade Papa Leite Religiously Guarded 2011 75cl"},"content":{"rendered":"<p><img decoding=\"async\" class=\"size-full wp-image-15055 aligncenter\" src=\"http:\/\/garrafeiragrandeescolha.pt\/wp-content\/uploads\/2022\/02\/logo_herdade-papa-leite.png\" alt=\"\" width=\"192\" height=\"199\" \/><\/p>\n<p>&nbsp;<\/p>\n<div id=\"u13137-4\" class=\"clearfix colelem\" data-muse-uid=\"U13137\" data-muse-type=\"txt_frame\" data-ibe-flags=\"txtStyleSrc\">\n<p>Herdade Papa Leite liegt im Herzen des Alto Alentejo in Alter do Ch\u00e3o und stammt aus dem 17. Jahrhundert, ein Wahrzeichen, das noch heute auf dem Anwesen zu finden ist.<\/p>\n<\/div>\n<div id=\"u13135\" class=\"colelem\">Filipe Barreiros Cardoso, der sich f\u00fcr die Gegend und das Anwesen begeistert, erwarb Herdade Papa Leite, um seinen Traum von der Herstellung hochwertiger Produkte zu verwirklichen.<\/div>\n<div id=\"u13140-6\" class=\"clearfix colelem\" data-muse-uid=\"U13140\" data-muse-type=\"txt_frame\" data-ibe-flags=\"txtStyleSrc\">\n<p>Dieser Traum konnte nur mit der Unterst\u00fctzung seiner Familie und des Teams, mit dem er zusammenarbeitet, Wirklichkeit werden.<\/p>\n<div id=\"pu602313\" class=\"clearfix grpelem\">\n<div id=\"u62518-6\" class=\"clearfix colelem\" data-muse-uid=\"U62518\" data-muse-type=\"txt_frame\" data-ibe-flags=\"txtStyleSrc\">\n<p>Jahrhundertelang war die Ausbeutung von Getreide, Olivenhainen, Steineichen und Korkeichen die Hauptaktivit\u00e4ten, denen sich das Anwesen widmete.<\/p>\n<p>Mit der Reproduktion der bereits existierenden Alentejana-Rasse und der Einf\u00fchrung der Aberdeen-Angus-Rasse erlebte das Weingut eine Wiederbelebung seiner T\u00e4tigkeit und heute werden auf den rund 320 Hektar neben der Viehzucht auch Wein und Oliven\u00f6l produziert.<\/p>\n<p>&nbsp;<\/p>\n<\/div>\n<div id=\"u15321\" class=\"colelem\"><\/div>\n<\/div>\n<\/div>","protected":false},"excerpt":{"rendered":"<p style=\"padding-left: 40px;\"><span id=\"u597313\">Castas: Alicante Bouschet e Shiraz<\/span><\/p>\n<div id=\"pu600620-4\" class=\"clearfix colelem\">\n<div id=\"u597331-14\" class=\"clearfix grpelem\" data-muse-uid=\"U597331\" data-muse-type=\"txt_frame\" data-ibe-flags=\"txtStyleSrc\">\n<div id=\"pu625365\" class=\"clearfix colelem\">\n<div id=\"u621570-14\" class=\"clearfix grpelem\" data-muse-uid=\"U621570\" data-muse-type=\"txt_frame\" data-ibe-flags=\"txtStyleSrc\">\n<p>Est\u00e1gio: 24 meses de barrica<\/p>\n<p>O vinho n\u00e3o foi filtrado e dever\u00e1 ser decantado antes de servir<\/p>\n<p>3106 garrafas numeradas<\/p>\n<\/div>\n<\/div>\n<\/div>\n<\/div>","protected":false},"featured_media":9337,"template":"","meta":{"_exactmetrics_skip_tracking":false,"_exactmetrics_sitenote_active":false,"_exactmetrics_sitenote_note":"","_exactmetrics_sitenote_category":0,"_uf_show_specific_survey":0,"_uf_disable_surveys":false,"iawp_total_views":22},"product_brand":[],"product_cat":[162,157,201,184,207],"product_tag":[],"class_list":{"0":"post-14702","1":"product","2":"type-product","3":"status-publish","4":"has-post-thumbnail","6":"product_cat-raridades","7":"product_cat-vinhos","8":"product_cat-grandes-vinhos","9":"product_cat-tinto","10":"product_cat-alentejo","12":"first","13":"instock","14":"shipping-taxable","15":"purchasable","16":"product-type-simple"},"_links":{"self":[{"href":"https:\/\/garrafeiragrandeescolha.pt\/de\/wp-json\/wp\/v2\/product\/14702","targetHints":{"allow":["GET"]}}],"collection":[{"href":"https:\/\/garrafeiragrandeescolha.pt\/de\/wp-json\/wp\/v2\/product"}],"about":[{"href":"https:\/\/garrafeiragrandeescolha.pt\/de\/wp-json\/wp\/v2\/types\/product"}],"wp:featuredmedia":[{"embeddable":true,"href":"https:\/\/garrafeiragrandeescolha.pt\/de\/wp-json\/wp\/v2\/media\/9337"}],"wp:attachment":[{"href":"https:\/\/garrafeiragrandeescolha.pt\/de\/wp-json\/wp\/v2\/media?parent=14702"}],"wp:term":[{"taxonomy":"product_brand","embeddable":true,"href":"https:\/\/garrafeiragrandeescolha.pt\/de\/wp-json\/wp\/v2\/product_brand?post=14702"},{"taxonomy":"product_cat","embeddable":true,"href":"https:\/\/garrafeiragrandeescolha.pt\/de\/wp-json\/wp\/v2\/product_cat?post=14702"},{"taxonomy":"product_tag","embeddable":true,"href":"https:\/\/garrafeiragrandeescolha.pt\/de\/wp-json\/wp\/v2\/product_tag?post=14702"}],"curies":[{"name":"wp","href":"https:\/\/api.w.org\/{rel}","templated":true}]}}