{"id":14732,"date":"2021-11-25T19:17:28","date_gmt":"2021-11-25T19:17:28","guid":{"rendered":"http:\/\/garrafeiragrandeescolha.pt\/?post_type=product&#038;p=14732"},"modified":"2024-11-12T17:31:41","modified_gmt":"2024-11-12T17:31:41","slug":"mil-reis-grande-reserva-syrah-75cl","status":"publish","type":"product","link":"https:\/\/garrafeiragrandeescolha.pt\/de\/produkt\/mil-reis-grande-reserva-syrah-75cl\/","title":{"rendered":"Mil Reis Grande Reserva Syrah 2019 75cl"},"content":{"rendered":"<p><img fetchpriority=\"high\" decoding=\"async\" class=\"size-medium wp-image-15273 aligncenter\" src=\"http:\/\/garrafeiragrandeescolha.pt\/wp-content\/uploads\/2022\/02\/Herdade-da-maroteira-logo-300x300.png\" alt=\"\" width=\"300\" height=\"300\" srcset=\"https:\/\/garrafeiragrandeescolha.pt\/wp-content\/uploads\/2022\/02\/Herdade-da-maroteira-logo-300x300.png 300w, https:\/\/garrafeiragrandeescolha.pt\/wp-content\/uploads\/2022\/02\/Herdade-da-maroteira-logo-150x150.png 150w, https:\/\/garrafeiragrandeescolha.pt\/wp-content\/uploads\/2022\/02\/Herdade-da-maroteira-logo-100x100.png 100w, https:\/\/garrafeiragrandeescolha.pt\/wp-content\/uploads\/2022\/02\/Herdade-da-maroteira-logo.png 600w\" sizes=\"(max-width: 300px) 100vw, 300px\" \/><\/p>\n<div class=\"wpb_text_column wpb_content_element\">\n<div class=\"wpb_wrapper\">\n<p>Herdade da Maroteira liegt am Fu\u00dfe der Serra D&#039;Ossa, nur 35 km n\u00f6rdlich von \u00c9vora, und ist ein 540 Hektar gro\u00dfes Anwesen, das seit f\u00fcnf Generationen, also seit Mitte des 19. Jahrhunderts, derselben anglo-portugiesischen Familie geh\u00f6rt. Damals investierte Robert Reynolds in den Alentejo-Korkeichenwald, um den Bedarf der Portweinindustrie im Norden Portugals zu decken.<\/p>\n<\/div>\n<\/div>\n<div class=\"wpb_text_column wpb_content_element\">\n<div class=\"wpb_wrapper\">\n<p>Rund 150 Jahre lang produzierte das Anwesen neben Kork haupts\u00e4chlich Vieh und einige Oliven. Im Jahr 2000 revolutionierte Philip Mollet, der derzeitige Eigent\u00fcmer und Manager, die Strategie der Farm und pflanzte Weinberge. Die gew\u00e4hlte Rebsorte Syrah erwies sich in Form des weltweit gefeierten Weins Cem Reis als gro\u00dfer Erfolg. Sp\u00e4ter entstand durch die Bepflanzung der Weinberge Alicante Bouschet, Aragon\u00eaz und Touriga Nacional in einem offenen Tal eine bezaubernde Auswahl an Rot-, Wei\u00df- und Ros\u00e9weinen.<\/p>\n<\/div>\n<\/div>\n<div class=\"wpb_text_column wpb_content_element\">\n<div class=\"wpb_wrapper\">\n<p>Im Jahr 2004 war der Agrotourismus (l\u00e4ndlicher Tourismus) die nat\u00fcrliche Weiterentwicklung des Bauernhofs, ideal zum Entspannen in einer historischen Gegend mit wundersch\u00f6nen Landschaften im Alentejo, Portugal. Dies ist die perfekte Umgebung f\u00fcr ein gem\u00fctliches Abenteuer durch den Korkwald, bei dem Sie sich auf die unglaubliche Welt des Korkeichs konzentrieren, bei einer Jeepfahrt oder beim Wandern \u2026 und auf die Beobachtung von V\u00f6geln (Birdwatching) oder Sternenbeobachtungen (Stargazing). Um ihn herum k\u00f6nnen typische saisonale landwirtschaftliche Aktivit\u00e4ten stattfinden: manuelle Korkgewinnung (Mai\/Juni), Ernte, L\u00e4mmerzucht und Schafschur, Olivenernte. Im Herbst und Winter kommen aus Spanien schwarze Schweine (aus denen Schinken hergestellt wird), die sich frei bewegen und sich von Eicheln ern\u00e4hren.<\/p>\n<\/div>\n<\/div>","protected":false},"excerpt":{"rendered":"<p>O\u00a0Mil Reis Grande Reserva Syrah, produzido unicamente em anos de excel\u00eancia, \u00e9 um monovarietal, 100% Syrah com est\u00e1gio de 18 meses em Barricas novas de Carvalho Franc\u00eas e americano e 6 meses em garrafa. Produzido a partir do primeiro talh\u00e3o de Syrah da Maroteira, plantado no ano 2000, este vinho apresenta um car\u00e1cter robusto e profundo com notas vivas e intensa de frutos vermelhos, estrutura firme, complexidade e persist\u00eancia not\u00e1vel.<\/p>","protected":false},"featured_media":11033,"template":"","meta":{"_exactmetrics_skip_tracking":false,"_exactmetrics_sitenote_active":false,"_exactmetrics_sitenote_note":"","_exactmetrics_sitenote_category":0,"_uf_show_specific_survey":0,"_uf_disable_surveys":false,"iawp_total_views":101},"product_brand":[],"product_cat":[162,157,201,184,207],"product_tag":[],"class_list":{"0":"post-14732","1":"product","2":"type-product","3":"status-publish","4":"has-post-thumbnail","6":"product_cat-raridades","7":"product_cat-vinhos","8":"product_cat-grandes-vinhos","9":"product_cat-tinto","10":"product_cat-alentejo","12":"first","13":"instock","14":"shipping-taxable","15":"purchasable","16":"product-type-simple"},"_links":{"self":[{"href":"https:\/\/garrafeiragrandeescolha.pt\/de\/wp-json\/wp\/v2\/product\/14732","targetHints":{"allow":["GET"]}}],"collection":[{"href":"https:\/\/garrafeiragrandeescolha.pt\/de\/wp-json\/wp\/v2\/product"}],"about":[{"href":"https:\/\/garrafeiragrandeescolha.pt\/de\/wp-json\/wp\/v2\/types\/product"}],"wp:featuredmedia":[{"embeddable":true,"href":"https:\/\/garrafeiragrandeescolha.pt\/de\/wp-json\/wp\/v2\/media\/11033"}],"wp:attachment":[{"href":"https:\/\/garrafeiragrandeescolha.pt\/de\/wp-json\/wp\/v2\/media?parent=14732"}],"wp:term":[{"taxonomy":"product_brand","embeddable":true,"href":"https:\/\/garrafeiragrandeescolha.pt\/de\/wp-json\/wp\/v2\/product_brand?post=14732"},{"taxonomy":"product_cat","embeddable":true,"href":"https:\/\/garrafeiragrandeescolha.pt\/de\/wp-json\/wp\/v2\/product_cat?post=14732"},{"taxonomy":"product_tag","embeddable":true,"href":"https:\/\/garrafeiragrandeescolha.pt\/de\/wp-json\/wp\/v2\/product_tag?post=14732"}],"curies":[{"name":"wp","href":"https:\/\/api.w.org\/{rel}","templated":true}]}}