{"id":14742,"date":"2021-12-01T17:25:30","date_gmt":"2021-12-01T17:25:30","guid":{"rendered":"http:\/\/garrafeiragrandeescolha.pt\/?post_type=product&#038;p=14742"},"modified":"2022-07-01T14:41:47","modified_gmt":"2022-07-01T14:41:47","slug":"quinta-da-sequeira-grande-reserva-tinto-75cl","status":"publish","type":"product","link":"https:\/\/garrafeiragrandeescolha.pt\/de\/produkt\/quinta-da-sequeira-grande-reserva-tinto-75cl\/","title":{"rendered":"Quinta da Sequeira Grande Reserva 2016 Tinto 75cl"},"content":{"rendered":"<p><img fetchpriority=\"high\" decoding=\"async\" class=\"size-full wp-image-15809 aligncenter\" src=\"http:\/\/garrafeiragrandeescolha.pt\/wp-content\/uploads\/2021\/12\/qta-da-sequeira-logo.png\" alt=\"\" width=\"290\" height=\"210\" srcset=\"https:\/\/garrafeiragrandeescolha.pt\/wp-content\/uploads\/2021\/12\/qta-da-sequeira-logo.png 290w, https:\/\/garrafeiragrandeescolha.pt\/wp-content\/uploads\/2021\/12\/qta-da-sequeira-logo-18x12.png 18w\" sizes=\"(max-width: 290px) 100vw, 290px\" \/><\/p>\n<p>A Quinta da Sequeira, localizada no concelho de Vila Nova de Foz C\u00f4a, foi fundada em 1899 por Jos\u00e9 Joaquim Costa, casado com Maria Jos\u00e9 Sequeira, a quem se deve o nome da Quinta.<\/p>\n<p>&nbsp;<\/p>","protected":false},"excerpt":{"rendered":"<p><span style=\"color: #ff0000\">6 garrafas disponiveis<\/span><\/p>\n<p>Castas: Touriga Nacional, Touriga Franca, Tinta Roriz, Tinta Amarela, Tinta Barroca<\/p>\n<p>Cor: violeta carregado Aroma: Muito concentrado no nariz, com notas de madeira associada a frutos silvestres pretos e chocolate negro.<\/p>\n<p>Paladar: Boca equilibrada com taninos maduros e aveludados, que lhe conferem uma excelente estrutura e harmonia, bem como longevidade. Final muito longo e persistente.<\/p>\n<p>CONSUMO: A fim de serem preservadas todas as suas caracter\u00edsticas, este vinho n\u00e3o foi sujeito a qualquer opera\u00e7\u00e3o de filtra\u00e7\u00e3o ou estabiliza\u00e7\u00e3o, pelo que \u00e9 natural a forma\u00e7\u00e3o de dep\u00f3sito, devendo ser decantado quinze minutos antes de servir, a uma temperatura de 18 \u00baC. GASTRONOMIA: Pratos de carnes vermelhas elaborados, bem como t\u00e1bua de queijos<\/p>","protected":false},"featured_media":9468,"template":"","meta":{"_exactmetrics_skip_tracking":false,"_exactmetrics_sitenote_active":false,"_exactmetrics_sitenote_note":"","_exactmetrics_sitenote_category":0,"_uf_show_specific_survey":0,"_uf_disable_surveys":false,"iawp_total_views":32},"product_brand":[],"product_cat":[162,157,184,215],"product_tag":[],"class_list":{"0":"post-14742","1":"product","2":"type-product","3":"status-publish","4":"has-post-thumbnail","6":"product_cat-raridades","7":"product_cat-vinhos","8":"product_cat-tinto","9":"product_cat-douro","11":"first","12":"instock","13":"shipping-taxable","14":"purchasable","15":"product-type-simple"},"_links":{"self":[{"href":"https:\/\/garrafeiragrandeescolha.pt\/de\/wp-json\/wp\/v2\/product\/14742","targetHints":{"allow":["GET"]}}],"collection":[{"href":"https:\/\/garrafeiragrandeescolha.pt\/de\/wp-json\/wp\/v2\/product"}],"about":[{"href":"https:\/\/garrafeiragrandeescolha.pt\/de\/wp-json\/wp\/v2\/types\/product"}],"wp:featuredmedia":[{"embeddable":true,"href":"https:\/\/garrafeiragrandeescolha.pt\/de\/wp-json\/wp\/v2\/media\/9468"}],"wp:attachment":[{"href":"https:\/\/garrafeiragrandeescolha.pt\/de\/wp-json\/wp\/v2\/media?parent=14742"}],"wp:term":[{"taxonomy":"product_brand","embeddable":true,"href":"https:\/\/garrafeiragrandeescolha.pt\/de\/wp-json\/wp\/v2\/product_brand?post=14742"},{"taxonomy":"product_cat","embeddable":true,"href":"https:\/\/garrafeiragrandeescolha.pt\/de\/wp-json\/wp\/v2\/product_cat?post=14742"},{"taxonomy":"product_tag","embeddable":true,"href":"https:\/\/garrafeiragrandeescolha.pt\/de\/wp-json\/wp\/v2\/product_tag?post=14742"}],"curies":[{"name":"wp","href":"https:\/\/api.w.org\/{rel}","templated":true}]}}