{"id":14746,"date":"2021-12-02T11:23:31","date_gmt":"2021-12-02T11:23:31","guid":{"rendered":"http:\/\/garrafeiragrandeescolha.pt\/?post_type=product&#038;p=14746"},"modified":"2024-02-17T12:37:33","modified_gmt":"2024-02-17T12:37:33","slug":"vendaval-reserva-branco-75cl","status":"publish","type":"product","link":"https:\/\/garrafeiragrandeescolha.pt\/de\/produkt\/vendaval-reserva-branco-75cl\/","title":{"rendered":"Vendaval Reserva Branco 2020 75cl"},"content":{"rendered":"<p><img fetchpriority=\"high\" decoding=\"async\" class=\"size-medium wp-image-18668 aligncenter\" src=\"http:\/\/garrafeiragrandeescolha.pt\/wp-content\/uploads\/2024\/02\/Vendaval-300x171.png\" alt=\"\" width=\"300\" height=\"171\" srcset=\"https:\/\/garrafeiragrandeescolha.pt\/wp-content\/uploads\/2024\/02\/Vendaval-300x171.png 300w, https:\/\/garrafeiragrandeescolha.pt\/wp-content\/uploads\/2024\/02\/Vendaval-768x437.png 768w, https:\/\/garrafeiragrandeescolha.pt\/wp-content\/uploads\/2024\/02\/Vendaval-18x10.png 18w, https:\/\/garrafeiragrandeescolha.pt\/wp-content\/uploads\/2024\/02\/Vendaval-600x342.png 600w, https:\/\/garrafeiragrandeescolha.pt\/wp-content\/uploads\/2024\/02\/Vendaval.png 1024w\" sizes=\"(max-width: 300px) 100vw, 300px\" \/><\/p>\n<p>______A HIST\u00d3RIA DOS NOSSOS VINHOS COME\u00c7A, QUANDO OS NOSSOS PAIS, COM UMA GRANDE PAIX\u00c3O POR ESTA REGI\u00c3O DO DOURO, COME\u00c7AM A PRODUZIR VINHO COM UVAS PROVENIENTES DAS TERRAS. NO ANO DE 2010, COM A AQUISI\u00c7\u00c3O DA QUINTA DO CASTELO DO MOIRINHO, QUINTA SITUADA NUMA ZONA MUITO VENTOSA NA MARGEM DIREITA DO RIO DOURO MAS COM UMA PRODU\u00c7\u00c3O DE UVAS DE ALTA QUALIDADE, SURGINDO ENT\u00c3O A IDEIA DE PRODUZIR UM VINHO, DIFERENTE\u2026 O VENDAVAL .<br \/>\n__________<br \/>\nEM 2020 DECIDIMOS COLOCAR EM PR\u00c1TICA O NOSSO PROJETO PRODUZINDO O PRIMEIRO VENDAVAL, O COLHEITA TINTO, QUE NUM CONT\u00cdNUO AUMENTO DE QUALIDADE TEM TIDO O RECONHECIMENTO COMPROVADO COM DIVERSOS PR\u00c9MIOS DESDE ENT\u00c3O.<\/p>","protected":false},"excerpt":{"rendered":"<p>______A HIST\u00d3RIA DOS NOSSOS VINHOS COME\u00c7A, QUANDO OS NOSSOS PAIS, COM UMA GRANDE PAIX\u00c3O POR ESTA REGI\u00c3O DO DOURO, COME\u00c7AM A PRODUZIR VINHO COM UVAS PROVENIENTES DAS TERRAS. NO ANO DE 2010, COM A AQUISI\u00c7\u00c3O DA QUINTA DO CASTELO DO MOIRINHO, QUINTA SITUADA NUMA ZONA MUITO VENTOSA NA MARGEM DIREITA DO RIO DOURO MAS COM [&hellip;]<\/p>","protected":false},"featured_media":18669,"template":"","meta":{"_exactmetrics_skip_tracking":false,"_exactmetrics_sitenote_active":false,"_exactmetrics_sitenote_note":"","_exactmetrics_sitenote_category":0,"_uf_show_specific_survey":0,"_uf_disable_surveys":false,"iawp_total_views":53},"product_brand":[],"product_cat":[157,185,188],"product_tag":[],"class_list":{"0":"post-14746","1":"product","2":"type-product","3":"status-publish","4":"has-post-thumbnail","6":"product_cat-vinhos","7":"product_cat-branco","8":"product_cat-douro-branco","10":"first","11":"instock","12":"shipping-taxable","13":"purchasable","14":"product-type-simple"},"_links":{"self":[{"href":"https:\/\/garrafeiragrandeescolha.pt\/de\/wp-json\/wp\/v2\/product\/14746","targetHints":{"allow":["GET"]}}],"collection":[{"href":"https:\/\/garrafeiragrandeescolha.pt\/de\/wp-json\/wp\/v2\/product"}],"about":[{"href":"https:\/\/garrafeiragrandeescolha.pt\/de\/wp-json\/wp\/v2\/types\/product"}],"wp:featuredmedia":[{"embeddable":true,"href":"https:\/\/garrafeiragrandeescolha.pt\/de\/wp-json\/wp\/v2\/media\/18669"}],"wp:attachment":[{"href":"https:\/\/garrafeiragrandeescolha.pt\/de\/wp-json\/wp\/v2\/media?parent=14746"}],"wp:term":[{"taxonomy":"product_brand","embeddable":true,"href":"https:\/\/garrafeiragrandeescolha.pt\/de\/wp-json\/wp\/v2\/product_brand?post=14746"},{"taxonomy":"product_cat","embeddable":true,"href":"https:\/\/garrafeiragrandeescolha.pt\/de\/wp-json\/wp\/v2\/product_cat?post=14746"},{"taxonomy":"product_tag","embeddable":true,"href":"https:\/\/garrafeiragrandeescolha.pt\/de\/wp-json\/wp\/v2\/product_tag?post=14746"}],"curies":[{"name":"wp","href":"https:\/\/api.w.org\/{rel}","templated":true}]}}