{"id":14756,"date":"2021-12-11T10:58:29","date_gmt":"2021-12-11T10:58:29","guid":{"rendered":"http:\/\/garrafeiragrandeescolha.pt\/?post_type=product&#038;p=14756"},"modified":"2025-04-15T14:47:21","modified_gmt":"2025-04-15T14:47:21","slug":"fragulho-tinto-75cl","status":"publish","type":"product","link":"https:\/\/garrafeiragrandeescolha.pt\/de\/produkt\/fragulho-tinto-75cl\/","title":{"rendered":"Fragulho Tinto 2022 75cl"},"content":{"rendered":"<div id=\"comp-kqi4yavj3\" class=\"_1Q9if\" data-testid=\"richTextElement\">\n<p><img decoding=\"async\" class=\"size-medium wp-image-15253 aligncenter\" src=\"http:\/\/garrafeiragrandeescolha.pt\/wp-content\/uploads\/2022\/02\/fragulho-logo-300x71.png\" alt=\"\" width=\"300\" height=\"71\" srcset=\"https:\/\/garrafeiragrandeescolha.pt\/wp-content\/uploads\/2022\/02\/fragulho-logo-300x71.png 300w, https:\/\/garrafeiragrandeescolha.pt\/wp-content\/uploads\/2022\/02\/fragulho-logo.png 348w\" sizes=\"(max-width: 300px) 100vw, 300px\" \/><\/p>\n<p class=\"font_6\"><span class=\"color_19\">RA\u00cdZES QUE CONTAM HIST\u00d3RIAS &#8230;<\/span><\/p>\n<\/div>\n<div id=\"comp-kqi4yavj4\" class=\"_1Q9if\" data-testid=\"richTextElement\">\n<p class=\"font_9\"><span class=\"color_15\">A Casa dos Lagares caracteriza-se por uma empresa familiar que h\u00e1 v\u00e1rias gera\u00e7\u00f5es est\u00e1 ligada ao vinho e \u00e0 vinha. Esteve sempre situada em Cheires, na Regi\u00e3o do Douro, onde tudo representa um forte determinismo hist\u00f3rico e cultural.<\/span><\/p>\n<p class=\"font_9\"><span class=\"color_15\">Aqui foi fundado, no s\u00e9c. XVII, um morgadio, sendo edificada uma casa (com um torre\u00e3o, ainda existente), uma capela (datada de 1659) e outras constru\u00e7\u00f5es que fundam uma explora\u00e7\u00e3o agr\u00edcola e ter\u00e3o dado origem \u00e0 atual povoa\u00e7\u00e3o de Cheires. \u00c9 o ponto de partida nesta hist\u00f3ria.<\/span><\/p>\n<p class=\"font_9\"><span class=\"color_15\">Inicialmente a produ\u00e7\u00e3o de frutas, cereais e horticultura foram a principal fun\u00e7\u00e3o da quinta, com o objectivo de abastecer outras unidades produtivas, que, situando-se mais pr\u00f3ximas do rio Douro, come\u00e7aram ent\u00e3o a especializar-se na produ\u00e7\u00e3o de vinho, necessitando de bens alimentares para suportar o crescimento da m\u00e3o-de-obra utilizada.<\/span><\/p>\n<\/div>","protected":false},"excerpt":{"rendered":"<p>CASTAS: Touriga Nacional, Tinta Roriz e Touriga Franca<\/p>\n<p>Vermelho rubi. Equilibrado, taninoso e amadeirado, com longo fim de boca.<\/p>\n<p>Acompanha bem pratos de aves, carnes vermelhas e t\u00e1bua de queijos.<\/p>","protected":false},"featured_media":9531,"template":"","meta":{"_exactmetrics_skip_tracking":false,"_exactmetrics_sitenote_active":false,"_exactmetrics_sitenote_note":"","_exactmetrics_sitenote_category":0,"_uf_show_specific_survey":0,"_uf_disable_surveys":false,"iawp_total_views":172},"product_brand":[],"product_cat":[157,184,215],"product_tag":[],"class_list":{"0":"post-14756","1":"product","2":"type-product","3":"status-publish","4":"has-post-thumbnail","6":"product_cat-vinhos","7":"product_cat-tinto","8":"product_cat-douro","10":"first","11":"instock","12":"shipping-taxable","13":"purchasable","14":"product-type-simple"},"_links":{"self":[{"href":"https:\/\/garrafeiragrandeescolha.pt\/de\/wp-json\/wp\/v2\/product\/14756","targetHints":{"allow":["GET"]}}],"collection":[{"href":"https:\/\/garrafeiragrandeescolha.pt\/de\/wp-json\/wp\/v2\/product"}],"about":[{"href":"https:\/\/garrafeiragrandeescolha.pt\/de\/wp-json\/wp\/v2\/types\/product"}],"wp:featuredmedia":[{"embeddable":true,"href":"https:\/\/garrafeiragrandeescolha.pt\/de\/wp-json\/wp\/v2\/media\/9531"}],"wp:attachment":[{"href":"https:\/\/garrafeiragrandeescolha.pt\/de\/wp-json\/wp\/v2\/media?parent=14756"}],"wp:term":[{"taxonomy":"product_brand","embeddable":true,"href":"https:\/\/garrafeiragrandeescolha.pt\/de\/wp-json\/wp\/v2\/product_brand?post=14756"},{"taxonomy":"product_cat","embeddable":true,"href":"https:\/\/garrafeiragrandeescolha.pt\/de\/wp-json\/wp\/v2\/product_cat?post=14756"},{"taxonomy":"product_tag","embeddable":true,"href":"https:\/\/garrafeiragrandeescolha.pt\/de\/wp-json\/wp\/v2\/product_tag?post=14756"}],"curies":[{"name":"wp","href":"https:\/\/api.w.org\/{rel}","templated":true}]}}