{"id":14758,"date":"2021-12-28T13:05:55","date_gmt":"2021-12-28T13:05:55","guid":{"rendered":"http:\/\/garrafeiragrandeescolha.pt\/?post_type=product&#038;p=14758"},"modified":"2026-01-24T11:22:24","modified_gmt":"2026-01-24T11:22:24","slug":"alvaro-castro-reserva-tinto-75cl","status":"publish","type":"product","link":"https:\/\/garrafeiragrandeescolha.pt\/de\/produkt\/alvaro-castro-reserva-tinto-75cl\/","title":{"rendered":"\u00c1lvaro Castro Reserva Tinto 2015 75cl"},"content":{"rendered":"<p align=\"justify\">\u00c1lvaro de Castro \u00e9 Eng.\u00ba civil e herdou esta propriedade em 1980, dedicando-se exclusivamente a ela, restabeleceu a tradi\u00e7\u00e3o familiar na produ\u00e7\u00e3o de vinho, quebrada h\u00e1 duas gera\u00e7\u00f5es.<\/p>\n<p align=\"justify\">Levando a peito as suas refer\u00eancias de juventude e recordando os vinhos produzidos pelo Eng.\u00ba Vilhena do centro de estudos de Nelas. O seu primeiro vinho aparece ent\u00e3o com a vindima de 1989.<\/p>\n<p align=\"justify\">Desde essa altura at\u00e9 hoje tem sido apoiado na enologia pelo Eng\u00ba. Magalh\u00e3es Coelho e mais recentemente pela sua filha Eng.\u00aa Maria Castro e tamb\u00e9m pelo Eng.\u00ba Ata\u00edde Semedo.<\/p>\n<p align=\"justify\">As vinhas com idades entre os 3 e 65 anos, est\u00e3o instaladas a uma altitude m\u00e9dia de 550 m. A \u00e1rea total perfaz 60 ha, onde est\u00e3o plantadas, em solo de base gran\u00edtica com linhas de areia e argila, as castas t\u00edpicas da regi\u00e3o: Encruzado, Cercial, Touriga Nacional, Tinta Roriz, Jaen, Alfrocheiro, Baga e uma Vinha Velha com mais de 30 castas diferentes.<\/p>","protected":false},"excerpt":{"rendered":"<p>\u00c1lvaro de Castro \u00e9 Eng.\u00ba civil e herdou esta propriedade em 1980, dedicando-se exclusivamente a ela, restabeleceu a tradi\u00e7\u00e3o familiar na produ\u00e7\u00e3o de vinho, quebrada h\u00e1 duas gera\u00e7\u00f5es. Levando a peito as suas refer\u00eancias de juventude e recordando os vinhos produzidos pelo Eng.\u00ba Vilhena do centro de estudos de Nelas. O seu primeiro vinho aparece [&hellip;]<\/p>","protected":false},"featured_media":11036,"template":"","meta":{"_exactmetrics_skip_tracking":false,"_exactmetrics_sitenote_active":false,"_exactmetrics_sitenote_note":"","_exactmetrics_sitenote_category":0,"_uf_show_specific_survey":0,"_uf_disable_surveys":false,"iawp_total_views":14},"product_brand":[],"product_cat":[157,184,187],"product_tag":[],"class_list":{"0":"post-14758","1":"product","2":"type-product","3":"status-publish","4":"has-post-thumbnail","6":"product_cat-vinhos","7":"product_cat-tinto","8":"product_cat-dao-tinto","10":"first","11":"instock","12":"shipping-taxable","13":"purchasable","14":"product-type-simple"},"_links":{"self":[{"href":"https:\/\/garrafeiragrandeescolha.pt\/de\/wp-json\/wp\/v2\/product\/14758","targetHints":{"allow":["GET"]}}],"collection":[{"href":"https:\/\/garrafeiragrandeescolha.pt\/de\/wp-json\/wp\/v2\/product"}],"about":[{"href":"https:\/\/garrafeiragrandeescolha.pt\/de\/wp-json\/wp\/v2\/types\/product"}],"wp:featuredmedia":[{"embeddable":true,"href":"https:\/\/garrafeiragrandeescolha.pt\/de\/wp-json\/wp\/v2\/media\/11036"}],"wp:attachment":[{"href":"https:\/\/garrafeiragrandeescolha.pt\/de\/wp-json\/wp\/v2\/media?parent=14758"}],"wp:term":[{"taxonomy":"product_brand","embeddable":true,"href":"https:\/\/garrafeiragrandeescolha.pt\/de\/wp-json\/wp\/v2\/product_brand?post=14758"},{"taxonomy":"product_cat","embeddable":true,"href":"https:\/\/garrafeiragrandeescolha.pt\/de\/wp-json\/wp\/v2\/product_cat?post=14758"},{"taxonomy":"product_tag","embeddable":true,"href":"https:\/\/garrafeiragrandeescolha.pt\/de\/wp-json\/wp\/v2\/product_tag?post=14758"}],"curies":[{"name":"wp","href":"https:\/\/api.w.org\/{rel}","templated":true}]}}