{"id":15893,"date":"2022-04-12T15:59:59","date_gmt":"2022-04-12T15:59:59","guid":{"rendered":"https:\/\/garrafeiragrandeescolha.pt\/?post_type=product&#038;p=15893"},"modified":"2025-09-05T09:43:24","modified_gmt":"2025-09-05T09:43:24","slug":"tapada-do-chaves-reserva-tinto-2015-75cl","status":"publish","type":"product","link":"https:\/\/garrafeiragrandeescolha.pt\/de\/produkt\/tapada-do-chaves-reserva-tinto-2015-75cl\/","title":{"rendered":"Tapada do Chaves Reserva Tinto 2017 75cl"},"content":{"rendered":"<p><img decoding=\"async\" class=\"size-full wp-image-15895 aligncenter\" src=\"http:\/\/garrafeiragrandeescolha.pt\/wp-content\/uploads\/2022\/04\/logo-tapada-chaves.png\" alt=\"\" width=\"270\" height=\"108\" srcset=\"https:\/\/garrafeiragrandeescolha.pt\/wp-content\/uploads\/2022\/04\/logo-tapada-chaves.png 270w, https:\/\/garrafeiragrandeescolha.pt\/wp-content\/uploads\/2022\/04\/logo-tapada-chaves-18x7.png 18w\" sizes=\"(max-width: 270px) 100vw, 270px\" \/><\/p>\n<div class=\"vc_row wpb_row section vc_row-fluid vc_inner font-roboto\">\n<div class=\"full_section_inner clearfix\">\n<div class=\"wpb_column vc_column_container vc_col-sm-12\">\n<div class=\"vc_column-inner\">\n<div class=\"wpb_wrapper\">\n<div class=\"vc_text_separator wpb_content_element full separator_align_center separator-custom\">Localizada em Frangoneiro, nos arredores de Portalegre, em terras do Alto Alentejo, encontra-se a Tapada do Chaves, uma propriedade que d\u00e1 origem a vinhos de qualidade reconhecida h\u00e1 quase 100 anos.<\/div>\n<\/div>\n<\/div>\n<\/div>\n<\/div>\n<\/div>\n<div class=\"vc_row wpb_row section vc_row-fluid vc_inner grid_section\">\n<div class=\"section_inner clearfix\">\n<div class=\"section_inner_margin clearfix\">\n<div class=\"wpb_column vc_column_container vc_col-sm-6\">\n<div class=\"vc_column-inner\">\n<div class=\"wpb_wrapper\">\n<div class=\"wpb_text_column wpb_content_element\">\n<div class=\"wpb_wrapper\">\n<p>Com 60 hectares de terra e 32 de patrim\u00f3nio vit\u00edcola, 23 dos quais de castas de uva tinta e nove hectares de castas de uva branca, a Tapada do Chaves localiza-se numa zona fortemente influenciada pela orografia (Serra de S\u00e3o Mamede) e pela cobertura agroflorestal que lhe confere um microclima espec\u00edfico e decisivo para a qualidade e tipicidade dos vinhos a\u00ed produzidos.<br \/>\nS\u00e3o raras as propriedades vitivin\u00edcolas alentejanas que acumulam mais de um s\u00e9culo de exist\u00eancia. A Tapada do Chaves \u00e9, por isso, um caso \u00fanico no panorama alentejano. Trata-se de um lugar particular, singular pelo seu patrim\u00f3nio, pela sua orografia. Localizada sobre um maci\u00e7o de granito e com uma altitude generosa que permite a matura\u00e7\u00e3o lenta e plena das uvas, o que se reflete em aromas muito puros nos vinhos e numa frescura singular nos tintos e brancos.<\/p>\n<\/div>\n<\/div>\n<\/div>\n<\/div>\n<\/div>\n<div class=\"wpb_column vc_column_container vc_col-sm-6\">\n<div class=\"vc_column-inner\">\n<div class=\"wpb_wrapper\">\n<div class=\"wpb_text_column wpb_content_element\">\n<div class=\"wpb_wrapper\">\n<p>A sua hist\u00f3ria remonta ao in\u00edcio do s\u00e9culo XX quando, no Frangoneiro, o senhor Chaves, plantou na sua pequena propriedade (Tapada) as primeiras vinhas, iniciando uma rela\u00e7\u00e3o de paix\u00e3o e de dedica\u00e7\u00e3o \u00e0 terra.<br \/>\nNa Tapada do Chaves encontram-se duas das mais velhas parcelas de vinha do Alentejo, em produ\u00e7\u00e3o, com registo nos passados anos de 1901(vinha velha tinta) e 1903 (vinha velha branca).<br \/>\nLogo desde o in\u00edcio da sua hist\u00f3ria, o Tapada do Chaves foi distinguido por um invej\u00e1vel palmar\u00e9s de pr\u00e9mios e distin\u00e7\u00f5es que ainda hoje se pode observar nas diferentes salas que comp\u00f5em a adega hist\u00f3rica desta propriedade.<br \/>\nTer um Tapada do Chaves na mesa ou na cave passou rapidamente a significar ter o melhor que o Alentejo podia dar. Destes vinhos afamados glorificava-se a boa frescura sem preju\u00edzo de um corpo generoso e aveludado. A longevidade destes vinhos sobretudo dos tintos, \u00e9 tamb\u00e9m uma das suas gl\u00f3rias.<\/p>\n<\/div>\n<\/div>\n<\/div>\n<\/div>\n<\/div>\n<\/div>\n<\/div>\n<\/div>","protected":false},"excerpt":{"rendered":"<p>Resulta da sele\u00e7\u00e3o das castas Aragonez, Trincadeira e Alicante Bouschet, das vinhas, \u00a0Vinha das Malhadas, Vinha das Moutas e Vinha Velha (1901), plantadas entre os 350 e 400 metros de altitude. Cor granada concentrada, aroma intenso e cheio, dominam os frutos silvestres e a fruta preta, com suaves notas fumadas. Na boca apresenta grande estrutura, com taninos robustos, volume e acidez firme. A fruta intensa surge lado a lado com notas de especiarias e suaves bals\u00e2micos. Final muito complexo, com fruta e muita eleg\u00e2ncia que persistem.<\/p>","protected":false},"featured_media":15894,"template":"","meta":{"_exactmetrics_skip_tracking":false,"_exactmetrics_sitenote_active":false,"_exactmetrics_sitenote_note":"","_exactmetrics_sitenote_category":0,"_uf_show_specific_survey":0,"_uf_disable_surveys":false,"iawp_total_views":84},"product_brand":[],"product_cat":[207,184,157],"product_tag":[],"class_list":{"0":"post-15893","1":"product","2":"type-product","3":"status-publish","4":"has-post-thumbnail","6":"product_cat-alentejo","7":"product_cat-tinto","8":"product_cat-vinhos","10":"first","11":"instock","12":"shipping-taxable","13":"purchasable","14":"product-type-simple"},"_links":{"self":[{"href":"https:\/\/garrafeiragrandeescolha.pt\/de\/wp-json\/wp\/v2\/product\/15893","targetHints":{"allow":["GET"]}}],"collection":[{"href":"https:\/\/garrafeiragrandeescolha.pt\/de\/wp-json\/wp\/v2\/product"}],"about":[{"href":"https:\/\/garrafeiragrandeescolha.pt\/de\/wp-json\/wp\/v2\/types\/product"}],"wp:featuredmedia":[{"embeddable":true,"href":"https:\/\/garrafeiragrandeescolha.pt\/de\/wp-json\/wp\/v2\/media\/15894"}],"wp:attachment":[{"href":"https:\/\/garrafeiragrandeescolha.pt\/de\/wp-json\/wp\/v2\/media?parent=15893"}],"wp:term":[{"taxonomy":"product_brand","embeddable":true,"href":"https:\/\/garrafeiragrandeescolha.pt\/de\/wp-json\/wp\/v2\/product_brand?post=15893"},{"taxonomy":"product_cat","embeddable":true,"href":"https:\/\/garrafeiragrandeescolha.pt\/de\/wp-json\/wp\/v2\/product_cat?post=15893"},{"taxonomy":"product_tag","embeddable":true,"href":"https:\/\/garrafeiragrandeescolha.pt\/de\/wp-json\/wp\/v2\/product_tag?post=15893"}],"curies":[{"name":"wp","href":"https:\/\/api.w.org\/{rel}","templated":true}]}}