{"id":16320,"date":"2022-07-30T11:00:11","date_gmt":"2022-07-30T11:00:11","guid":{"rendered":"https:\/\/garrafeiragrandeescolha.pt\/?post_type=product&#038;p=16320"},"modified":"2025-10-27T09:44:33","modified_gmt":"2025-10-27T09:44:33","slug":"monte-do-desespero-reserva-branco-75cl","status":"publish","type":"product","link":"https:\/\/garrafeiragrandeescolha.pt\/de\/produkt\/monte-do-desespero-reserva-branco-75cl\/","title":{"rendered":"Monte do Desespero Reserve Wei\u00df 75cl"},"content":{"rendered":"<p><img fetchpriority=\"high\" decoding=\"async\" class=\"size-medium wp-image-15367 aligncenter\" src=\"http:\/\/garrafeiragrandeescolha.pt\/wp-content\/uploads\/2022\/02\/montedasserras-logo-300x194.png\" alt=\"\" width=\"300\" height=\"194\" srcset=\"https:\/\/garrafeiragrandeescolha.pt\/wp-content\/uploads\/2022\/02\/montedasserras-logo-300x194.png 300w, https:\/\/garrafeiragrandeescolha.pt\/wp-content\/uploads\/2022\/02\/montedasserras-logo-600x389.png 600w, https:\/\/garrafeiragrandeescolha.pt\/wp-content\/uploads\/2022\/02\/montedasserras-logo.png 616w\" sizes=\"(max-width: 300px) 100vw, 300px\" \/><\/p>\n<p>Mit 31,3 Hektar ist die Farm auf Schiefer-, Sklaven- und Hartland weiterhin fruchtbar. Fr\u00fcher eine Regenfeldkultur, erleben wir hier ein trockenes Klima mit geringen Niederschl\u00e4gen, in dem der Einfluss hei\u00dfer Winde im Hochsommer kleine Strudel zwischen den Weinbergen entstehen l\u00e4sst, die an eine hei\u00dfe, fast afrikanische Umgebung erinnern.<br \/>\nDas Anwesen ist von einem Weidegebiet umgeben und beherbergt mehrere Tierarten, die in v\u00f6lliger Harmonie zusammenleben. Bei genauem Hinsehen k\u00f6nnen Sie beim Besuch unseres Hofes eine gro\u00dfe Vielfalt an Pflanzen, aber auch Tieren entdecken. Die Produktion von Steineichen, Korkeichen und Kiefern, die aus einheimischen Pflanzen wie Zistrose, Rosmarin und Pfennigkraut stammen, sowie das Leben von Tieren wie Hasen, Rebh\u00fchnern, Wildschweinen, F\u00fcchsen und sogar Reihern und Libellen verleihen diesem Bauernhof ein besonderes Flair eine einzigartige und faszinierende Artenvielfalt.<br \/>\nDar\u00fcber hinaus genie\u00dft das Anwesen aufgrund der geringen Bev\u00f6lkerungsdichte und des Fehlens \u00f6ffentlicher Lichter nachts einen majest\u00e4tischen Nachthimmel, \u00fcbers\u00e4t mit Sternen und Galaxien, die mit blo\u00dfem Auge sichtbar sind.<\/p>","protected":false},"excerpt":{"rendered":"<p>Castas: Ant\u00e3o Vaz, Arinto, Verdelho.<\/p>\n<p>Cor palha com nuances esverdeadas. Aroma complexo e subtil com notas tostadas. Harmonioso e guloso com acidez muito bem integrada, estruturado e com final longo a proporcionar sensa\u00e7\u00f5es \u00fanicas.<\/p>\n<p>Acompanha na perfei\u00e7\u00e3o peixe grelhado, marisco e carnes brancas.<\/p>","protected":false},"featured_media":16326,"template":"","meta":{"_exactmetrics_skip_tracking":false,"_exactmetrics_sitenote_active":false,"_exactmetrics_sitenote_note":"","_exactmetrics_sitenote_category":0,"_uf_show_specific_survey":0,"_uf_disable_surveys":false,"iawp_total_views":162},"product_brand":[],"product_cat":[157,185,189],"product_tag":[],"class_list":{"0":"post-16320","1":"product","2":"type-product","3":"status-publish","4":"has-post-thumbnail","6":"product_cat-vinhos","7":"product_cat-branco","8":"product_cat-alentejo-branco","10":"first","11":"outofstock","12":"shipping-taxable","13":"purchasable","14":"product-type-simple"},"_links":{"self":[{"href":"https:\/\/garrafeiragrandeescolha.pt\/de\/wp-json\/wp\/v2\/product\/16320","targetHints":{"allow":["GET"]}}],"collection":[{"href":"https:\/\/garrafeiragrandeescolha.pt\/de\/wp-json\/wp\/v2\/product"}],"about":[{"href":"https:\/\/garrafeiragrandeescolha.pt\/de\/wp-json\/wp\/v2\/types\/product"}],"wp:featuredmedia":[{"embeddable":true,"href":"https:\/\/garrafeiragrandeescolha.pt\/de\/wp-json\/wp\/v2\/media\/16326"}],"wp:attachment":[{"href":"https:\/\/garrafeiragrandeescolha.pt\/de\/wp-json\/wp\/v2\/media?parent=16320"}],"wp:term":[{"taxonomy":"product_brand","embeddable":true,"href":"https:\/\/garrafeiragrandeescolha.pt\/de\/wp-json\/wp\/v2\/product_brand?post=16320"},{"taxonomy":"product_cat","embeddable":true,"href":"https:\/\/garrafeiragrandeescolha.pt\/de\/wp-json\/wp\/v2\/product_cat?post=16320"},{"taxonomy":"product_tag","embeddable":true,"href":"https:\/\/garrafeiragrandeescolha.pt\/de\/wp-json\/wp\/v2\/product_tag?post=16320"}],"curies":[{"name":"wp","href":"https:\/\/api.w.org\/{rel}","templated":true}]}}