{"id":16528,"date":"2022-10-19T08:23:17","date_gmt":"2022-10-19T08:23:17","guid":{"rendered":"https:\/\/garrafeiragrandeescolha.pt\/?post_type=product&#038;p=16528"},"modified":"2025-11-07T10:30:10","modified_gmt":"2025-11-07T10:30:10","slug":"quinta-de-lemos-dona-santana-red-2006-75cl","status":"publish","type":"product","link":"https:\/\/garrafeiragrandeescolha.pt\/de\/produkt\/quinta-de-lemos-dona-santana-red-2006-75cl\/","title":{"rendered":"Quinta de Lemos Dona Santana Tinto 2005 75cl"},"content":{"rendered":"<p><img decoding=\"async\" class=\"size-full wp-image-16530 aligncenter\" src=\"http:\/\/garrafeiragrandeescolha.pt\/wp-content\/uploads\/2022\/10\/lemos-logo.png\" alt=\"\" width=\"218\" height=\"39\" srcset=\"https:\/\/garrafeiragrandeescolha.pt\/wp-content\/uploads\/2022\/10\/lemos-logo.png 218w, https:\/\/garrafeiragrandeescolha.pt\/wp-content\/uploads\/2022\/10\/lemos-logo-18x3.png 18w\" sizes=\"(max-width: 218px) 100vw, 218px\" \/><\/p>\n<p>Zu Ehren von D\u00e3o kreieren wir exklusive Weine, hergestellt aus einheimischen Rebsorten der Region.<\/p>\n<p>Das auf der Quinta implementierte Agrarsystem ist ein integriertes Schutzprogramm, das Eingriffe mit Pflanzenschutzmitteln auf ein Minimum reduziert und so gro\u00dfen Respekt f\u00fcr die Umwelt zeigt. Die Weinberge werden nicht bew\u00e4ssert, wodurch der Weinberg dem Klima ausgeliefert ist, was den j\u00e4hrlichen Charakter jedes Weins hervorhebt.<\/p>\n<p>Jeder Schritt bei der Bewirtschaftung des Weinbergs spiegelt die Liebe zum Endprodukt wider. Die Produktion ist begrenzt, damit jede Sorte die Eigenschaften der von ihr erzeugten Trauben so gut wie m\u00f6glich zum Ausdruck bringen kann, wodurch die Eigenschaften jeder Sorte verst\u00e4rkt werden, was zu einer j\u00e4hrlichen Produktion von 100.000 Flaschen Wein h\u00f6chster Qualit\u00e4t f\u00fchrt.<\/p>\n<p>Quinta de Lemos ist seit seiner Gr\u00fcndung ausgezeichnet, doch erst 2013 erhielt es eine der bedeutendsten Auszeichnungen weltweit: die Goldmedaille, die portugiesische Rote Troph\u00e4e und die D\u00e3o-Troph\u00e4e f\u00fcr den Wein Dona Georgina 2005 bei der International Wine Challenge (IWC). ), einer der prestigetr\u00e4chtigsten internationalen Wettbewerbe, der j\u00e4hrlich im Vereinigten K\u00f6nigreich stattfindet.<\/p>\n<p>Beim IWC wird der Sonderpreis \u201eJames Rogers Trophy 2013\u201c f\u00fcr den besten Wein im ersten Produktionsjahr verliehen und aus diesem Grund zu einem der f\u00fcnf besten Weine der Welt gek\u00fcrt.<\/p>\n<p>Robert Parker, ein weltbekannter Weinkritiker, bewertete alle Jahrg\u00e4nge 2011 und 2012 mit 90 oder mehr Punkten.<\/p>","protected":false},"excerpt":{"rendered":"<p>Trauben: Touriga Nacional, Tinta Roriz<\/p>\n<p>Konzentriertes Aroma mit sehr intensivem Blumengeschmack. Gute Struktur, ausgewogen mit gut definierten Tanninen. Gute gastronomische Begabung.<\/p>","protected":false},"featured_media":16529,"template":"","meta":{"_exactmetrics_skip_tracking":false,"_exactmetrics_sitenote_active":false,"_exactmetrics_sitenote_note":"","_exactmetrics_sitenote_category":0,"_uf_show_specific_survey":0,"_uf_disable_surveys":false,"iawp_total_views":28},"product_brand":[],"product_cat":[157,184,187],"product_tag":[],"class_list":{"0":"post-16528","1":"product","2":"type-product","3":"status-publish","4":"has-post-thumbnail","6":"product_cat-vinhos","7":"product_cat-tinto","8":"product_cat-dao-tinto","10":"first","11":"instock","12":"shipping-taxable","13":"purchasable","14":"product-type-simple"},"_links":{"self":[{"href":"https:\/\/garrafeiragrandeescolha.pt\/de\/wp-json\/wp\/v2\/product\/16528","targetHints":{"allow":["GET"]}}],"collection":[{"href":"https:\/\/garrafeiragrandeescolha.pt\/de\/wp-json\/wp\/v2\/product"}],"about":[{"href":"https:\/\/garrafeiragrandeescolha.pt\/de\/wp-json\/wp\/v2\/types\/product"}],"wp:featuredmedia":[{"embeddable":true,"href":"https:\/\/garrafeiragrandeescolha.pt\/de\/wp-json\/wp\/v2\/media\/16529"}],"wp:attachment":[{"href":"https:\/\/garrafeiragrandeescolha.pt\/de\/wp-json\/wp\/v2\/media?parent=16528"}],"wp:term":[{"taxonomy":"product_brand","embeddable":true,"href":"https:\/\/garrafeiragrandeescolha.pt\/de\/wp-json\/wp\/v2\/product_brand?post=16528"},{"taxonomy":"product_cat","embeddable":true,"href":"https:\/\/garrafeiragrandeescolha.pt\/de\/wp-json\/wp\/v2\/product_cat?post=16528"},{"taxonomy":"product_tag","embeddable":true,"href":"https:\/\/garrafeiragrandeescolha.pt\/de\/wp-json\/wp\/v2\/product_tag?post=16528"}],"curies":[{"name":"wp","href":"https:\/\/api.w.org\/{rel}","templated":true}]}}