{"id":16671,"date":"2022-11-04T08:57:38","date_gmt":"2022-11-04T08:57:38","guid":{"rendered":"https:\/\/garrafeiragrandeescolha.pt\/?post_type=product&#038;p=16671"},"modified":"2025-11-06T15:38:26","modified_gmt":"2025-11-06T15:38:26","slug":"verbotener-grande-reserva-rot-2020-75cl","status":"publish","type":"product","link":"https:\/\/garrafeiragrandeescolha.pt\/de\/produkt\/verbotener-grande-reserva-rot-2020-75cl\/","title":{"rendered":"Proibido Grande Reserva Red 2020 75cl"},"content":{"rendered":"<p><img decoding=\"async\" class=\"size-medium wp-image-16673 aligncenter\" src=\"http:\/\/garrafeiragrandeescolha.pt\/wp-content\/uploads\/2022\/11\/marcio-lopes-winemaker-300x91.png\" alt=\"\" width=\"300\" height=\"91\" srcset=\"https:\/\/garrafeiragrandeescolha.pt\/wp-content\/uploads\/2022\/11\/marcio-lopes-winemaker-300x91.png 300w, https:\/\/garrafeiragrandeescolha.pt\/wp-content\/uploads\/2022\/11\/marcio-lopes-winemaker-18x5.png 18w, https:\/\/garrafeiragrandeescolha.pt\/wp-content\/uploads\/2022\/11\/marcio-lopes-winemaker.png 495w\" sizes=\"(max-width: 300px) 100vw, 300px\" \/><\/p>\n<p>M\u00e1rcio Lopes wurde 1983 in Porto geboren und hatte durch seine Gro\u00dfeltern schon in jungen Jahren Kontakt zum Landleben und der Landwirtschaft. 2006 schloss er sein Studium der Agrartechnik an der Universit\u00e4t Porto ab. W\u00e4hrend seiner Studienzeit begann er mit dem Winzer Anselmo Mendes in Melga\u00e7o zusammenzuarbeiten, wo er zum ersten Mal die Rebsorte Alvarinho erntete. Vom Norden Portugals aus reiste er 2008 nach Australien, wo er zwei Ernten einbrachte \u2013 Rutherglen und Tasmanien.<\/p>\n<p><strong>2010<\/strong>\u00a0\u2013 Der Grundstein f\u00fcr das Projekt \u201eM\u00e1rcio Lopes Winemaker\u201c wird mit seinen ersten beiden Marken gelegt: PEQUENOS REBENTOS in der Region Vinhos Verdes und PROIBIDO in der Region Douro Superior.<\/p>\n<p><strong>2015<\/strong>\u00a0\u2013 Quinta do Pombal in Vila Nova de Foz C\u00f4a wird erworben.<\/p>\n<p><strong>2017<\/strong>\u00a0\u2013 Schaffung des ersten Versuchsfeldes in Quinta do Pombal mit dem Namen \u201eVinha da Sofia\u201c zur Wiederherstellung einheimischer Rebsorten.<\/p>\n<p><strong>2017<\/strong>\u00a0\u2013 Startet sein erstes Projekt au\u00dferhalb Portugals \u2013 TELEGRAFO in Ribeira Sacra, Spanien.<\/p>\n<p><strong>2019\u00a0<\/strong>\u2013 Er\u00f6ffnung des ersten eigenen Weinkellers, in dem die Marke \u201ePEQUENOS REBENTOS\u201c hergestellt wird.<\/p>\n<p><strong>2019<\/strong>\u00a0\u2013 Schaffung des zweiten Experimentierfeldes in Quinta do Pombal mit dem Namen \u201eVinha da Lu\u00edsa\u201c.<\/p>\n<p><strong>2020<\/strong>\u00a0\u2013 Er wurde von \u201eRevista de Vinhos \u2013 A Ess\u00eancia dos Vinhos\u201c zum \u201eBreakthrough Winemaker of the Year 2019\u201c gew\u00e4hlt.<\/p>\n<p><strong>2020<\/strong>\u00a0\u2013 Erh\u00e4lt den \u201e2019 Uniqueness Award\u201c der Zeitschrift \u201eVinho \u2013 Grandes Escolhas\u201c.<\/p>\n<p><strong>2020<\/strong>\u00a0\u2013 Erw\u00e4hnung in den \u201eTop 100 Weinentdeckungen 2020 \u2013 Robert Parker\u201c.<\/p>\n<p><strong>2022<\/strong>\u00a0\u2013 Erh\u00e4lt die Auszeichnung \u201eTradition und Identit\u00e4t\u201c der Zeitschrift \u201ePaix\u00e3o Pelo Vinho\u201c.<\/p>","protected":false},"excerpt":{"rendered":"<p>Trauben: 100% Vinhas Velhas (unter anderem DonzelinhoT., T. Francisca, Alvarelh\u00e3o, Sous\u00e3o)<\/p>\n<p>Der Proibido-Wein stammt von Vinhas Velhas, die zwischen 40 und 80 Jahre alt sind und aus Vila Nova de Foz C\u00f4a stammen. Kleine, nach Norden oder Osten ausgerichtete Grundst\u00fccke zwischen 250 und 500 m H\u00f6he. Alle Arbeiten werden praktisch von Hand ausgef\u00fchrt, ohne den Einsatz von Herbiziden oder Pestiziden. Bei Bedarf bearbeiten wir das Land mit Hilfe eines Arbeitspferdes. Deshalb respektieren wir das, was der Weinberg uns schenkt, und versuchen, die Umwandlung der Trauben in Wein so nat\u00fcrlich wie m\u00f6glich zu gestalten.<br \/>\nWas die Kritiker sagen:<br \/>\n96 Punkte (0-100)_Wine Advocate_Robert Parker<br \/>\n18,5 Punkte (0-20)_Revista de Vinhos<br \/>\n18,5 Punkte (0-20)_Revista Paix\u00e3o Pelo Vinho<\/p>","protected":false},"featured_media":16672,"template":"","meta":{"_exactmetrics_skip_tracking":false,"_exactmetrics_sitenote_active":false,"_exactmetrics_sitenote_note":"","_exactmetrics_sitenote_category":0,"_uf_show_specific_survey":0,"_uf_disable_surveys":false,"iawp_total_views":70},"product_brand":[],"product_cat":[157,201,184,215],"product_tag":[],"class_list":{"0":"post-16671","1":"product","2":"type-product","3":"status-publish","4":"has-post-thumbnail","6":"product_cat-vinhos","7":"product_cat-grandes-vinhos","8":"product_cat-tinto","9":"product_cat-douro","11":"first","12":"outofstock","13":"shipping-taxable","14":"purchasable","15":"product-type-simple"},"_links":{"self":[{"href":"https:\/\/garrafeiragrandeescolha.pt\/de\/wp-json\/wp\/v2\/product\/16671","targetHints":{"allow":["GET"]}}],"collection":[{"href":"https:\/\/garrafeiragrandeescolha.pt\/de\/wp-json\/wp\/v2\/product"}],"about":[{"href":"https:\/\/garrafeiragrandeescolha.pt\/de\/wp-json\/wp\/v2\/types\/product"}],"wp:featuredmedia":[{"embeddable":true,"href":"https:\/\/garrafeiragrandeescolha.pt\/de\/wp-json\/wp\/v2\/media\/16672"}],"wp:attachment":[{"href":"https:\/\/garrafeiragrandeescolha.pt\/de\/wp-json\/wp\/v2\/media?parent=16671"}],"wp:term":[{"taxonomy":"product_brand","embeddable":true,"href":"https:\/\/garrafeiragrandeescolha.pt\/de\/wp-json\/wp\/v2\/product_brand?post=16671"},{"taxonomy":"product_cat","embeddable":true,"href":"https:\/\/garrafeiragrandeescolha.pt\/de\/wp-json\/wp\/v2\/product_cat?post=16671"},{"taxonomy":"product_tag","embeddable":true,"href":"https:\/\/garrafeiragrandeescolha.pt\/de\/wp-json\/wp\/v2\/product_tag?post=16671"}],"curies":[{"name":"wp","href":"https:\/\/api.w.org\/{rel}","templated":true}]}}