{"id":16679,"date":"2022-11-04T12:54:43","date_gmt":"2022-11-04T12:54:43","guid":{"rendered":"https:\/\/garrafeiragrandeescolha.pt\/?post_type=product&#038;p=16679"},"modified":"2024-11-03T18:34:59","modified_gmt":"2024-11-03T18:34:59","slug":"porto-messias-quinta-do-cachao-jahrgang-1989-75cl","status":"publish","type":"product","link":"https:\/\/garrafeiragrandeescolha.pt\/de\/produkt\/porto-messias-quinta-do-cachao-jahrgang-1989-75cl\/","title":{"rendered":"Porto Messias Quinta do Cach\u00e3o Vintage 1989 75cl"},"content":{"rendered":"<p><img fetchpriority=\"high\" decoding=\"async\" class=\"size-medium wp-image-15339 aligncenter\" src=\"http:\/\/garrafeiragrandeescolha.pt\/wp-content\/uploads\/2022\/02\/messias-logo-300x170.jpg\" alt=\"\" width=\"300\" height=\"170\" srcset=\"https:\/\/garrafeiragrandeescolha.pt\/wp-content\/uploads\/2022\/02\/messias-logo-300x170.jpg 300w, https:\/\/garrafeiragrandeescolha.pt\/wp-content\/uploads\/2022\/02\/messias-logo.jpg 550w\" sizes=\"(max-width: 300px) 100vw, 300px\" \/><\/p>\n<div class=\"wpb_row vc_row vc_row-fluid mk-fullwidth-true attched-false js-master-row mk-in-viewport\">\n<div class=\"vc_col-sm-8 wpb_column column_container _ height-full\">\n<div class=\"vc_custom_1504090811872\">\n<div id=\"text-block-3\" class=\"mk-text-block\">\n<p>Quinta do Cach\u00e3o liegt am Ufer des Flusses Douro, in Cima Corgo, der unwirtlichsten, \u00e4ltesten, tiefsten und sch\u00f6nsten Region, der der Fluss seinen Namen verleiht. Dieser Weinberg wurde 1845 zum ersten Mal von Bar\u00e3o do Seixo gepflanzt , das sp\u00e4ter von der Familie Afonso Cabral erworben wurde, die es wiederum 1956 an die Familie Messias verkaufte. Um seine Produktion zu steigern, erwarb Messias 1958 ein angrenzendes Anwesen, Quinta do Rei, das damals Gonzalez Byass geh\u00f6rte.<\/p>\n<\/div>\n<\/div>\n<\/div>\n<\/div>\n<div class=\"wpb_row vc_row vc_row-fluid mk-fullwidth-true attched-false js-master-row mk-in-viewport\">\n<div class=\"vc_col-sm-8 wpb_column column_container _ height-full\">\n<div class=\"vc_custom_1504090837382\">\n<div id=\"text-block-4\" class=\"mk-text-block\">\n<p><strong>TERROIR<\/strong><\/p>\n<p>Die Quinta erstreckt sich \u00fcber die H\u00e4nge eines H\u00fcgels, auf dessen Spitze sich eine kleine, der Heiligen B\u00e1rbara gewidmete Kapelle befindet, und umfasst derzeit 200 Hektar, von denen die H\u00e4lfte mit Weinbergen bewirtschaftet ist, die mit dem Buchstaben A, der h\u00f6chsten Kategorie auf der Douro-Skala, klassifiziert sind. Die angebauten Rebsorten sind von Natur aus traditionell in der Region und erm\u00f6glichen die Herstellung von Portwein und Wein mit der Herkunftsbezeichnung Douro. Die dominierenden Rebsorten sind Touriga Franca und Tinta Roriz, gefolgt von den Sorten Touriga Nacional, Tinta Barroca und Tinto C\u00e3o.<\/p>\n<\/div>\n<\/div>\n<\/div>\n<\/div>","protected":false},"excerpt":{"rendered":"<p><span style=\"color: #339966;\">Mit individueller Holzbox<\/span><\/p>\n<p>Wein mit entwickelten Aromen von Reduktion, charakteristisch f\u00fcr seine Reifung in der Flasche. Er pr\u00e4sentiert auch Noten von Waldfruchtmarmelade und im Mund das Vorhandensein von runden Tanninen mit anhaltender Verl\u00e4ngerung.<\/p>","protected":false},"featured_media":16680,"template":"","meta":{"_exactmetrics_skip_tracking":false,"_exactmetrics_sitenote_active":false,"_exactmetrics_sitenote_note":"","_exactmetrics_sitenote_category":0,"_uf_show_specific_survey":0,"_uf_disable_surveys":false,"iawp_total_views":19},"product_brand":[],"product_cat":[159,162,168],"product_tag":[],"class_list":{"0":"post-16679","1":"product","2":"type-product","3":"status-publish","4":"has-post-thumbnail","6":"product_cat-portos","7":"product_cat-raridades","8":"product_cat-vintage","10":"first","11":"instock","12":"shipping-taxable","13":"purchasable","14":"product-type-simple"},"_links":{"self":[{"href":"https:\/\/garrafeiragrandeescolha.pt\/de\/wp-json\/wp\/v2\/product\/16679","targetHints":{"allow":["GET"]}}],"collection":[{"href":"https:\/\/garrafeiragrandeescolha.pt\/de\/wp-json\/wp\/v2\/product"}],"about":[{"href":"https:\/\/garrafeiragrandeescolha.pt\/de\/wp-json\/wp\/v2\/types\/product"}],"wp:featuredmedia":[{"embeddable":true,"href":"https:\/\/garrafeiragrandeescolha.pt\/de\/wp-json\/wp\/v2\/media\/16680"}],"wp:attachment":[{"href":"https:\/\/garrafeiragrandeescolha.pt\/de\/wp-json\/wp\/v2\/media?parent=16679"}],"wp:term":[{"taxonomy":"product_brand","embeddable":true,"href":"https:\/\/garrafeiragrandeescolha.pt\/de\/wp-json\/wp\/v2\/product_brand?post=16679"},{"taxonomy":"product_cat","embeddable":true,"href":"https:\/\/garrafeiragrandeescolha.pt\/de\/wp-json\/wp\/v2\/product_cat?post=16679"},{"taxonomy":"product_tag","embeddable":true,"href":"https:\/\/garrafeiragrandeescolha.pt\/de\/wp-json\/wp\/v2\/product_tag?post=16679"}],"curies":[{"name":"wp","href":"https:\/\/api.w.org\/{rel}","templated":true}]}}