{"id":16687,"date":"2022-11-05T12:17:14","date_gmt":"2022-11-05T12:17:14","guid":{"rendered":"https:\/\/garrafeiragrandeescolha.pt\/?post_type=product&#038;p=16687"},"modified":"2024-09-19T17:47:27","modified_gmt":"2024-09-19T17:47:27","slug":"porto-real-winery-pride-portugal-tawny-aged-75cl","status":"publish","type":"product","link":"https:\/\/garrafeiragrandeescolha.pt\/de\/produkt\/porto-real-winery-pride-portugal-tawny-aged-75cl\/","title":{"rendered":"Porto Real Vin\u00edcola Orgulho Portugal Tawny Avelhado 75cl"},"content":{"rendered":"<p>Die 1889 gegr\u00fcndete Real Companhia Vin\u00edcola do Norte de Portugal, im Volksmund \u201eReal Vin\u00edcola\u201c genannt, sorgte zum Zeitpunkt ihrer Gr\u00fcndung f\u00fcr enorme Verwirrung zwischen den beiden k\u00f6niglichen Unternehmen, der neuen und der alten Real Companhia dos Vinhos tun Porto. Und durch die Stimme des Volkes und den kommerziellen Slang beginnt die 1756 gegr\u00fcndete Pombalina Real Companhia als \u201eReal Companhia Velha\u201c bekannt zu werden und diese Bezeichnung als Handelsmarke zu verwenden.<\/p>\n<p>Das jahrhundertealte Real Vin\u00edcola, das unter der Schirmherrschaft des Marqu\u00eas de Pombal gegr\u00fcndet wurde, entwickelte sich im Laufe der Jahre zu einem reinen Patrimonialunternehmen und wurde von der renommierten Fladgate Partnership \u00fcbernommen, dem Eigent\u00fcmer gro\u00dfer Portweinmarken wie Taylor&#039;s.<\/p>","protected":false},"excerpt":{"rendered":"<p>Fundada em 1889 a Real Companhia Vin\u00edcola do Norte de Portugal, conhecida na g\u00edria do povo como a \u201cReal Vin\u00edcola\u201d gera, aquando da sua cria\u00e7\u00e3o, uma enorme confus\u00e3o entre as duas Companhias Reais, a nova e a Velha Real Companhia dos Vinhos do Porto. E \u00e9 atrav\u00e9s da voz do povo e da g\u00edria comercial [&hellip;]<\/p>","protected":false},"featured_media":16688,"template":"","meta":{"_exactmetrics_skip_tracking":false,"_exactmetrics_sitenote_active":false,"_exactmetrics_sitenote_note":"","_exactmetrics_sitenote_category":0,"_uf_show_specific_survey":0,"_uf_disable_surveys":false,"iawp_total_views":72},"product_brand":[],"product_cat":[159,162,173],"product_tag":[],"class_list":{"0":"post-16687","1":"product","2":"type-product","3":"status-publish","4":"has-post-thumbnail","6":"product_cat-portos","7":"product_cat-raridades","8":"product_cat-tawny-ruby","10":"first","11":"instock","12":"shipping-taxable","13":"purchasable","14":"product-type-simple"},"_links":{"self":[{"href":"https:\/\/garrafeiragrandeescolha.pt\/de\/wp-json\/wp\/v2\/product\/16687","targetHints":{"allow":["GET"]}}],"collection":[{"href":"https:\/\/garrafeiragrandeescolha.pt\/de\/wp-json\/wp\/v2\/product"}],"about":[{"href":"https:\/\/garrafeiragrandeescolha.pt\/de\/wp-json\/wp\/v2\/types\/product"}],"wp:featuredmedia":[{"embeddable":true,"href":"https:\/\/garrafeiragrandeescolha.pt\/de\/wp-json\/wp\/v2\/media\/16688"}],"wp:attachment":[{"href":"https:\/\/garrafeiragrandeescolha.pt\/de\/wp-json\/wp\/v2\/media?parent=16687"}],"wp:term":[{"taxonomy":"product_brand","embeddable":true,"href":"https:\/\/garrafeiragrandeescolha.pt\/de\/wp-json\/wp\/v2\/product_brand?post=16687"},{"taxonomy":"product_cat","embeddable":true,"href":"https:\/\/garrafeiragrandeescolha.pt\/de\/wp-json\/wp\/v2\/product_cat?post=16687"},{"taxonomy":"product_tag","embeddable":true,"href":"https:\/\/garrafeiragrandeescolha.pt\/de\/wp-json\/wp\/v2\/product_tag?post=16687"}],"curies":[{"name":"wp","href":"https:\/\/api.w.org\/{rel}","templated":true}]}}