{"id":16876,"date":"2022-11-28T18:13:00","date_gmt":"2022-11-28T18:13:00","guid":{"rendered":"https:\/\/garrafeiragrandeescolha.pt\/?post_type=product&#038;p=16876"},"modified":"2023-11-13T10:28:44","modified_gmt":"2023-11-13T10:28:44","slug":"natus-tinto-2020-75cl","status":"publish","type":"product","link":"https:\/\/garrafeiragrandeescolha.pt\/de\/produkt\/natus-tinto-2020-75cl\/","title":{"rendered":"Natus Tinto 2021 75cl"},"content":{"rendered":"<p><img fetchpriority=\"high\" decoding=\"async\" class=\"size-medium wp-image-16879 aligncenter\" src=\"http:\/\/garrafeiragrandeescolha.pt\/wp-content\/uploads\/2022\/11\/NATUS_ICON_VECTORIAL_semitrans-2048x2048-1-300x300.png\" alt=\"\" width=\"300\" height=\"300\" srcset=\"https:\/\/garrafeiragrandeescolha.pt\/wp-content\/uploads\/2022\/11\/NATUS_ICON_VECTORIAL_semitrans-2048x2048-1-300x300.png 300w, https:\/\/garrafeiragrandeescolha.pt\/wp-content\/uploads\/2022\/11\/NATUS_ICON_VECTORIAL_semitrans-2048x2048-1-1024x1024.png 1024w, https:\/\/garrafeiragrandeescolha.pt\/wp-content\/uploads\/2022\/11\/NATUS_ICON_VECTORIAL_semitrans-2048x2048-1-150x150.png 150w, https:\/\/garrafeiragrandeescolha.pt\/wp-content\/uploads\/2022\/11\/NATUS_ICON_VECTORIAL_semitrans-2048x2048-1-768x768.png 768w, https:\/\/garrafeiragrandeescolha.pt\/wp-content\/uploads\/2022\/11\/NATUS_ICON_VECTORIAL_semitrans-2048x2048-1-1536x1536.png 1536w, https:\/\/garrafeiragrandeescolha.pt\/wp-content\/uploads\/2022\/11\/NATUS_ICON_VECTORIAL_semitrans-2048x2048-1.png 2048w, https:\/\/garrafeiragrandeescolha.pt\/wp-content\/uploads\/2022\/11\/NATUS_ICON_VECTORIAL_semitrans-2048x2048-1-12x12.png 12w, https:\/\/garrafeiragrandeescolha.pt\/wp-content\/uploads\/2022\/11\/NATUS_ICON_VECTORIAL_semitrans-2048x2048-1-600x600.png 600w, https:\/\/garrafeiragrandeescolha.pt\/wp-content\/uploads\/2022\/11\/NATUS_ICON_VECTORIAL_semitrans-2048x2048-1-100x100.png 100w\" sizes=\"(max-width: 300px) 100vw, 300px\" \/><\/p>\n<div class=\"elementor-column elementor-col-50 elementor-inner-column elementor-element elementor-element-11726b19\" data-id=\"11726b19\" data-element_type=\"column\">\n<div class=\"elementor-widget-wrap elementor-element-populated\">\n<div class=\"elementor-element elementor-element-2c59f522 elementor-widget elementor-widget-text-editor\" data-id=\"2c59f522\" data-element_type=\"widget\" data-widget_type=\"text-editor.default\">\n<div class=\"elementor-widget-container\">\n<p>Um regresso a um passado. Um regresso ao Alentejo dos vinhos de cor aberta, com maior frescura e eleg\u00e2ncia. Uma paix\u00e3o muito pr\u00f3pria, uma vontade imensa de ser feliz a fazer vinho. O amor e a dedica\u00e7\u00e3o \u00e0 vinha marcam o in\u00edcio do projeto.<\/p>\n<\/div>\n<\/div>\n<\/div>\n<\/div>\n<div class=\"elementor-column elementor-col-50 elementor-inner-column elementor-element elementor-element-b40ed74\" data-id=\"b40ed74\" data-element_type=\"column\">\n<div class=\"elementor-widget-wrap elementor-element-populated\">\n<div class=\"elementor-element elementor-element-4748ab76 elementor-widget elementor-widget-text-editor\" data-id=\"4748ab76\" data-element_type=\"widget\" data-widget_type=\"text-editor.default\">\n<div class=\"elementor-widget-container\">\n<p>Na vinha seguem-se t\u00e9cnicas antigas, destinadas a preservar a ess\u00eancia do lugar. Todo o processo de produ\u00e7\u00e3o \u00e9 realizado dentro do modo de produ\u00e7\u00e3o org\u00e2nica e biol\u00f3gica.<\/p>\n<\/div>\n<\/div>\n<\/div>\n<\/div>","protected":false},"excerpt":{"rendered":"<p>No cora\u00e7\u00e3o da Vidigueira, no sop\u00e9 Sul da Serra do Mendro, em solos xistosos de textura Franco Arenosa e Franco Limosa, est\u00e3o plantadas as vinhas n\u00e3o armadas, que deram origem ao Natus 2020 Tinto.<\/p>\n<p>As castas tradicionais, maioritariamente Trincadeira e Castel\u00e3o, colhidas \u00e0 m\u00e3o, foram pisadas a p\u00e9 durante 2 dias. Ao arranque espont\u00e2neo da fermenta\u00e7\u00e3o, as uvas foram prensadas e o mosto mantido em Talhas de barro n\u00e3o revestido do S\u00e9c. XIX, at\u00e9 fim da fermenta\u00e7\u00e3o alco\u00f3lica.<\/p>\n<p>O est\u00e1gio de 12 meses, foi feito em pipas centen\u00e1rias de Carvalho e Castanho Portugu\u00eas.<\/p>\n<p>Aberto de cor, \u00e9 complexo no aroma. Frutas vermelhas em harmonia com apontamentos vegetais e bals\u00e2micos, traduzem em boca acidez viva e precisa, de textura delicada e elegante.<\/p>\n<p>Engarrafadas 740 garrafas 750ml e 98 garrafas 1500ml na propriedade familiar, em Novembro 2021.<\/p>","protected":false},"featured_media":16880,"template":"","meta":{"_exactmetrics_skip_tracking":false,"_exactmetrics_sitenote_active":false,"_exactmetrics_sitenote_note":"","_exactmetrics_sitenote_category":0,"_uf_show_specific_survey":0,"_uf_disable_surveys":false,"iawp_total_views":16},"product_brand":[],"product_cat":[207,184,157],"product_tag":[],"class_list":{"0":"post-16876","1":"product","2":"type-product","3":"status-publish","4":"has-post-thumbnail","6":"product_cat-alentejo","7":"product_cat-tinto","8":"product_cat-vinhos","10":"first","11":"instock","12":"shipping-taxable","13":"purchasable","14":"product-type-simple"},"_links":{"self":[{"href":"https:\/\/garrafeiragrandeescolha.pt\/de\/wp-json\/wp\/v2\/product\/16876","targetHints":{"allow":["GET"]}}],"collection":[{"href":"https:\/\/garrafeiragrandeescolha.pt\/de\/wp-json\/wp\/v2\/product"}],"about":[{"href":"https:\/\/garrafeiragrandeescolha.pt\/de\/wp-json\/wp\/v2\/types\/product"}],"wp:featuredmedia":[{"embeddable":true,"href":"https:\/\/garrafeiragrandeescolha.pt\/de\/wp-json\/wp\/v2\/media\/16880"}],"wp:attachment":[{"href":"https:\/\/garrafeiragrandeescolha.pt\/de\/wp-json\/wp\/v2\/media?parent=16876"}],"wp:term":[{"taxonomy":"product_brand","embeddable":true,"href":"https:\/\/garrafeiragrandeescolha.pt\/de\/wp-json\/wp\/v2\/product_brand?post=16876"},{"taxonomy":"product_cat","embeddable":true,"href":"https:\/\/garrafeiragrandeescolha.pt\/de\/wp-json\/wp\/v2\/product_cat?post=16876"},{"taxonomy":"product_tag","embeddable":true,"href":"https:\/\/garrafeiragrandeescolha.pt\/de\/wp-json\/wp\/v2\/product_tag?post=16876"}],"curies":[{"name":"wp","href":"https:\/\/api.w.org\/{rel}","templated":true}]}}