{"id":17037,"date":"2023-01-12T18:32:49","date_gmt":"2023-01-12T18:32:49","guid":{"rendered":"https:\/\/garrafeiragrandeescolha.pt\/?post_type=product&#038;p=17037"},"modified":"2025-10-15T14:34:55","modified_gmt":"2025-10-15T14:34:55","slug":"quinta-do-mouro-rot-2016-75cl","status":"publish","type":"product","link":"https:\/\/garrafeiragrandeescolha.pt\/de\/produkt\/quinta-do-mouro-rot-2016-75cl\/","title":{"rendered":"Quinta do Mouro Red 2016 75cl"},"content":{"rendered":"<p><img decoding=\"async\" class=\"size-medium wp-image-15435 aligncenter\" src=\"http:\/\/garrafeiragrandeescolha.pt\/wp-content\/uploads\/2022\/02\/Quinta-Mouro-Logo-300x144.png\" alt=\"\" width=\"300\" height=\"144\" srcset=\"https:\/\/garrafeiragrandeescolha.pt\/wp-content\/uploads\/2022\/02\/Quinta-Mouro-Logo-300x144.png 300w, https:\/\/garrafeiragrandeescolha.pt\/wp-content\/uploads\/2022\/02\/Quinta-Mouro-Logo.png 350w\" sizes=\"(max-width: 300px) 100vw, 300px\" \/><\/p>\n<p>Quinta do Mouro liegt vor den Toren der Stadt Estremoz und geh\u00f6rte jahrhundertelang der Familie Zagalos, einer der reichsten der Stadt. Dieser urspr\u00fcngliche \u201eBauernhof\u201c im Alentejo, wo die weitl\u00e4ufigen L\u00e4ndereien dominieren, verf\u00fcgt \u00fcber ein palastartiges Haus aus dem 19. Jahrhundert. XVIII, bezaubernde G\u00e4rten, Lauben und Tanks aus dem 18. Jahrhundert. Im Jahr 1979, im Alter von nur 26 Jahren, bestimmte das Gl\u00fcck das Schicksal von Miguel Louro an einem Pokertisch unter Freunden, als er vor dem Dilemma stand, einen Porsche oder eine Quinta do Mouro zu kaufen. Die ersten Hektar Weinberge wurden 1989 nach einem gescheiterten Einstieg in die Viehwirtschaft gepflanzt und heute ist das Unternehmen einer der bekanntesten Weinproduzenten der Region.<\/p>\n<p>Quinta do Mouro wurde 2015 von der Zeitschrift Wine zum besten Produzenten im Alentejo gew\u00e4hlt. Im selben Jahr erkl\u00e4rte der Kritiker Mark Squires in The Wine Advocate: \u201eAlle Verkostungen, die ich im Alentejo gemacht habe, haben mich nur zu einer Schlussfolgerung gef\u00fchrt.\u201c Quinta do Mouro ist der beste Produzent der Region. Es ist unm\u00f6glich, es zu ignorieren\u00bb<\/p>\n<p><em>\u00ab \u201eAls ich 1978 hier vorbeikam, besichtigte ich diesen Bauernhof, der zum Verkauf stand. Das ist mir aufgefallen, die Idee, aber ich war damals 25 Jahre alt und musste das Geld aufbringen, um es zu kaufen ...<\/em><em>\u00a0Ich setzte mich f\u00fcr ein paar Stunden an einen Pokertisch und hoffte, dass das Gl\u00fcck mir die M\u00f6glichkeit geben w\u00fcrde. Und genau das ist passiert\u2018. (\u2026)\u00a0<\/em><em>Sie gaben die Spielkredite, um die Farm zu kaufen und Arbeiten durchzuf\u00fchren \u2026\u00a0<\/em><em>Als meine Freunde verloren haben, sagten sie: \u201eOkay, hier geht er und repariert noch mehr vom Dach.\u201c \u00bb<\/em><\/p>","protected":false},"excerpt":{"rendered":"<p><strong>Sorten:<\/strong> Aragonez, Alicante Bouschet, Touriga Nacional, Cabernet Sauvignon<\/p>\n<p><strong>Testergebnisse:<\/strong>\u00a0Es ist ein farbintensiver Wein von gro\u00dfer aromatischer Komplexit\u00e4t. Im Mund ist er vollmundig, mit guter Struktur, ausgezeichneter Balance aus sehr reinen Fr\u00fcchten und eher pflanzlichen Noten und vor allem viel Frische, die im Alentejo schwer zu finden ist.<\/p>","protected":false},"featured_media":6930,"template":"","meta":{"_exactmetrics_skip_tracking":false,"_exactmetrics_sitenote_active":false,"_exactmetrics_sitenote_note":"","_exactmetrics_sitenote_category":0,"_uf_show_specific_survey":0,"_uf_disable_surveys":false,"iawp_total_views":44},"product_brand":[],"product_cat":[157,184,207],"product_tag":[],"class_list":{"0":"post-17037","1":"product","2":"type-product","3":"status-publish","4":"has-post-thumbnail","6":"product_cat-vinhos","7":"product_cat-tinto","8":"product_cat-alentejo","10":"first","11":"instock","12":"shipping-taxable","13":"purchasable","14":"product-type-simple"},"_links":{"self":[{"href":"https:\/\/garrafeiragrandeescolha.pt\/de\/wp-json\/wp\/v2\/product\/17037","targetHints":{"allow":["GET"]}}],"collection":[{"href":"https:\/\/garrafeiragrandeescolha.pt\/de\/wp-json\/wp\/v2\/product"}],"about":[{"href":"https:\/\/garrafeiragrandeescolha.pt\/de\/wp-json\/wp\/v2\/types\/product"}],"wp:featuredmedia":[{"embeddable":true,"href":"https:\/\/garrafeiragrandeescolha.pt\/de\/wp-json\/wp\/v2\/media\/6930"}],"wp:attachment":[{"href":"https:\/\/garrafeiragrandeescolha.pt\/de\/wp-json\/wp\/v2\/media?parent=17037"}],"wp:term":[{"taxonomy":"product_brand","embeddable":true,"href":"https:\/\/garrafeiragrandeescolha.pt\/de\/wp-json\/wp\/v2\/product_brand?post=17037"},{"taxonomy":"product_cat","embeddable":true,"href":"https:\/\/garrafeiragrandeescolha.pt\/de\/wp-json\/wp\/v2\/product_cat?post=17037"},{"taxonomy":"product_tag","embeddable":true,"href":"https:\/\/garrafeiragrandeescolha.pt\/de\/wp-json\/wp\/v2\/product_tag?post=17037"}],"curies":[{"name":"wp","href":"https:\/\/api.w.org\/{rel}","templated":true}]}}