{"id":17059,"date":"2023-01-14T12:09:35","date_gmt":"2023-01-14T12:09:35","guid":{"rendered":"https:\/\/garrafeiragrandeescolha.pt\/?post_type=product&#038;p=17059"},"modified":"2024-04-15T14:12:30","modified_gmt":"2024-04-15T14:12:30","slug":"quinta-do-paral-vinhas-velhas-tinto-75cl","status":"publish","type":"product","link":"https:\/\/garrafeiragrandeescolha.pt\/de\/produkt\/quinta-do-paral-vinhas-velhas-tinto-75cl\/","title":{"rendered":"Quinta do Paral Vinhas Velhas Tinto 2019 75cl"},"content":{"rendered":"<p><img decoding=\"async\" class=\"wp-image-17047 aligncenter\" src=\"http:\/\/garrafeiragrandeescolha.pt\/wp-content\/uploads\/2023\/01\/paral-logo-300x300.png\" alt=\"\" width=\"215\" height=\"215\" srcset=\"https:\/\/garrafeiragrandeescolha.pt\/wp-content\/uploads\/2023\/01\/paral-logo-300x300.png 300w, https:\/\/garrafeiragrandeescolha.pt\/wp-content\/uploads\/2023\/01\/paral-logo-150x150.png 150w, https:\/\/garrafeiragrandeescolha.pt\/wp-content\/uploads\/2023\/01\/paral-logo-12x12.png 12w, https:\/\/garrafeiragrandeescolha.pt\/wp-content\/uploads\/2023\/01\/paral-logo-100x100.png 100w, https:\/\/garrafeiragrandeescolha.pt\/wp-content\/uploads\/2023\/01\/paral-logo.png 600w\" sizes=\"(max-width: 215px) 100vw, 215px\" \/><\/p>\n<div class=\"elementor-element elementor-element-f375660 elementor-widget elementor-widget-text-editor animated fadeInUp\" data-id=\"f375660\" data-element_type=\"widget\" data-settings=\"{&quot;_animation&quot;:&quot;fadeInUp&quot;,&quot;_animation_delay&quot;:600}\" data-widget_type=\"text-editor.default\">\n<div class=\"elementor-widget-container\">\n<p>Quinta do Paral setzt seine Geschichte fort, als der Gesch\u00e4ftsmann Dieter Morszeck 2017 85 Hektar Land im Alentejo erwarb.<\/p>\n<\/div>\n<\/div>\n<div class=\"elementor-element elementor-element-9c3ccb9 elementor-widget elementor-widget-text-editor animated fadeInUp\" data-id=\"9c3ccb9\" data-element_type=\"widget\" data-settings=\"{&quot;_animation&quot;:&quot;fadeInUp&quot;,&quot;_animation_delay&quot;:900}\" data-widget_type=\"text-editor.default\">\n<div class=\"elementor-widget-container\">\n<p>Bei der Neugestaltung in Zusammenarbeit mit dem Winzer Lu\u00eds Morgado Le\u00e3o liegt der Schwerpunkt der Farm auf \u00f6kologischer Nachhaltigkeit und Respekt f\u00fcr die Kultur und Tradition des Alentejo.<\/p>\n<p>Die Erhaltung der Weinkultur von Alentejo und Vidigueira ist der Antrieb des Projekts Quinta do Paral.<\/p>\n<p>Hier entstehen einzigartige Weine und hervorragende Oliven\u00f6le. Genie\u00dfen Sie die Traditionen des Alentejo in einem erstklassigen Restaurant und entspannen Sie sich in einem charmanten Hotel mit 21 Zimmern.<\/p>\n<p>Quinta do Paral ist ein Familienunternehmen, das der Welt mit jeder produzierten Flasche die Weinbautradition und die Seele der Region zur\u00fcckgibt.<\/p>\n<\/div>\n<\/div>","protected":false},"excerpt":{"rendered":"<p>Castas: Aragonez (50%), Tinta Grossa (50%)<\/p>\n<p>Depois da sele\u00e7\u00e3o manual dos cachos inteiros, as uvas desenga\u00e7adas fermentaram em lagar com pisa mec\u00e2nica, a uma temperatura controlada 24-28\u00ba durante 15 dias. O vinho estagiou durante 18 meses em barricas de carvalho franc\u00eas.<\/p>\n<p>NOTAS PROVA Vinho complexo com aromas de frutos do bosque aliados \u00e0s notas de especiarias. Na boca, a particular eleg\u00e2ncia e equil\u00edbrio dos taninos aveludados conferem uma complexidade e frescura, que s\u00f3 um vinho com um enorme potencial de envelhecimento pode ter.<\/p>","protected":false},"featured_media":17060,"template":"","meta":{"_exactmetrics_skip_tracking":false,"_exactmetrics_sitenote_active":false,"_exactmetrics_sitenote_note":"","_exactmetrics_sitenote_category":0,"_uf_show_specific_survey":0,"_uf_disable_surveys":false,"iawp_total_views":85},"product_brand":[],"product_cat":[157,184,207],"product_tag":[],"class_list":{"0":"post-17059","1":"product","2":"type-product","3":"status-publish","4":"has-post-thumbnail","6":"product_cat-vinhos","7":"product_cat-tinto","8":"product_cat-alentejo","10":"first","11":"instock","12":"shipping-taxable","13":"purchasable","14":"product-type-simple"},"_links":{"self":[{"href":"https:\/\/garrafeiragrandeescolha.pt\/de\/wp-json\/wp\/v2\/product\/17059","targetHints":{"allow":["GET"]}}],"collection":[{"href":"https:\/\/garrafeiragrandeescolha.pt\/de\/wp-json\/wp\/v2\/product"}],"about":[{"href":"https:\/\/garrafeiragrandeescolha.pt\/de\/wp-json\/wp\/v2\/types\/product"}],"wp:featuredmedia":[{"embeddable":true,"href":"https:\/\/garrafeiragrandeescolha.pt\/de\/wp-json\/wp\/v2\/media\/17060"}],"wp:attachment":[{"href":"https:\/\/garrafeiragrandeescolha.pt\/de\/wp-json\/wp\/v2\/media?parent=17059"}],"wp:term":[{"taxonomy":"product_brand","embeddable":true,"href":"https:\/\/garrafeiragrandeescolha.pt\/de\/wp-json\/wp\/v2\/product_brand?post=17059"},{"taxonomy":"product_cat","embeddable":true,"href":"https:\/\/garrafeiragrandeescolha.pt\/de\/wp-json\/wp\/v2\/product_cat?post=17059"},{"taxonomy":"product_tag","embeddable":true,"href":"https:\/\/garrafeiragrandeescolha.pt\/de\/wp-json\/wp\/v2\/product_tag?post=17059"}],"curies":[{"name":"wp","href":"https:\/\/api.w.org\/{rel}","templated":true}]}}