{"id":17117,"date":"2023-01-19T09:17:33","date_gmt":"2023-01-19T09:17:33","guid":{"rendered":"https:\/\/garrafeiragrandeescolha.pt\/?post_type=product&#038;p=17117"},"modified":"2023-01-19T12:04:28","modified_gmt":"2023-01-19T12:04:28","slug":"aguardente-velha-conde-de-amarante-xo-70cl","status":"publish","type":"product","link":"https:\/\/garrafeiragrandeescolha.pt\/de\/produkt\/aguardente-velha-conde-de-amarante-xo-70cl\/","title":{"rendered":"Aguardente Velha Conde de Amarante XO 70cl"},"content":{"rendered":"<p><img decoding=\"async\" class=\"size-medium wp-image-17118 aligncenter\" src=\"http:\/\/garrafeiragrandeescolha.pt\/wp-content\/uploads\/2023\/01\/Logo-Caves-da-Cerca-300x120.png\" alt=\"\" width=\"300\" height=\"120\" srcset=\"https:\/\/garrafeiragrandeescolha.pt\/wp-content\/uploads\/2023\/01\/Logo-Caves-da-Cerca-300x120.png 300w, https:\/\/garrafeiragrandeescolha.pt\/wp-content\/uploads\/2023\/01\/Logo-Caves-da-Cerca-1024x410.png 1024w, https:\/\/garrafeiragrandeescolha.pt\/wp-content\/uploads\/2023\/01\/Logo-Caves-da-Cerca-768x308.png 768w, https:\/\/garrafeiragrandeescolha.pt\/wp-content\/uploads\/2023\/01\/Logo-Caves-da-Cerca-1536x616.png 1536w, https:\/\/garrafeiragrandeescolha.pt\/wp-content\/uploads\/2023\/01\/Logo-Caves-da-Cerca-2048x821.png 2048w, https:\/\/garrafeiragrandeescolha.pt\/wp-content\/uploads\/2023\/01\/Logo-Caves-da-Cerca-18x7.png 18w, https:\/\/garrafeiragrandeescolha.pt\/wp-content\/uploads\/2023\/01\/Logo-Caves-da-Cerca-600x240.png 600w\" sizes=\"(max-width: 300px) 100vw, 300px\" \/><\/p>\n<p>\u00c9 nos magn\u00edficos vales do T\u00e2mega e Douro, protegidos pelas serras do Mar\u00e3o e do Alv\u00e3o, que encontramos as vinhas onde s\u00e3o produzidas as uvas que s\u00e3o a base dos nossos Vinhos Verdes.<\/p>\n<p>Neste\u00a0lugar m\u00e1gico, as caracter\u00edsticas dos\u00a0solos, o relevo e o clima criam, na minha opini\u00e3o, o\u00a0terroir\u00a0perfeito para a produ\u00e7\u00e3o de uvas de alta qualidade, que originam vinhos inesquec\u00edveis.<\/p>\n<p>\u00c9 nas melhores quintas desta regi\u00e3o que trabalhamos ano ap\u00f3s ano no aperfei\u00e7oamento das t\u00e9cnicas de cultura da vinha, porque no final de contas, o segredo do vinho que fazemos est\u00e1 nas uvas que utilizamos.<\/p>\n<p>A nossa obsess\u00e3o pela produ\u00e7\u00e3o de vinhos marcantes tirando partido das \u00f3bvias potencialidades da Sub-Regi\u00e3o de Amarante \u00e9 a raz\u00e3o porque n\u00e3o paramos de evoluir como\u00a0winemakers.<\/p>\n<p>Sejamos claros: S\u00e3o de facto vinhos que nunca vai esquecer!<\/p>\n<p>Aproveitamos da melhor forma todo o desenvolvimento tecnol\u00f3gico dispon\u00edvel e as melhores pr\u00e1ticas enol\u00f3gicas, com foco especial nas ferramentas que nos permitam interpretar da forma mais eficaz os aromas, o sabor e personalidade \u00fanica dos vinhos de Amarante.<\/p>\n<p>A dedica\u00e7\u00e3o absoluta na procura das melhores uvas para fazer o melhor vinho, colheita ap\u00f3s colheita, \u00e9 na expectativa de o poder partilhar consigo, com todo o prazer\u2026<\/p>","protected":false},"excerpt":{"rendered":"<p>Seleccionamos vinhos de elevada qualidade da Regi\u00e3o Demarcada dos Vinhos Verdes para ap\u00f3s destila\u00e7\u00e3o dar origem a esta Aguardente Velha \u00edmpar.\u00a0Foi envelhecida nas nossas caves em barricas de carvalho novas e usadas de 500 litros de v\u00e1rias tostas ao longo de d\u00e9cadas, sendo os melhores lotes unidos com mestria num blend \u00fanico de 18 anos de idade.<\/p>\n<p>Criada como forma de homenagem ao Marechal Francisco Silveira, que recebeu o t\u00edtulo de Conde de Amarante das m\u00e3os da Rainha D.\u00a0Maria I de Portugal, como forma de reconhecimento do desempenho no comando das opera\u00e7\u00f5es militares contra as tropas napole\u00f3nicas comandadas por Loison aquando das Invas\u00f5es Francesas. Destacam-se entre estas a defesa da linha do T\u00e2mega e tamb\u00e9m a defesa da Ponte de Amarante.<\/p>\n<p>Aguardente de cor top\u00e1zio intensa. O aroma \u00e9 frutado com notas de c\u00f4co, gr\u00e3os torrados e baunilha. O sabor \u00e9 intenso e complexo com taninos de qualidade bem integrados e boa untuosidade. Final rico, longo e persistente.<\/p>\n<p>A idade m\u00e9dia do lote final \u00e9 de 18 anos.<\/p>\n<p>\u00c1lcool:\u00a039% vol.<\/p>\n<p>Capacidade:\u00a0700 ml<\/p>\n<p>Blend Master:\u00a0Alexandrino dos Anjos<\/p>\n<p>Apresenta\u00e7\u00e3o:\u00a0Edi\u00e7\u00e3o limitada com garrafa numerada em tubo de cart\u00e3o.<\/p>","protected":false},"featured_media":17119,"template":"","meta":{"_exactmetrics_skip_tracking":false,"_exactmetrics_sitenote_active":false,"_exactmetrics_sitenote_note":"","_exactmetrics_sitenote_category":0,"_uf_show_specific_survey":0,"_uf_disable_surveys":false,"iawp_total_views":48},"product_brand":[],"product_cat":[158,180],"product_tag":[],"class_list":{"0":"post-17117","1":"product","2":"type-product","3":"status-publish","4":"has-post-thumbnail","6":"product_cat-espirituosos","7":"product_cat-aguardente","9":"first","10":"instock","11":"shipping-taxable","12":"purchasable","13":"product-type-simple"},"_links":{"self":[{"href":"https:\/\/garrafeiragrandeescolha.pt\/de\/wp-json\/wp\/v2\/product\/17117","targetHints":{"allow":["GET"]}}],"collection":[{"href":"https:\/\/garrafeiragrandeescolha.pt\/de\/wp-json\/wp\/v2\/product"}],"about":[{"href":"https:\/\/garrafeiragrandeescolha.pt\/de\/wp-json\/wp\/v2\/types\/product"}],"wp:featuredmedia":[{"embeddable":true,"href":"https:\/\/garrafeiragrandeescolha.pt\/de\/wp-json\/wp\/v2\/media\/17119"}],"wp:attachment":[{"href":"https:\/\/garrafeiragrandeescolha.pt\/de\/wp-json\/wp\/v2\/media?parent=17117"}],"wp:term":[{"taxonomy":"product_brand","embeddable":true,"href":"https:\/\/garrafeiragrandeescolha.pt\/de\/wp-json\/wp\/v2\/product_brand?post=17117"},{"taxonomy":"product_cat","embeddable":true,"href":"https:\/\/garrafeiragrandeescolha.pt\/de\/wp-json\/wp\/v2\/product_cat?post=17117"},{"taxonomy":"product_tag","embeddable":true,"href":"https:\/\/garrafeiragrandeescolha.pt\/de\/wp-json\/wp\/v2\/product_tag?post=17117"}],"curies":[{"name":"wp","href":"https:\/\/api.w.org\/{rel}","templated":true}]}}