{"id":17130,"date":"2023-01-19T11:54:59","date_gmt":"2023-01-19T11:54:59","guid":{"rendered":"https:\/\/garrafeiragrandeescolha.pt\/?post_type=product&#038;p=17130"},"modified":"2023-01-19T11:57:10","modified_gmt":"2023-01-19T11:57:10","slug":"manolito-tinto-75cl","status":"publish","type":"product","link":"https:\/\/garrafeiragrandeescolha.pt\/de\/produkt\/manolito-tinto-75cl\/","title":{"rendered":"Manolito Tinto 75cl"},"content":{"rendered":"<p><img decoding=\"async\" class=\"size-medium wp-image-17122 aligncenter\" src=\"http:\/\/garrafeiragrandeescolha.pt\/wp-content\/uploads\/2023\/01\/adega-marel-logo-1-300x121.png\" alt=\"\" width=\"300\" height=\"121\" srcset=\"https:\/\/garrafeiragrandeescolha.pt\/wp-content\/uploads\/2023\/01\/adega-marel-logo-1-300x121.png 300w, https:\/\/garrafeiragrandeescolha.pt\/wp-content\/uploads\/2023\/01\/adega-marel-logo-1-18x7.png 18w, https:\/\/garrafeiragrandeescolha.pt\/wp-content\/uploads\/2023\/01\/adega-marel-logo-1.png 339w\" sizes=\"(max-width: 300px) 100vw, 300px\" \/><\/p>\n<p>Die Region Amareleja liegt in Baixo Alentejo am linken Ufer des Guadiana und verf\u00fcgt aufgrund ihrer klimatischen und geomorphologischen Eigenschaften \u00fcber einzigartige Bedingungen, die f\u00fcr den Anbau von Weinbergen und Wein eine besondere Herausforderung darstellen. In diesem Gebiet mit gro\u00dfen Temperaturschwankungen und langen, extrem hei\u00dfen Sommern haben im Laufe der Geschichte mehrere Menschen das landwirtschaftliche Potenzial erkannt \u2013 insbesondere f\u00fcr die Wein- und Olivenproduktion. Es wird angenommen, dass es die Tartessos waren, die als erste mit der Domestizierung der Rebe begannen und anschlie\u00dfend Wein in die Region einf\u00fchrten. Ihnen folgten die Ph\u00f6nizier, die Griechen und erst dann die R\u00f6mer, die die Wein- und Weinkultur im Alentejo verallgemeinerten.<\/p>\n<p>Das Zeichen der antiken Weisheit des R\u00f6mischen Reiches ist bis heute sowohl in der traditionellen Weinbereitungspraxis als auch in der Weinbereitungstechnik in Tont\u00f6pfen\/T\u00f6pfen erhalten.<\/p>","protected":false},"excerpt":{"rendered":"<p>Castas: Moreto e Trincadeira<\/p>\n<p>Visualmente, apresenta-se de cor ruby granada com boa intensidade e reflexos viol\u00e1ceos. O aroma revela conten\u00e7\u00e3o e complexidade de in\u00edcio. Mostra fruta madura, ameixa, cereja e notas herbais. O tempo no copo traz notas terrosas. A boca \u00e9 rica, texturada, com taninos presentes, mas domados pelo barro. Uma acidez viva traz-lhe um equil\u00edbrio e vida fant\u00e1sticos. Termina longo e complexo, saboroso e demorado.<\/p>\n<p>Vinho de contempla\u00e7\u00e3o, pode, antes demais, ser tomado em boa companhia e ter como parceria um queijo curado de ovelha, como o de Nisa, partido em pequenos peda\u00e7os \u00e0 moda da Amareleja. Acompanha bem carnes guisadas, inclusivamente as de ca\u00e7a. Atendendo \u00e0s nossas origens, combina harmoniosamente com uma grelhada de porco preto com migas, sendo tamb\u00e9m um \u00f3ptimo parceiro de queijos e enchidos.<\/p>","protected":false},"featured_media":17131,"template":"","meta":{"_exactmetrics_skip_tracking":false,"_exactmetrics_sitenote_active":false,"_exactmetrics_sitenote_note":"","_exactmetrics_sitenote_category":0,"_uf_show_specific_survey":0,"_uf_disable_surveys":false,"iawp_total_views":12},"product_brand":[],"product_cat":[157,184,207],"product_tag":[],"class_list":{"0":"post-17130","1":"product","2":"type-product","3":"status-publish","4":"has-post-thumbnail","6":"product_cat-vinhos","7":"product_cat-tinto","8":"product_cat-alentejo","10":"first","11":"instock","12":"shipping-taxable","13":"purchasable","14":"product-type-simple"},"_links":{"self":[{"href":"https:\/\/garrafeiragrandeescolha.pt\/de\/wp-json\/wp\/v2\/product\/17130","targetHints":{"allow":["GET"]}}],"collection":[{"href":"https:\/\/garrafeiragrandeescolha.pt\/de\/wp-json\/wp\/v2\/product"}],"about":[{"href":"https:\/\/garrafeiragrandeescolha.pt\/de\/wp-json\/wp\/v2\/types\/product"}],"wp:featuredmedia":[{"embeddable":true,"href":"https:\/\/garrafeiragrandeescolha.pt\/de\/wp-json\/wp\/v2\/media\/17131"}],"wp:attachment":[{"href":"https:\/\/garrafeiragrandeescolha.pt\/de\/wp-json\/wp\/v2\/media?parent=17130"}],"wp:term":[{"taxonomy":"product_brand","embeddable":true,"href":"https:\/\/garrafeiragrandeescolha.pt\/de\/wp-json\/wp\/v2\/product_brand?post=17130"},{"taxonomy":"product_cat","embeddable":true,"href":"https:\/\/garrafeiragrandeescolha.pt\/de\/wp-json\/wp\/v2\/product_cat?post=17130"},{"taxonomy":"product_tag","embeddable":true,"href":"https:\/\/garrafeiragrandeescolha.pt\/de\/wp-json\/wp\/v2\/product_tag?post=17130"}],"curies":[{"name":"wp","href":"https:\/\/api.w.org\/{rel}","templated":true}]}}