{"id":17190,"date":"2023-01-28T11:57:05","date_gmt":"2023-01-28T11:57:05","guid":{"rendered":"https:\/\/garrafeiragrandeescolha.pt\/?post_type=product&#038;p=17190"},"modified":"2026-01-23T16:38:00","modified_gmt":"2026-01-23T16:38:00","slug":"conves-tinto-75cl","status":"publish","type":"product","link":"https:\/\/garrafeiragrandeescolha.pt\/de\/produkt\/conves-tinto-75cl\/","title":{"rendered":"Conv\u00e9s Tinto 2023 75cl"},"content":{"rendered":"<p><img fetchpriority=\"high\" decoding=\"async\" class=\"size-medium wp-image-17191 aligncenter\" src=\"http:\/\/garrafeiragrandeescolha.pt\/wp-content\/uploads\/2023\/01\/logo-familiacardoso-300x167.png\" alt=\"\" width=\"300\" height=\"167\" srcset=\"https:\/\/garrafeiragrandeescolha.pt\/wp-content\/uploads\/2023\/01\/logo-familiacardoso-300x167.png 300w, https:\/\/garrafeiragrandeescolha.pt\/wp-content\/uploads\/2023\/01\/logo-familiacardoso-1024x570.png 1024w, https:\/\/garrafeiragrandeescolha.pt\/wp-content\/uploads\/2023\/01\/logo-familiacardoso-768x428.png 768w, https:\/\/garrafeiragrandeescolha.pt\/wp-content\/uploads\/2023\/01\/logo-familiacardoso-18x10.png 18w, https:\/\/garrafeiragrandeescolha.pt\/wp-content\/uploads\/2023\/01\/logo-familiacardoso-600x334.png 600w, https:\/\/garrafeiragrandeescolha.pt\/wp-content\/uploads\/2023\/01\/logo-familiacardoso.png 1514w\" sizes=\"(max-width: 300px) 100vw, 300px\" \/><\/p>\n<p>Zwischen den Weinbergen und Olivenhainen, die den Eindruck erwecken, dass man am Horizont verloren ist, taucht Herdade da Lisboa auf.<br \/>\nSeit 2011 ist dies der Sitz der Familie Cardoso in Vidigueira, in der Subregion Baixo Alentejo. Ein Ort, an dem die Modernit\u00e4t des Weinguts auf die Tradition der Alentejo-Keller trifft und wo die Vielfalt des Weinbaus zur st\u00e4ndigen Weiterentwicklung der \u00d6nologie beitr\u00e4gt.<\/p>\n<p>In den privilegierten Eigenschaften des Gebiets beginnt sich das volle Potenzial der Region zu entfalten, zu der Herdade a Lisboa geh\u00f6rt.<br \/>\nSerra do Mendro, n\u00f6rdlich von Vidigueira gelegen, bildet eine nat\u00fcrliche Barriere, die das Zur\u00fcckhalten frischer Winde vom Atlantischen Ozean beg\u00fcnstigt, was zu gr\u00f6\u00dferen Niederschl\u00e4gen und gro\u00dfen Temperaturschwankungen f\u00fchrt. Kalte Morgen und Abende sowie hei\u00dfe Tage f\u00f6rdern eine ausgewogene Reifung der Trauben und bewahren ihre Frische und nat\u00fcrliche S\u00e4ure. Die sanften H\u00e4nge und Erhebungen der Landschaft sowie die Lehmschieferb\u00f6den verleihen den Weinen von Herdade da Lisboa Mineralit\u00e4t, Frische und Vielfalt.<\/p>\n<p>Die rund 100 Hektar Weinberge von Herdade da Lisboa bringen die Vielfalt des Anwesens durch einen Kompromiss zwischen typischen Alentejo-Rebsorten und internationalen Sorten zum Ausdruck, darunter sieben wei\u00dfe und acht rote Rebsorten.<br \/>\nDer Weinberg dr\u00fcckt auch den tiefen Respekt des Produzenten vor der Natur aus und integriert mehrere nachhaltige Praktiken, die eine Optimierung des Verbrauchs wichtiger Ressourcen wie Wasser und Energie erm\u00f6glichen. Zu den eingesetzten Techniken und Ger\u00e4ten geh\u00f6ren nat\u00fcrliche Rasenfl\u00e4chen, mechanisches Unkrautschneiden zur Vermeidung des Einsatzes von Herbiziden, genaue \u00dcberwachung von Sch\u00e4dlingen, Einsatz von Sonnenkollektoren, einer speziellen Wetterstation und Sonden zur Messung der Bodenfeuchtigkeit und -temperatur.<\/p>","protected":false},"excerpt":{"rendered":"<p data-css=\"tve-u-178ad2d14e5\"><span data-css=\"tve-u-178ad2ce716\">O tinto da gama Conv\u00e9s \u00e9 um vinho produzido a partir das variedades Aragon\u00eas, Alicante Bouschet e Syrah. Fermenta em cubas de inox com temperatura controlada.<\/span><\/p>\n<p><span data-css=\"tve-u-178ad2cefe2\">Com cor ruby concentrada, apresenta aroma intenso a frutos vermelhos e de bosque. Prova de boca redonda e equilibrada.<\/span><\/p>\n<p><span data-css=\"tve-u-178ad2ce71b\">Para acompanhar pratos mediterr\u00e2nicos em geral, massas e queijos de pasta mole.<\/span><\/p>","protected":false},"featured_media":17192,"template":"","meta":{"_exactmetrics_skip_tracking":false,"_exactmetrics_sitenote_active":false,"_exactmetrics_sitenote_note":"","_exactmetrics_sitenote_category":0,"_uf_show_specific_survey":0,"_uf_disable_surveys":false,"iawp_total_views":297},"product_brand":[],"product_cat":[207,184,157],"product_tag":[],"class_list":{"0":"post-17190","1":"product","2":"type-product","3":"status-publish","4":"has-post-thumbnail","6":"product_cat-alentejo","7":"product_cat-tinto","8":"product_cat-vinhos","10":"first","11":"instock","12":"shipping-taxable","13":"purchasable","14":"product-type-simple"},"_links":{"self":[{"href":"https:\/\/garrafeiragrandeescolha.pt\/de\/wp-json\/wp\/v2\/product\/17190","targetHints":{"allow":["GET"]}}],"collection":[{"href":"https:\/\/garrafeiragrandeescolha.pt\/de\/wp-json\/wp\/v2\/product"}],"about":[{"href":"https:\/\/garrafeiragrandeescolha.pt\/de\/wp-json\/wp\/v2\/types\/product"}],"wp:featuredmedia":[{"embeddable":true,"href":"https:\/\/garrafeiragrandeescolha.pt\/de\/wp-json\/wp\/v2\/media\/17192"}],"wp:attachment":[{"href":"https:\/\/garrafeiragrandeescolha.pt\/de\/wp-json\/wp\/v2\/media?parent=17190"}],"wp:term":[{"taxonomy":"product_brand","embeddable":true,"href":"https:\/\/garrafeiragrandeescolha.pt\/de\/wp-json\/wp\/v2\/product_brand?post=17190"},{"taxonomy":"product_cat","embeddable":true,"href":"https:\/\/garrafeiragrandeescolha.pt\/de\/wp-json\/wp\/v2\/product_cat?post=17190"},{"taxonomy":"product_tag","embeddable":true,"href":"https:\/\/garrafeiragrandeescolha.pt\/de\/wp-json\/wp\/v2\/product_tag?post=17190"}],"curies":[{"name":"wp","href":"https:\/\/api.w.org\/{rel}","templated":true}]}}