{"id":17217,"date":"2023-01-28T12:53:45","date_gmt":"2023-01-28T12:53:45","guid":{"rendered":"https:\/\/garrafeiragrandeescolha.pt\/?post_type=product&#038;p=17217"},"modified":"2025-01-25T17:19:52","modified_gmt":"2025-01-25T17:19:52","slug":"familia-silva-weis-rot-75cl","status":"publish","type":"product","link":"https:\/\/garrafeiragrandeescolha.pt\/de\/produkt\/familia-silva-weis-rot-75cl\/","title":{"rendered":"Fam\u00edlia Silva Wei\u00df Rot 75cl"},"content":{"rendered":"<p><img fetchpriority=\"high\" decoding=\"async\" class=\"size-full wp-image-17211 aligncenter\" src=\"http:\/\/garrafeiragrandeescolha.pt\/wp-content\/uploads\/2023\/01\/logo-quinta-reguengo.png\" alt=\"\" width=\"300\" height=\"226\" srcset=\"https:\/\/garrafeiragrandeescolha.pt\/wp-content\/uploads\/2023\/01\/logo-quinta-reguengo.png 300w, https:\/\/garrafeiragrandeescolha.pt\/wp-content\/uploads\/2023\/01\/logo-quinta-reguengo-16x12.png 16w\" sizes=\"(max-width: 300px) 100vw, 300px\" \/><\/p>\n<p>Auf einer Bootsfahrt vom Fluss Douro aus sah der Patriarch der Familie Cardoso zum ersten Mal das Anwesen, das er sp\u00e4ter sein Eigen nennen sollte: Quinta do Reguengo in Pocinho (Vila Nova de Foz C\u00f4a).<br \/>\nAuch wenn die Sch\u00f6nheit der Welterberegion die Familie verzauberte, waren es der Wunsch und die Vision, hervorragende Weine zu kreieren, die sie seit 2018 dazu veranlassten, dem \u201ereguengo\u201c, der einst K\u00f6nigin D. Am\u00e9lia geh\u00f6rte, neues Leben einzuhauchen.<br \/>\nDie Sanierung des Weinguts und der M\u00fchlen sowie die Umstrukturierung des Weinbergs spiegeln sich bereits in neuen Weinreferenzen wider, die der Geschichte und dem Profil der Region Rechnung tragen.<\/p>\n<p>Quinta do Reguengo liegt in der Unterregion Douro Superior an der tektonischen Verwerfung Vilari\u00e7a, wo sich Tonschieferb\u00f6den mit Granitfelsen mit einem einzigartigen Mikroklima verbinden, das auf den hei\u00dfen und feuchten Winden des Flusstals und den frischesten Winden beruht in Spanien.<br \/>\nDieses au\u00dfergew\u00f6hnliche nat\u00fcrliche \u00d6kosystem f\u00fcr die Herstellung komplexer und ausgewogener Weine profitiert auch von einer gro\u00dfen Vielfalt an H\u00f6henlagen (bis zu 300 Metern), Sonneneinstrahlung und Rebsorten.<\/p>\n<p>Die 200 Hektar im Besitz des Produzenten erstrecken sich \u00fcber zwei Standorte, die unter dem Banner der Quinta do Reguengo zusammenwachsen: die Quinta selbst, umgeben vom Fluss Douro, und auch Vale da Pia, ein h\u00f6her gelegenes und gr\u00f6\u00dferes Anwesen, wo es komplex war Es wurden Arbeiten zur Wiederherstellung und Erneuerung des Weinbergs durchgef\u00fchrt.<br \/>\nEin Dutzend Rebsorten \u2013 darunter Touriga Nacional und Touriga Francesa, Tinta Roriz, Gouveio oder Viosinho \u2013 finden in den beiden Anwesen ideale Pl\u00e4tze, um ihren optimalen Ausdruck zu erreichen.<\/p>","protected":false},"excerpt":{"rendered":"<p>SORTEN: Touriga Nacional, Touriga Francesa, Tinta Roriz und Tinta Barroca.<\/p>\n<p>ERNTE: Manuelle Ernte im September 2016 in einem hochgelegenen Weinberg mit einer H\u00f6he von 350 bis 550 m und einem Alter zwischen 20 und 40 Jahren.<\/p>\n<p>WEINBEREITUNG: Manuelle Weinlese in 20-kg-Kisten. Die Trauben wurden auf einem Sortiertisch sorgf\u00e4ltig ausgew\u00e4hlt und anschlie\u00dfend entrappt. Die G\u00e4rung erfolgte in einer Presse mit einheimischen Hefen. Abgerundet mit einer 18-monatigen Reifung in gebrauchten franz\u00f6sischen Eichenf\u00e4ssern.<\/p>\n<p>\u00d6NOLOGIE: Pedro Branco<\/p>\n<p>PASST ZU: Ideal zu gebackenen Fischgerichten, allen Fleischsorten, Wildgerichten und intensiveren K\u00e4sesorten. Ausgezeichnete Gesellschaft f\u00fcr jede Freizeit. Die ideale Serviertemperatur liegt zwischen 15 \u00b0C und 18 \u00b0C.<\/p>","protected":false},"featured_media":17218,"template":"","meta":{"_exactmetrics_skip_tracking":false,"_exactmetrics_sitenote_active":false,"_exactmetrics_sitenote_note":"","_exactmetrics_sitenote_category":0,"_uf_show_specific_survey":0,"_uf_disable_surveys":false,"iawp_total_views":162},"product_brand":[],"product_cat":[215,184,157],"product_tag":[],"class_list":{"0":"post-17217","1":"product","2":"type-product","3":"status-publish","4":"has-post-thumbnail","6":"product_cat-douro","7":"product_cat-tinto","8":"product_cat-vinhos","10":"first","11":"instock","12":"shipping-taxable","13":"purchasable","14":"product-type-simple"},"_links":{"self":[{"href":"https:\/\/garrafeiragrandeescolha.pt\/de\/wp-json\/wp\/v2\/product\/17217","targetHints":{"allow":["GET"]}}],"collection":[{"href":"https:\/\/garrafeiragrandeescolha.pt\/de\/wp-json\/wp\/v2\/product"}],"about":[{"href":"https:\/\/garrafeiragrandeescolha.pt\/de\/wp-json\/wp\/v2\/types\/product"}],"wp:featuredmedia":[{"embeddable":true,"href":"https:\/\/garrafeiragrandeescolha.pt\/de\/wp-json\/wp\/v2\/media\/17218"}],"wp:attachment":[{"href":"https:\/\/garrafeiragrandeescolha.pt\/de\/wp-json\/wp\/v2\/media?parent=17217"}],"wp:term":[{"taxonomy":"product_brand","embeddable":true,"href":"https:\/\/garrafeiragrandeescolha.pt\/de\/wp-json\/wp\/v2\/product_brand?post=17217"},{"taxonomy":"product_cat","embeddable":true,"href":"https:\/\/garrafeiragrandeescolha.pt\/de\/wp-json\/wp\/v2\/product_cat?post=17217"},{"taxonomy":"product_tag","embeddable":true,"href":"https:\/\/garrafeiragrandeescolha.pt\/de\/wp-json\/wp\/v2\/product_tag?post=17217"}],"curies":[{"name":"wp","href":"https:\/\/api.w.org\/{rel}","templated":true}]}}