{"id":17349,"date":"2023-02-23T17:31:37","date_gmt":"2023-02-23T17:31:37","guid":{"rendered":"https:\/\/garrafeiragrandeescolha.pt\/?post_type=product&#038;p=17349"},"modified":"2024-11-17T13:00:02","modified_gmt":"2024-11-17T13:00:02","slug":"quinta-do-pessegueiro-plenitude-tinto-75cl","status":"publish","type":"product","link":"https:\/\/garrafeiragrandeescolha.pt\/de\/produkt\/quinta-do-pessegueiro-plenitude-tinto-75cl\/","title":{"rendered":"Quinta do Pessegueiro Plenitude Tinto 2022 75cl"},"content":{"rendered":"<p>&nbsp;<\/p>\n<p><img decoding=\"async\" class=\"size-full wp-image-15437 aligncenter\" src=\"http:\/\/garrafeiragrandeescolha.pt\/wp-content\/uploads\/2022\/02\/quinta_do_pessegueiro_logo.png\" alt=\"\" width=\"200\" height=\"100\" \/><\/p>\n<p>Natur, Geschichte und Mensch haben die Kultur und Werte des Douro gepr\u00e4gt. Um die Lebendigkeit seiner Landschaft und sein Prestige zu bewahren, arbeiten wir daran, Traditionen und Erbe zu respektieren.<\/p>\n<p>Wir integrieren den Gedanken der nachhaltigen Entwicklung in alle Phasen der Produktion und die von unserem Weingut verbrauchte Energie stammt aus erneuerbaren Quellen. Wir arbeiten unerm\u00fcdlich und gemeinsam daran, die Schaffung authentischer Weinkunstwerke aufrechtzuerhalten.<\/p>\n<p>Erigida no cora\u00e7\u00e3o da propriedade, a adega do Pessegueiro distingue-se pela sua extraordin\u00e1ria arquitetura, que resulta das fun\u00e7\u00f5es do edif\u00edcio e sobretudo do m\u00e9todo espec\u00edfico de vinifica\u00e7\u00e3o que acolhe.<\/p>\n<p>Das Geb\u00e4ude erstreckt sich \u00fcber f\u00fcnf Ebenen und kombiniert traditionelle Methoden zur Herstellung hochwertiger Weine mit modernster Ausstattung.<\/p>\n<p>Unser Weingut ist eine echte technologische Herausforderung und wurde so konzipiert, dass es w\u00e4hrend des gesamten Prozesses, der die Trauben in Wein verwandelt, die nat\u00fcrliche Schwerkraft nutzt. Um den Wein so weit wie m\u00f6glich zu bewahren und zu respektieren, wurde auf dem gesamten Weg, vom Empfang der Trauben bis zum Fassraum, vollst\u00e4ndig auf den Einsatz von Pumpen verzichtet. Als Erg\u00e4nzung zur nat\u00fcrlichen Schwerkraft verf\u00fcgen wir auch \u00fcber ein Liftbecken.<\/p>\n<p>Dieses ausschlie\u00dflich durch Schwerkraft erfolgende Verfahren garantiert einen schonenden und respektvollen Umgang mit dem Wein.<\/p>\n<p>Unsere gesamte Produktion wird von Jo\u00e3o Nicolau de Almeida und einem multidisziplin\u00e4ren Team engagierter Fachleute gesteuert.<\/p>","protected":false},"excerpt":{"rendered":"<p>&nbsp; A natureza, a hist\u00f3ria e o Homem moldaram a cultura e os valores do Douro. Para preservar a vivacidade da sua paisagem e o seu prest\u00edgio, trabalhamos no sentido do respeito das tradi\u00e7\u00f5es e do patrim\u00f3nio. Integramos as no\u00e7\u00f5es de desenvolvimento sustent\u00e1vel em todas as etapas da produ\u00e7\u00e3o, sendo que a energia consumida pela [&hellip;]<\/p>","protected":false},"featured_media":19426,"template":"","meta":{"_exactmetrics_skip_tracking":false,"_exactmetrics_sitenote_active":false,"_exactmetrics_sitenote_note":"","_exactmetrics_sitenote_category":0,"_uf_show_specific_survey":0,"_uf_disable_surveys":false,"iawp_total_views":24},"product_brand":[],"product_cat":[215,201,184,157],"product_tag":[],"class_list":{"0":"post-17349","1":"product","2":"type-product","3":"status-publish","4":"has-post-thumbnail","6":"product_cat-douro","7":"product_cat-grandes-vinhos","8":"product_cat-tinto","9":"product_cat-vinhos","11":"first","12":"instock","13":"shipping-taxable","14":"purchasable","15":"product-type-simple"},"_links":{"self":[{"href":"https:\/\/garrafeiragrandeescolha.pt\/de\/wp-json\/wp\/v2\/product\/17349","targetHints":{"allow":["GET"]}}],"collection":[{"href":"https:\/\/garrafeiragrandeescolha.pt\/de\/wp-json\/wp\/v2\/product"}],"about":[{"href":"https:\/\/garrafeiragrandeescolha.pt\/de\/wp-json\/wp\/v2\/types\/product"}],"wp:featuredmedia":[{"embeddable":true,"href":"https:\/\/garrafeiragrandeescolha.pt\/de\/wp-json\/wp\/v2\/media\/19426"}],"wp:attachment":[{"href":"https:\/\/garrafeiragrandeescolha.pt\/de\/wp-json\/wp\/v2\/media?parent=17349"}],"wp:term":[{"taxonomy":"product_brand","embeddable":true,"href":"https:\/\/garrafeiragrandeescolha.pt\/de\/wp-json\/wp\/v2\/product_brand?post=17349"},{"taxonomy":"product_cat","embeddable":true,"href":"https:\/\/garrafeiragrandeescolha.pt\/de\/wp-json\/wp\/v2\/product_cat?post=17349"},{"taxonomy":"product_tag","embeddable":true,"href":"https:\/\/garrafeiragrandeescolha.pt\/de\/wp-json\/wp\/v2\/product_tag?post=17349"}],"curies":[{"name":"wp","href":"https:\/\/api.w.org\/{rel}","templated":true}]}}