{"id":17397,"date":"2023-03-07T17:39:45","date_gmt":"2023-03-07T17:39:45","guid":{"rendered":"https:\/\/garrafeiragrandeescolha.pt\/?post_type=product&#038;p=17397"},"modified":"2025-03-11T12:12:00","modified_gmt":"2025-03-11T12:12:00","slug":"likor-robert-r-reynolds-75cl","status":"publish","type":"product","link":"https:\/\/garrafeiragrandeescolha.pt\/de\/produkt\/likor-robert-r-reynolds-75cl\/","title":{"rendered":"Lik\u00f6r Robert R. Reynolds 75cl"},"content":{"rendered":"<p><img fetchpriority=\"high\" decoding=\"async\" class=\"size-medium wp-image-17396 aligncenter\" src=\"http:\/\/garrafeiragrandeescolha.pt\/wp-content\/uploads\/2020\/03\/logo_preto-reynolds-300x212.jpg\" alt=\"\" width=\"300\" height=\"212\" srcset=\"https:\/\/garrafeiragrandeescolha.pt\/wp-content\/uploads\/2020\/03\/logo_preto-reynolds-300x212.jpg 300w, https:\/\/garrafeiragrandeescolha.pt\/wp-content\/uploads\/2020\/03\/logo_preto-reynolds-1024x724.jpg 1024w, https:\/\/garrafeiragrandeescolha.pt\/wp-content\/uploads\/2020\/03\/logo_preto-reynolds-768x543.jpg 768w, https:\/\/garrafeiragrandeescolha.pt\/wp-content\/uploads\/2020\/03\/logo_preto-reynolds-1536x1086.jpg 1536w, https:\/\/garrafeiragrandeescolha.pt\/wp-content\/uploads\/2020\/03\/logo_preto-reynolds-18x12.jpg 18w, https:\/\/garrafeiragrandeescolha.pt\/wp-content\/uploads\/2020\/03\/logo_preto-reynolds-600x424.jpg 600w, https:\/\/garrafeiragrandeescolha.pt\/wp-content\/uploads\/2020\/03\/logo_preto-reynolds.jpg 1754w\" sizes=\"(max-width: 300px) 100vw, 300px\" \/><\/p>\n<p>Thomas Reynolds, englischer Seemann und Kaufmann, kam 1820, angezogen vom Weingesch\u00e4ft, nach Portugal: In der Stadt Porto lie\u00df er sich mit seinen beiden S\u00f6hnen Thomas und Robert nieder. Von dort versorgten sie einige Zeit lang ihr Handelslager in London mit verschiedenen iberischen Produkten. Im Jahr 1838 stiegen sie in die Korkindustrie ein und gr\u00fcndeten eine Korkfabrik in Alburquerque, Spanien, wo sie 11 Jahre lang lebten. Die T\u00e4tigkeit ist profitabel, expandiert und in Portugal und Spanien werden bald neue Korkfabriken er\u00f6ffnet.<\/p>\n<p>Die Familie kehrte 1850 nach Portugal zur\u00fcck und lie\u00df sich, wenn auch nur f\u00fcr kurze Zeit, in Estremoz nieder. Thomas und sein gleichnamiger Sohn lehnen sich nicht zur\u00fcck und machen sich, angetrieben vom gleichen Unternehmergeist, mit der Familie auf den Weg nach Neuseeland. Die \u00dcberfahrt dauerte 130 lange Tage und sie transportierten eine riesige Herde Merinoschafe. Sie kehrten nie nach Portugal zur\u00fcck.<\/p>\n<p>Robert bleibt in Estremoz f\u00fcr das Gesch\u00e4ft verantwortlich, das er durch den Erwerb neuer Grundst\u00fccke und die Produktion von Qualit\u00e4tsweinen schnell ausbaut, eine T\u00e4tigkeit, die er mit besonderem Engagement und Leidenschaft aus\u00fcbt. Alentejo wurde zum endg\u00fcltigen Geburtsort der Reynolds in Portugal und von Robert, dem Familienpatriarchen. Aus dieser Wiege stammen Roberts erstgeborener Sohn Robert Rafael und seitdem Carlos. Carlos hat eine erste Tochter namens Gloria, Gloria Reynolds. Zu Ehren seiner selbst und all seiner Vorfahren, die im Alentejo lebten, produziert Juli\u00e1n, Glorias Sohn, einen Qualit\u00e4tswein, benannt nach seiner Mutter \u2013 Gloria Reynolds.<\/p>\n<p>&nbsp;<\/p>","protected":false},"excerpt":{"rendered":"<p>Trauben: Alicante Bouchet<\/p>\n<p>Die Trauben wurden nachts in der Herdade de Figueira de Cima maschinell geerntet. Sie wurden in franz\u00f6sischen Eichenf\u00e4ssern von Seguin Moreau bei kontrollierter Temperatur bis zum Anschneiden mit Weinbrand vergoren und dann drei Jahre lang in alten F\u00e4ssern gereift. Nach der Abf\u00fcllung reiften die Flaschen sieben Jahre, bevor sie verkauft wurden.<\/p>\n<p>Es hat eine kr\u00e4ftige Farbe und eine gro\u00dfe aromatische Kraft, die die Aromen von Gew\u00fcrzen, schwarzen Oliven und roter Fruchtmarmelade hervorhebt. Im Mund ist er frisch und mit einem langen Nachgeschmack.<\/p>\n<p>\u201e\u2026das ist ein \u201eWow\u201c-Wein. Gro\u00df, konzentriert und kraftvoll, er ist von Anfang an beeindruckend \u2026 Je nach Geschmack finden Sie diesen Wein vielleicht spektakul\u00e4r, eine Alentejo-Version von Portwein.\u201c Mark Squires, Weinanwalt.<\/p>\n<p>Serviervorschlag: Hervorragend pur oder als Erg\u00e4nzung zu Desserts und Schokolade. Es sollte bei einer Temperatur von 12 \u00b0C bis 14 \u00b0C serviert werden.<\/p>","protected":false},"featured_media":17398,"template":"","meta":{"_exactmetrics_skip_tracking":false,"_exactmetrics_sitenote_active":false,"_exactmetrics_sitenote_note":"","_exactmetrics_sitenote_category":0,"_uf_show_specific_survey":0,"_uf_disable_surveys":false,"iawp_total_views":21},"product_brand":[],"product_cat":[157,164],"product_tag":[],"class_list":{"0":"post-17397","1":"product","2":"type-product","3":"status-publish","4":"has-post-thumbnail","6":"product_cat-vinhos","7":"product_cat-licoroso","9":"first","10":"instock","11":"shipping-taxable","12":"purchasable","13":"product-type-simple"},"_links":{"self":[{"href":"https:\/\/garrafeiragrandeescolha.pt\/de\/wp-json\/wp\/v2\/product\/17397","targetHints":{"allow":["GET"]}}],"collection":[{"href":"https:\/\/garrafeiragrandeescolha.pt\/de\/wp-json\/wp\/v2\/product"}],"about":[{"href":"https:\/\/garrafeiragrandeescolha.pt\/de\/wp-json\/wp\/v2\/types\/product"}],"wp:featuredmedia":[{"embeddable":true,"href":"https:\/\/garrafeiragrandeescolha.pt\/de\/wp-json\/wp\/v2\/media\/17398"}],"wp:attachment":[{"href":"https:\/\/garrafeiragrandeescolha.pt\/de\/wp-json\/wp\/v2\/media?parent=17397"}],"wp:term":[{"taxonomy":"product_brand","embeddable":true,"href":"https:\/\/garrafeiragrandeescolha.pt\/de\/wp-json\/wp\/v2\/product_brand?post=17397"},{"taxonomy":"product_cat","embeddable":true,"href":"https:\/\/garrafeiragrandeescolha.pt\/de\/wp-json\/wp\/v2\/product_cat?post=17397"},{"taxonomy":"product_tag","embeddable":true,"href":"https:\/\/garrafeiragrandeescolha.pt\/de\/wp-json\/wp\/v2\/product_tag?post=17397"}],"curies":[{"name":"wp","href":"https:\/\/api.w.org\/{rel}","templated":true}]}}