{"id":17595,"date":"2023-04-29T10:40:40","date_gmt":"2023-04-29T10:40:40","guid":{"rendered":"https:\/\/garrafeiragrandeescolha.pt\/?post_type=product&#038;p=17595"},"modified":"2025-03-28T18:05:22","modified_gmt":"2025-03-28T18:05:22","slug":"crazy-javali-tinto-2020-75cl","status":"publish","type":"product","link":"https:\/\/garrafeiragrandeescolha.pt\/de\/produkt\/crazy-javali-tinto-2020-75cl\/","title":{"rendered":"Crazy Javali Tinto 75cl"},"content":{"rendered":"<p><img fetchpriority=\"high\" decoding=\"async\" class=\"size-medium wp-image-16677 aligncenter\" src=\"http:\/\/garrafeiragrandeescolha.pt\/wp-content\/uploads\/2022\/11\/quinta-do-javali-logo-300x173.jpg\" alt=\"\" width=\"300\" height=\"173\" srcset=\"https:\/\/garrafeiragrandeescolha.pt\/wp-content\/uploads\/2022\/11\/quinta-do-javali-logo-300x173.jpg 300w, https:\/\/garrafeiragrandeescolha.pt\/wp-content\/uploads\/2022\/11\/quinta-do-javali-logo-1024x589.jpg 1024w, https:\/\/garrafeiragrandeescolha.pt\/wp-content\/uploads\/2022\/11\/quinta-do-javali-logo-768x442.jpg 768w, https:\/\/garrafeiragrandeescolha.pt\/wp-content\/uploads\/2022\/11\/quinta-do-javali-logo-1536x883.jpg 1536w, https:\/\/garrafeiragrandeescolha.pt\/wp-content\/uploads\/2022\/11\/quinta-do-javali-logo-2048x1178.jpg 2048w, https:\/\/garrafeiragrandeescolha.pt\/wp-content\/uploads\/2022\/11\/quinta-do-javali-logo-18x10.jpg 18w, https:\/\/garrafeiragrandeescolha.pt\/wp-content\/uploads\/2022\/11\/quinta-do-javali-logo-600x345.jpg 600w\" sizes=\"(max-width: 300px) 100vw, 300px\" \/><\/p>\n<p>A Quinta do Javali \u00e9 uma pequena propriedade de cerca de 18ha destinados a planta\u00e7\u00e3o de vinha. Localiza\u2011se junto \u00e0 margem esquerda do rio Douro na freguesia de Nagoselo do Douro \u2013 S. Jo\u00e3o da Pesqueira, num local com tradi\u00e7\u00e3o vinhateira desde o in\u00edcio da produ\u00e7\u00e3o de vinho do Porto para exporta\u00e7\u00e3o, no fim do s\u00e9c. XVII princ\u00edpio do s\u00e9c. XVIII.<\/p>\n<p>A exist\u00eancia, na quinta, de uma pesqueira no rio que simultaneamente se constitu\u00eda como atracadouro para carga dos barcos\u00a0<em>rabelo<\/em>; uma pequena casa campestre (cabana) hoje recuperada, que exibe uma inscri\u00e7\u00e3o encontrada numa soleira da casa datada de 1839; os t\u00edpicos muros de socalcos antigos do Douro existentes em toda a propriedade, s\u00e3o testemunhos da antiguidade vinhateira do local.<\/p>\n<p>A exposi\u00e7\u00e3o\/orienta\u00e7\u00e3o Norte \u2013 Nascente da encosta da propriedade bem como o terreno totalmente de xisto com di\u00e1clases verticais, que permitem a penetra\u00e7\u00e3o das ra\u00edzes da videira a profundidades impens\u00e1veis, com a consequente complexidade de benef\u00edcios para a videira, conferem \u00e0 Quinta do Javali qualidades excecionais para a produ\u00e7\u00e3o dos melhores vinhos do PORTO e DOC DOURO.<\/p>\n<p>A nossa vinha encontra-se plantada nos caracter\u00edsticos socalcos durienses, de natureza xistosa, a uma altitude entre 150 e 300m e \u00e9 constitu\u00edda pelas castas Tinta Roriz, Touriga Franca, Tinto C\u00e3o, Touriga Nacional, Tinta Barroca e Sous\u00e3o. Com a miss\u00e3o de explorar este \u201ctesouro escondido\u201d do Douro criamos a empresa familiar \u201cSociedade Agr\u00edcola da Quinta do Javali, Lda\u201d tendo como objectivo \u00fanico produzir e comercializar s\u00f3 vinhos DOC DOURO e PORTO de alta qualidade.<\/p>\n<p>5 de Fevereiro de 2015<\/p>","protected":false},"excerpt":{"rendered":"<p>&#8220;DRINKABILITY&#8221; + JUVENTUDE = CRAZY<\/p>\n<p>O vidro transparente da garrafa exibe logo ao primeiro olhar uma atraente colora\u00e7\u00e3o framboesa.<\/p>\n<p>O nariz do Crazy Tinto \u00e9 dominado pelos frutos vermelhos, destacando-se morangos, framboesas e groselhas. Torna-se um excelente desafio ir acompanhado a evolu\u00e7\u00e3o dos aromas no copo, pois como \u201cser vivo\u201d que \u00e9, o vinho vai \u201cdialogando\u201d connosco.<\/p>\n<p>Em boca, o car\u00e1cter CRAZY alia leveza e juventude, garantindo uma prova refrescante e descomprometida (11\u00ba de \u00e1lcool!).<\/p>\n<p class=\"notas-prova\">Produ\u00e7\u00e3o:\u00a03300 garrafas 75 cl<\/p>","protected":false},"featured_media":17596,"template":"","meta":{"_exactmetrics_skip_tracking":false,"_exactmetrics_sitenote_active":false,"_exactmetrics_sitenote_note":"","_exactmetrics_sitenote_category":0,"_uf_show_specific_survey":0,"_uf_disable_surveys":false,"iawp_total_views":16},"product_brand":[],"product_cat":[215,184,157],"product_tag":[],"class_list":{"0":"post-17595","1":"product","2":"type-product","3":"status-publish","4":"has-post-thumbnail","6":"product_cat-douro","7":"product_cat-tinto","8":"product_cat-vinhos","10":"first","11":"instock","12":"shipping-taxable","13":"purchasable","14":"product-type-simple"},"_links":{"self":[{"href":"https:\/\/garrafeiragrandeescolha.pt\/de\/wp-json\/wp\/v2\/product\/17595","targetHints":{"allow":["GET"]}}],"collection":[{"href":"https:\/\/garrafeiragrandeescolha.pt\/de\/wp-json\/wp\/v2\/product"}],"about":[{"href":"https:\/\/garrafeiragrandeescolha.pt\/de\/wp-json\/wp\/v2\/types\/product"}],"wp:featuredmedia":[{"embeddable":true,"href":"https:\/\/garrafeiragrandeescolha.pt\/de\/wp-json\/wp\/v2\/media\/17596"}],"wp:attachment":[{"href":"https:\/\/garrafeiragrandeescolha.pt\/de\/wp-json\/wp\/v2\/media?parent=17595"}],"wp:term":[{"taxonomy":"product_brand","embeddable":true,"href":"https:\/\/garrafeiragrandeescolha.pt\/de\/wp-json\/wp\/v2\/product_brand?post=17595"},{"taxonomy":"product_cat","embeddable":true,"href":"https:\/\/garrafeiragrandeescolha.pt\/de\/wp-json\/wp\/v2\/product_cat?post=17595"},{"taxonomy":"product_tag","embeddable":true,"href":"https:\/\/garrafeiragrandeescolha.pt\/de\/wp-json\/wp\/v2\/product_tag?post=17595"}],"curies":[{"name":"wp","href":"https:\/\/api.w.org\/{rel}","templated":true}]}}