{"id":17649,"date":"2023-05-30T11:19:03","date_gmt":"2023-05-30T11:19:03","guid":{"rendered":"https:\/\/garrafeiragrandeescolha.pt\/?post_type=product&#038;p=17649"},"modified":"2024-10-23T17:35:40","modified_gmt":"2024-10-23T17:35:40","slug":"dona-matilde-branco-2022-75cl","status":"publish","type":"product","link":"https:\/\/garrafeiragrandeescolha.pt\/de\/produkt\/dona-matilde-branco-2022-75cl\/","title":{"rendered":"Dona Matilde Branco 2022 75cl"},"content":{"rendered":"","protected":false},"excerpt":{"rendered":"<p>O vinho branco Dona Matilde \u00e9 produzido a partir das castas portuguesas Arinto, Viosinho, Gouveio e Rabigato. \u00c9 um vinho de cor citrina com um aroma intenso marcado por um caracter tropical e rebu\u00e7ado de aniz,algum maracuj\u00e1, manga e anan\u00e1s e com um final mais fresco a casca de laranja e limonete. Na boca tem um sabor a c\u00edtricos e maracuj\u00e1, muita estrutura e volume e uma acidez equilibrada o que lhe d\u00e1 frescura.<\/p>","protected":false},"featured_media":640,"template":"","meta":{"_exactmetrics_skip_tracking":false,"_exactmetrics_sitenote_active":false,"_exactmetrics_sitenote_note":"","_exactmetrics_sitenote_category":0,"_uf_show_specific_survey":0,"_uf_disable_surveys":false,"iawp_total_views":13},"product_brand":[],"product_cat":[185,188,157],"product_tag":[],"class_list":{"0":"post-17649","1":"product","2":"type-product","3":"status-publish","4":"has-post-thumbnail","6":"product_cat-branco","7":"product_cat-douro-branco","8":"product_cat-vinhos","10":"first","11":"instock","12":"shipping-taxable","13":"purchasable","14":"product-type-simple"},"_links":{"self":[{"href":"https:\/\/garrafeiragrandeescolha.pt\/de\/wp-json\/wp\/v2\/product\/17649","targetHints":{"allow":["GET"]}}],"collection":[{"href":"https:\/\/garrafeiragrandeescolha.pt\/de\/wp-json\/wp\/v2\/product"}],"about":[{"href":"https:\/\/garrafeiragrandeescolha.pt\/de\/wp-json\/wp\/v2\/types\/product"}],"wp:featuredmedia":[{"embeddable":true,"href":"https:\/\/garrafeiragrandeescolha.pt\/de\/wp-json\/wp\/v2\/media\/640"}],"wp:attachment":[{"href":"https:\/\/garrafeiragrandeescolha.pt\/de\/wp-json\/wp\/v2\/media?parent=17649"}],"wp:term":[{"taxonomy":"product_brand","embeddable":true,"href":"https:\/\/garrafeiragrandeescolha.pt\/de\/wp-json\/wp\/v2\/product_brand?post=17649"},{"taxonomy":"product_cat","embeddable":true,"href":"https:\/\/garrafeiragrandeescolha.pt\/de\/wp-json\/wp\/v2\/product_cat?post=17649"},{"taxonomy":"product_tag","embeddable":true,"href":"https:\/\/garrafeiragrandeescolha.pt\/de\/wp-json\/wp\/v2\/product_tag?post=17649"}],"curies":[{"name":"wp","href":"https:\/\/api.w.org\/{rel}","templated":true}]}}