{"id":17741,"date":"2023-07-13T17:19:25","date_gmt":"2023-07-13T17:19:25","guid":{"rendered":"https:\/\/garrafeiragrandeescolha.pt\/?post_type=product&#038;p=17741"},"modified":"2025-12-09T09:35:27","modified_gmt":"2025-12-09T09:35:27","slug":"radacini-icewine-riesling-375cl","status":"publish","type":"product","link":"https:\/\/garrafeiragrandeescolha.pt\/de\/produkt\/radacini-icewine-riesling-375cl\/","title":{"rendered":"Radacini Icewine Riesling 37,5cl"},"content":{"rendered":"","protected":false},"excerpt":{"rendered":"<p>O esp\u00edrito gelado do Radacini Riesling Icewine pode ser visto claramente mesmo no primeiro olhar para a embalagem. Cada linha, cada elemento da composi\u00e7\u00e3o global real\u00e7a o sabor requintado da bebida, transportando-nos para a manh\u00e3 fresca de outono, quando as \u00faltimas uvas s\u00e3o vindimadas das vinhas geladas e s\u00e3o levadas para processamento, onde acabam por dar origem a um vinho doce excepcional.\u00a0Ou seja, esta combina\u00e7\u00e3o da brisa fria do final do outono envolvendo os vinhedos e o sabor quente e aconchegante de um cl\u00e1ssico vinho gelado serviu de base para este projeto de design.<\/p>\n<p>Origem &#8211; Moldavia<\/p>","protected":false},"featured_media":17742,"template":"","meta":{"_exactmetrics_skip_tracking":false,"_exactmetrics_sitenote_active":false,"_exactmetrics_sitenote_note":"","_exactmetrics_sitenote_category":0,"_uf_show_specific_survey":0,"_uf_disable_surveys":false,"iawp_total_views":44},"product_brand":[],"product_cat":[226,157],"product_tag":[],"class_list":{"0":"post-17741","1":"product","2":"type-product","3":"status-publish","4":"has-post-thumbnail","6":"product_cat-icewine","7":"product_cat-vinhos","9":"first","10":"outofstock","11":"featured","12":"shipping-taxable","13":"purchasable","14":"product-type-simple"},"_links":{"self":[{"href":"https:\/\/garrafeiragrandeescolha.pt\/de\/wp-json\/wp\/v2\/product\/17741","targetHints":{"allow":["GET"]}}],"collection":[{"href":"https:\/\/garrafeiragrandeescolha.pt\/de\/wp-json\/wp\/v2\/product"}],"about":[{"href":"https:\/\/garrafeiragrandeescolha.pt\/de\/wp-json\/wp\/v2\/types\/product"}],"wp:featuredmedia":[{"embeddable":true,"href":"https:\/\/garrafeiragrandeescolha.pt\/de\/wp-json\/wp\/v2\/media\/17742"}],"wp:attachment":[{"href":"https:\/\/garrafeiragrandeescolha.pt\/de\/wp-json\/wp\/v2\/media?parent=17741"}],"wp:term":[{"taxonomy":"product_brand","embeddable":true,"href":"https:\/\/garrafeiragrandeescolha.pt\/de\/wp-json\/wp\/v2\/product_brand?post=17741"},{"taxonomy":"product_cat","embeddable":true,"href":"https:\/\/garrafeiragrandeescolha.pt\/de\/wp-json\/wp\/v2\/product_cat?post=17741"},{"taxonomy":"product_tag","embeddable":true,"href":"https:\/\/garrafeiragrandeescolha.pt\/de\/wp-json\/wp\/v2\/product_tag?post=17741"}],"curies":[{"name":"wp","href":"https:\/\/api.w.org\/{rel}","templated":true}]}}