{"id":17753,"date":"2023-07-21T11:50:35","date_gmt":"2023-07-21T11:50:35","guid":{"rendered":"https:\/\/garrafeiragrandeescolha.pt\/?post_type=product&#038;p=17753"},"modified":"2026-01-23T12:46:43","modified_gmt":"2026-01-23T12:46:43","slug":"chamine-tinto-2018-magnum-15l","status":"publish","type":"product","link":"https:\/\/garrafeiragrandeescolha.pt\/de\/produkt\/chamine-tinto-2018-magnum-15l\/","title":{"rendered":"Chamin\u00e9 Tinto 2018 Magnum 1,5L"},"content":{"rendered":"<p><img decoding=\"async\" class=\"size-medium wp-image-15617 aligncenter\" src=\"http:\/\/garrafeiragrandeescolha.pt\/wp-content\/uploads\/2021\/02\/logo-cortes-de-cima-300x142.png\" alt=\"\" width=\"300\" height=\"142\" srcset=\"https:\/\/garrafeiragrandeescolha.pt\/wp-content\/uploads\/2021\/02\/logo-cortes-de-cima-300x142.png 300w, https:\/\/garrafeiragrandeescolha.pt\/wp-content\/uploads\/2021\/02\/logo-cortes-de-cima.png 500w\" sizes=\"(max-width: 300px) 100vw, 300px\" \/><br \/>\nCortes de Cima liegt an den H\u00e4ngen der 400 m hohen Berge der Serra do Mendro. Die gro\u00dfe Vielfalt der Terroirs in unseren Weinbergen reicht von braunem mediterranem Ton \u00fcber Kalkstein, Glimmerschiefer, quarzreichen Granit bis hin zu gut sortiertem Kies.<\/p>\n<p>Die \u00e4ltesten Reben rund um das Haus und das Weingut wurden 1991 gepflanzt. Die Namen der Weine stammen von diesen Weinbergparzellen \u2013 \u201eCortes de Cima\u201c, \u201eChamin\u00e9 de Gi\u00e3o\u201c und \u201eCourela dos Pageis\u201c.<\/p>\n<p>Die Bedeutung von Cortes de Cima: Umz\u00e4untes offenes Gel\u00e4nde oder geschlossenes \u00fcberdachtes Gehege, in dem das Vieh auf einem H\u00fcgel gesammelt wird.<\/p>\n<p>Bei der Auswahl unserer Sorten sowie unseres Spaliersystems haben wir uns f\u00fcr die Einhaltung der \u201eVinho Regional\u201c-Regelungen entschieden, die weniger restriktiv sind als die \u201eDOC\u201c-Regeln.<\/p>\n<p>Im Jahr 1991 wurde Syrah nach beiden Vorschriften nicht zugelassen, aber Hans pflanzte ihn trotzdem, \u00fcberzeugt davon, dass wir ein ideales Klima und einen idealen Bodentyp f\u00fcr die ber\u00fchmte Rhone-Rebsorte hatten. Unser erster Syrah-Jahrgang, der \u201edie Regeln brach\u201c, wurde 1998 als \u201eInc\u00f3gnito\u201c abgef\u00fcllt und erlangte in Portugal schnell Lob und Ber\u00fchmtheit sowie Medaillen f\u00fcr Auszeichnungen in London, Br\u00fcssel und Bordeaux.<\/p>","protected":false},"excerpt":{"rendered":"<p><span style=\"color: #008000;\">Com cx em cart\u00e3o individual<\/span><\/p>\n<p>Castas: 45% Aragonez, 30% Syrah, 15% Touriga Nacional,\u00a05% Trincadeira,\u00a05% Alicante Bouschet<\/p>\n<p>Um vinho popular, com um comportamento no mercado sempre regular. Um lote de variedades portuguesas e francesas. O nome Chamin\u00e9 tem origem numa das parcelas da vinha \u2013 \u2018Chamin\u00e9 de Gi\u00e3o\u2019<\/p>\n<p>Aromas frescos de bagos vermelhos, intenso. Fruta vibrante com uma agrad\u00e1vel acidez.<\/p>","protected":false},"featured_media":8168,"template":"","meta":{"_exactmetrics_skip_tracking":false,"_exactmetrics_sitenote_active":false,"_exactmetrics_sitenote_note":"","_exactmetrics_sitenote_category":0,"_uf_show_specific_survey":0,"_uf_disable_surveys":false,"iawp_total_views":140},"product_brand":[],"product_cat":[207,184,157],"product_tag":[],"class_list":{"0":"post-17753","1":"product","2":"type-product","3":"status-publish","4":"has-post-thumbnail","6":"product_cat-alentejo","7":"product_cat-tinto","8":"product_cat-vinhos","10":"first","11":"instock","12":"shipping-taxable","13":"purchasable","14":"product-type-simple"},"_links":{"self":[{"href":"https:\/\/garrafeiragrandeescolha.pt\/de\/wp-json\/wp\/v2\/product\/17753","targetHints":{"allow":["GET"]}}],"collection":[{"href":"https:\/\/garrafeiragrandeescolha.pt\/de\/wp-json\/wp\/v2\/product"}],"about":[{"href":"https:\/\/garrafeiragrandeescolha.pt\/de\/wp-json\/wp\/v2\/types\/product"}],"wp:featuredmedia":[{"embeddable":true,"href":"https:\/\/garrafeiragrandeescolha.pt\/de\/wp-json\/wp\/v2\/media\/8168"}],"wp:attachment":[{"href":"https:\/\/garrafeiragrandeescolha.pt\/de\/wp-json\/wp\/v2\/media?parent=17753"}],"wp:term":[{"taxonomy":"product_brand","embeddable":true,"href":"https:\/\/garrafeiragrandeescolha.pt\/de\/wp-json\/wp\/v2\/product_brand?post=17753"},{"taxonomy":"product_cat","embeddable":true,"href":"https:\/\/garrafeiragrandeescolha.pt\/de\/wp-json\/wp\/v2\/product_cat?post=17753"},{"taxonomy":"product_tag","embeddable":true,"href":"https:\/\/garrafeiragrandeescolha.pt\/de\/wp-json\/wp\/v2\/product_tag?post=17753"}],"curies":[{"name":"wp","href":"https:\/\/api.w.org\/{rel}","templated":true}]}}