{"id":17768,"date":"2023-07-27T15:25:03","date_gmt":"2023-07-27T15:25:03","guid":{"rendered":"https:\/\/garrafeiragrandeescolha.pt\/?post_type=product&#038;p=17768"},"modified":"2026-04-01T15:00:29","modified_gmt":"2026-04-01T15:00:29","slug":"mirabilis-grande-reserva-tinto-2021-75cl","status":"publish","type":"product","link":"https:\/\/garrafeiragrandeescolha.pt\/de\/produkt\/mirabilis-grande-reserva-tinto-2021-75cl\/","title":{"rendered":"Mirabilis Grande Reserva Tinto 2021 75cl"},"content":{"rendered":"<div class=\"page-title\">\n<p class=\"h2\"><img decoding=\"async\" class=\"size-medium wp-image-15436 aligncenter\" src=\"http:\/\/garrafeiragrandeescolha.pt\/wp-content\/uploads\/2022\/02\/quinta-nova-logo-300x158.png\" alt=\"\" width=\"300\" height=\"158\" srcset=\"https:\/\/garrafeiragrandeescolha.pt\/wp-content\/uploads\/2022\/02\/quinta-nova-logo-300x158.png 300w, https:\/\/garrafeiragrandeescolha.pt\/wp-content\/uploads\/2022\/02\/quinta-nova-logo-1024x539.png 1024w, https:\/\/garrafeiragrandeescolha.pt\/wp-content\/uploads\/2022\/02\/quinta-nova-logo-768x404.png 768w, https:\/\/garrafeiragrandeescolha.pt\/wp-content\/uploads\/2022\/02\/quinta-nova-logo-1536x808.png 1536w, https:\/\/garrafeiragrandeescolha.pt\/wp-content\/uploads\/2022\/02\/quinta-nova-logo-600x316.png 600w, https:\/\/garrafeiragrandeescolha.pt\/wp-content\/uploads\/2022\/02\/quinta-nova-logo.png 1583w\" sizes=\"(max-width: 300px) 100vw, 300px\" \/><\/p>\n<p class=\"h2\">Die Quinta Nova de Nossa Senhora do Carmo blickt auf eine zweihundertj\u00e4hrige Geschichte zur\u00fcck und erstreckt sich \u00fcber 120 Hektar Land, die auf die erste Abgrenzung der Pombaline im Jahr 1756 zur\u00fcckgeht.<\/p>\n<\/div>\n<div class=\"xms-text big-text\">\n<p>Harmonisch in einen der H\u00fcgel des Anwesens integriert sind der urspr\u00fcngliche Weinkeller aus dem Jahr 1764 und das Herrenhaus aus dem 19. Jahrhundert mit der Kapelle (1765).<\/p>\n<p>Bis 1725 war es im Besitz des portugiesischen K\u00f6nigshauses und wurde durch die Zusammenlegung zweier H\u00f6fe zu einem \u201eneuen Bauernhof\u201c. Im 18. und 19. Jahrhundert lebten hier mehrere portugiesische Familien, die den Weinberg und den Wein, die Obstg\u00e4rten, die Wasserm\u00fchle neben dem alten Olivenhain und den Fluss, der durch das Anwesen flie\u00dft, in einer wichtigen Zeit der Douro-Landwirtschaft ins Leben riefen.<\/p>\n<\/div>","protected":false},"excerpt":{"rendered":"<p>O Mirabilis Tinto \u00e9 inspirado na linha dos grandes vinhos do mundo, onde se criam texturas, aromas, gravidade e transpar\u00eancia.<\/p>\n<p>Ap\u00f3s a criteriosa sele\u00e7\u00e3o das melhores parcelas e de uma vindima\u00a0<em>manicure<\/em>, este lote entra em confronto com a origem da mat\u00e9ria-prima, colocando \u00e0 margem o conceito de\u00a0<em>terroir<\/em>.<\/p>\n<p>\u00c9 um vinho irrepet\u00edvel, n\u00e3o copi\u00e1vel ano ap\u00f3s ano, com uma composi\u00e7\u00e3o heterog\u00e9nea de pequenas quantidades, poucos litros de cada uma das nossas melhores barricas, passando por uma longa per\u00edcia de prova at\u00e9 ao resultado final.<\/p>\n<p>O Mirabilis Tinto espelha os anos vit\u00edcolas com maior profundidade da Quinta Nova de Nossa Senhora do Carmo, refletindo-se num vinho denso, intenso de aromas, tridimensional, de enorme persist\u00eancia f\u00edsica, profundo e muito preciso.<\/p>\n<p>Um vinho que extravasa a nossa compreens\u00e3o\u2026 e, com calma, aproxima-se da maturidade humana.<\/p>\n<p>&nbsp;<\/p>","protected":false},"featured_media":17769,"template":"","meta":{"_exactmetrics_skip_tracking":false,"_exactmetrics_sitenote_active":false,"_exactmetrics_sitenote_note":"","_exactmetrics_sitenote_category":0,"_uf_show_specific_survey":0,"_uf_disable_surveys":false,"iawp_total_views":24},"product_brand":[],"product_cat":[162,157,201,184,215],"product_tag":[],"class_list":{"0":"post-17768","1":"product","2":"type-product","3":"status-publish","4":"has-post-thumbnail","6":"product_cat-raridades","7":"product_cat-vinhos","8":"product_cat-grandes-vinhos","9":"product_cat-tinto","10":"product_cat-douro","12":"first","13":"instock","14":"shipping-taxable","15":"purchasable","16":"product-type-simple"},"_links":{"self":[{"href":"https:\/\/garrafeiragrandeescolha.pt\/de\/wp-json\/wp\/v2\/product\/17768","targetHints":{"allow":["GET"]}}],"collection":[{"href":"https:\/\/garrafeiragrandeescolha.pt\/de\/wp-json\/wp\/v2\/product"}],"about":[{"href":"https:\/\/garrafeiragrandeescolha.pt\/de\/wp-json\/wp\/v2\/types\/product"}],"wp:featuredmedia":[{"embeddable":true,"href":"https:\/\/garrafeiragrandeescolha.pt\/de\/wp-json\/wp\/v2\/media\/17769"}],"wp:attachment":[{"href":"https:\/\/garrafeiragrandeescolha.pt\/de\/wp-json\/wp\/v2\/media?parent=17768"}],"wp:term":[{"taxonomy":"product_brand","embeddable":true,"href":"https:\/\/garrafeiragrandeescolha.pt\/de\/wp-json\/wp\/v2\/product_brand?post=17768"},{"taxonomy":"product_cat","embeddable":true,"href":"https:\/\/garrafeiragrandeescolha.pt\/de\/wp-json\/wp\/v2\/product_cat?post=17768"},{"taxonomy":"product_tag","embeddable":true,"href":"https:\/\/garrafeiragrandeescolha.pt\/de\/wp-json\/wp\/v2\/product_tag?post=17768"}],"curies":[{"name":"wp","href":"https:\/\/api.w.org\/{rel}","templated":true}]}}