{"id":17865,"date":"2023-09-18T11:10:30","date_gmt":"2023-09-18T11:10:30","guid":{"rendered":"https:\/\/garrafeiragrandeescolha.pt\/?post_type=product&#038;p=17865"},"modified":"2026-01-24T11:42:31","modified_gmt":"2026-01-24T11:42:31","slug":"vinhos-dos-mortos-tinto-2021-75cl","status":"publish","type":"product","link":"https:\/\/garrafeiragrandeescolha.pt\/de\/produkt\/vinhos-dos-mortos-tinto-2021-75cl\/","title":{"rendered":"Vinhos dos Mortos Tinto 2022 75cl"},"content":{"rendered":"<p><img decoding=\"async\" class=\"size-full wp-image-15863 aligncenter\" src=\"http:\/\/garrafeiragrandeescolha.pt\/wp-content\/uploads\/2022\/04\/logo_Vinho_dos_Mortos.webp\" alt=\"\" width=\"180\" height=\"116\" srcset=\"https:\/\/garrafeiragrandeescolha.pt\/wp-content\/uploads\/2022\/04\/logo_Vinho_dos_Mortos.webp 180w, https:\/\/garrafeiragrandeescolha.pt\/wp-content\/uploads\/2022\/04\/logo_Vinho_dos_Mortos-18x12.webp 18w\" sizes=\"(max-width: 180px) 100vw, 180px\" \/><\/p>\n<p class=\"h4\">Uma hist\u00f3ria que nos leva at\u00e9 ao ano de 1808.<\/p>\n<div class=\"rte-setting\">\n<p>Aquando da segunda Invas\u00e3o Francesa a Portugal, o povo da atual regi\u00e3o de Boticas, com medo que lhes pilhassem os seus\u00a0pertences de valor, escondeu o que conseguiu, incluindo o vinho, que foi enterrado no ch\u00e3o das adegas, debaixo das pipas e dos lagares.<\/p>\n<p>Mais tarde, quando recuperaram os seus preciosos bens, descobriram que o vinho tinha adquirido propriedades\u00a0inusitadas. Um vinho com\u00a0baixo teor alcoolico\u00a0e\u00a0algum g\u00e1s,\u00a0fruto do processo de fermenta\u00e7\u00e3o natural durante o per\u00edodo que ficou enterrado e cuja conserva\u00e7\u00e3o foi beneficiada pela temperatura constante e aus\u00eancia de\u00a0luz.Por ter sido enterrado, o vinho recebeu o nome de Vinho dos Mortos. A tradi\u00e7\u00e3o mantem-se at\u00e9 aos dias de hoje, sendo hist\u00f3ria viva da vila de Boticas.<\/p>\n<\/div>","protected":false},"excerpt":{"rendered":"<p>\u00danico e diferente, \u00e9 um vinho de transi\u00e7\u00e3o, com um baixo teor alco\u00f3lico, palhete, e ligeiramente gasoso. Na sua composi\u00e7\u00e3o temos as castas aut\u00f3ctones portuguesas Touriga Nacional, Touriga Franca, Tinta Barroca e Trincadeira, bem como a casta Alicante Bouschet de origem francesa. O Aroma \u00e9 geralmente de frutos vermelhos com notas abaunilhadas. No paladar \u00e9 leve, com acidez pronunciada, muita frescura e uma sutil e agrad\u00e1vel gaseifica\u00e7\u00e3o. Estas caracter\u00edsticas revelam um vinho de car\u00e1ter singular, saboroso, alegre e excitante. Perfeito para os dias quentes de ver\u00e3o e para todos os dias do ano, para os amantes de um vinho suave de frescor pronunciado.<\/p>","protected":false},"featured_media":19480,"template":"","meta":{"_exactmetrics_skip_tracking":false,"_exactmetrics_sitenote_active":false,"_exactmetrics_sitenote_note":"","_exactmetrics_sitenote_category":0,"_uf_show_specific_survey":0,"_uf_disable_surveys":false,"iawp_total_views":642},"product_brand":[],"product_cat":[184,212,157],"product_tag":[],"class_list":{"0":"post-17865","1":"product","2":"type-product","3":"status-publish","4":"has-post-thumbnail","6":"product_cat-tinto","7":"product_cat-tras-os-montes","8":"product_cat-vinhos","10":"first","11":"instock","12":"shipping-taxable","13":"purchasable","14":"product-type-simple"},"_links":{"self":[{"href":"https:\/\/garrafeiragrandeescolha.pt\/de\/wp-json\/wp\/v2\/product\/17865","targetHints":{"allow":["GET"]}}],"collection":[{"href":"https:\/\/garrafeiragrandeescolha.pt\/de\/wp-json\/wp\/v2\/product"}],"about":[{"href":"https:\/\/garrafeiragrandeescolha.pt\/de\/wp-json\/wp\/v2\/types\/product"}],"wp:featuredmedia":[{"embeddable":true,"href":"https:\/\/garrafeiragrandeescolha.pt\/de\/wp-json\/wp\/v2\/media\/19480"}],"wp:attachment":[{"href":"https:\/\/garrafeiragrandeescolha.pt\/de\/wp-json\/wp\/v2\/media?parent=17865"}],"wp:term":[{"taxonomy":"product_brand","embeddable":true,"href":"https:\/\/garrafeiragrandeescolha.pt\/de\/wp-json\/wp\/v2\/product_brand?post=17865"},{"taxonomy":"product_cat","embeddable":true,"href":"https:\/\/garrafeiragrandeescolha.pt\/de\/wp-json\/wp\/v2\/product_cat?post=17865"},{"taxonomy":"product_tag","embeddable":true,"href":"https:\/\/garrafeiragrandeescolha.pt\/de\/wp-json\/wp\/v2\/product_tag?post=17865"}],"curies":[{"name":"wp","href":"https:\/\/api.w.org\/{rel}","templated":true}]}}