{"id":17985,"date":"2023-10-26T16:30:45","date_gmt":"2023-10-26T16:30:45","guid":{"rendered":"https:\/\/garrafeiragrandeescolha.pt\/?post_type=product&#038;p=17985"},"modified":"2024-10-23T14:23:09","modified_gmt":"2024-10-23T14:23:09","slug":"dona-berta-rabigato-reserva-vinhas-velhas-branco-2022-75cl","status":"publish","type":"product","link":"https:\/\/garrafeiragrandeescolha.pt\/de\/produkt\/dona-berta-rabigato-reserva-vinhas-velhas-branco-2022-75cl\/","title":{"rendered":"Dona Berta Rabigato Reserva Vinhas Velhas Branco 2022 75cl"},"content":{"rendered":"<p><img fetchpriority=\"high\" decoding=\"async\" class=\"size-medium wp-image-17982 aligncenter\" src=\"http:\/\/garrafeiragrandeescolha.pt\/wp-content\/uploads\/2023\/10\/3-300x188.webp\" alt=\"\" width=\"300\" height=\"188\" srcset=\"https:\/\/garrafeiragrandeescolha.pt\/wp-content\/uploads\/2023\/10\/3-300x188.webp 300w, https:\/\/garrafeiragrandeescolha.pt\/wp-content\/uploads\/2023\/10\/3-768x482.webp 768w, https:\/\/garrafeiragrandeescolha.pt\/wp-content\/uploads\/2023\/10\/3-18x12.webp 18w, https:\/\/garrafeiragrandeescolha.pt\/wp-content\/uploads\/2023\/10\/3-600x377.webp 600w, https:\/\/garrafeiragrandeescolha.pt\/wp-content\/uploads\/2023\/10\/3.webp 936w\" sizes=\"(max-width: 300px) 100vw, 300px\" \/><\/p>\n<p>\u201cEstas terras s\u00e3o minhas. Um dia, ainda vais ficar com elas e fazer uma grande quinta\u201d prenunciava com sabedoria ancestral o tio-av\u00f4 do fundador da casa \u2013 o Engenheiro Hern\u00e2ni Verdelho \u2013 contemplando do alto da poeirenta estrada Nacional 222 a vastid\u00e3o serena e soalheira da Quinta do Carrenho.<\/p>\n<p>H\u00e1 cerca de 30 anos Hern\u00e2ni Verdelho iniciou um projeto de reconvers\u00e3o e beneficia\u00e7\u00e3o do seu patrim\u00f3nio vit\u00edcola de vinhas velhas, seguida de planta\u00e7\u00e3o de vinhas novas, a maior parte das quais localizadas na Quinta do Carrenho, que se encontram implantadas em terrenos de encosta de m\u00e9dia altitude, xistosos, abrigados e com excelente exposi\u00e7\u00e3o solar.<\/p>\n<p>A Quinta do Carrenho \u00e9 o local onde s\u00e3o produzidos os Vinhos Dona Berta.<\/p>\n<p class=\"has-text-align-left\">Compreendendo aproximadamente 15 ha inclui uma\u00a0Adega\u00a0\u2013 onde s\u00e3o produzidos os nossos Vinhos \u2013 e uma\u00a0Enoteca\u00a0\u2013 onde s\u00e3o conduzidas provas de Vinho e realizados almo\u00e7os e jantares com os nossos convidados (quando s\u00e3o realizados eventos no nosso Espa\u00e7o).<\/p>\n<p>A Quinta encontra-se a aproximadamente 400-500 metros de altitude \u2013 sendo que a vinha mais \u201calta\u201d se encontra plantada a 600 metros de altitude e a menor a sensivelmente 400 metros.<\/p>\n<p>Possui um solo xistoso, t\u00edpico desta regi\u00e3o do Douro (Douro Superior), com pouca ou nenhuma \u00e1gua, mas acima de tudo abrigados e com excelente exposi\u00e7\u00e3o solar.<\/p>\n<p>Na Quinta temos plantadas as castas t\u00edpicas da regi\u00e3o, Tinta Roriz, Touriga Nacional, Touriga Franca, Tinta Barroca, Tinto C\u00e3o, Rabigato, Verdelho, genuinamente portuguesas e rigorosamente selecionadas.<\/p>","protected":false},"excerpt":{"rendered":"<p>Um monocasta 100% Rabigato, uma casta que sempre foi usada no Douro para\u00a0<em>blend<\/em> de Vinhos Brancos, mas que a partir de 2001 foi decidido que iria brilhar a \u201csolo\u201d.<\/p>\n<p>O resultado \u00e9 o que se conhece \u2013 o fen\u00f3meno Rabigato virou moda e neste momento j\u00e1 s\u00e3o muitos os produtores que apostam nesta casta como monovarietal.<\/p>\n<p>Neste momento falar dos Vinhos Dona Berta \u00e9 falar do Rabigato \u2013 uma casta que foi t\u00e3o querida para o Fundador \u2013 o qual muitas vezes era tratado de forma amig\u00e1vel por \u201cSr. Rabigato\u201d.<\/p>\n<p>\u00c9 um vinho produzido todos os anos, a partir das melhores uvas de Rabigato, que s\u00e3o apanhadas na Quinta do Carrenho.<\/p>","protected":false},"featured_media":17986,"template":"","meta":{"_exactmetrics_skip_tracking":false,"_exactmetrics_sitenote_active":false,"_exactmetrics_sitenote_note":"","_exactmetrics_sitenote_category":0,"_uf_show_specific_survey":0,"_uf_disable_surveys":false,"iawp_total_views":37},"product_brand":[],"product_cat":[157,185,188],"product_tag":[],"class_list":{"0":"post-17985","1":"product","2":"type-product","3":"status-publish","4":"has-post-thumbnail","6":"product_cat-vinhos","7":"product_cat-branco","8":"product_cat-douro-branco","10":"first","11":"instock","12":"shipping-taxable","13":"purchasable","14":"product-type-simple"},"_links":{"self":[{"href":"https:\/\/garrafeiragrandeescolha.pt\/de\/wp-json\/wp\/v2\/product\/17985","targetHints":{"allow":["GET"]}}],"collection":[{"href":"https:\/\/garrafeiragrandeescolha.pt\/de\/wp-json\/wp\/v2\/product"}],"about":[{"href":"https:\/\/garrafeiragrandeescolha.pt\/de\/wp-json\/wp\/v2\/types\/product"}],"wp:featuredmedia":[{"embeddable":true,"href":"https:\/\/garrafeiragrandeescolha.pt\/de\/wp-json\/wp\/v2\/media\/17986"}],"wp:attachment":[{"href":"https:\/\/garrafeiragrandeescolha.pt\/de\/wp-json\/wp\/v2\/media?parent=17985"}],"wp:term":[{"taxonomy":"product_brand","embeddable":true,"href":"https:\/\/garrafeiragrandeescolha.pt\/de\/wp-json\/wp\/v2\/product_brand?post=17985"},{"taxonomy":"product_cat","embeddable":true,"href":"https:\/\/garrafeiragrandeescolha.pt\/de\/wp-json\/wp\/v2\/product_cat?post=17985"},{"taxonomy":"product_tag","embeddable":true,"href":"https:\/\/garrafeiragrandeescolha.pt\/de\/wp-json\/wp\/v2\/product_tag?post=17985"}],"curies":[{"name":"wp","href":"https:\/\/api.w.org\/{rel}","templated":true}]}}