{"id":17997,"date":"2023-10-28T11:06:54","date_gmt":"2023-10-28T11:06:54","guid":{"rendered":"https:\/\/garrafeiragrandeescolha.pt\/?post_type=product&#038;p=17997"},"modified":"2023-10-28T11:10:44","modified_gmt":"2023-10-28T11:10:44","slug":"monte-das-bagas-de-ouro-reserva-tinto-2020-75cl","status":"publish","type":"product","link":"https:\/\/garrafeiragrandeescolha.pt\/de\/produkt\/monte-das-bagas-de-ouro-reserva-tinto-2020-75cl\/","title":{"rendered":"Monte das Bagas de Ouro Reserva Tinto 2020 75cl"},"content":{"rendered":"<p><img decoding=\"async\" class=\"size-full wp-image-17991 aligncenter\" src=\"http:\/\/garrafeiragrandeescolha.pt\/wp-content\/uploads\/2023\/10\/logo-adega_compress.png\" alt=\"\" width=\"150\" height=\"170\" srcset=\"https:\/\/garrafeiragrandeescolha.pt\/wp-content\/uploads\/2023\/10\/logo-adega_compress.png 150w, https:\/\/garrafeiragrandeescolha.pt\/wp-content\/uploads\/2023\/10\/logo-adega_compress-11x12.png 11w\" sizes=\"(max-width: 150px) 100vw, 150px\" \/><\/p>\n<p>Os cheiros\u2026 as cores\u2026 as sensa\u00e7\u00f5es.<\/p>\n<p>O nascer do sol.<\/p>\n<p>Um sonho concretizado.<\/p>\n<p>A Adega do Montado dedica-se \u00e0 produ\u00e7\u00e3o e comercializa\u00e7\u00e3o de vinho, em Serpa e nasceu de um sonho de um dos s\u00f3cios: plantar uma vinha no Alentejo e dar a conhecer a regi\u00e3o ao mundo.<\/p>\n<p>Em 2015 nasceu a vinha.<\/p>\n<p>Em 2019 foi constru\u00edda a Adega \u2013 um projeto familiar que cruza gera\u00e7\u00f5es e que est\u00e1 alicer\u00e7ado na paix\u00e3o pelo campo e pelo mundo dos vinhos.<\/p>\n<p>A imensid\u00e3o das plan\u00edcies, as cores que marcam a terra, o sol. Tudo envolve a Adega do Montado.<\/p>","protected":false},"excerpt":{"rendered":"<p>Castas: Petit Verdot<\/p>\n<p>A casta Petit Verdot foi a inspira\u00e7\u00e3o, a base e a raz\u00e3o deste Reserva. Aromaticamente \u00e9 expressivo, intenso e envolvente. Os frutos do bosque mesclados com notas florais de violetas, envolvidas numa nota t\u00edmida de tosta e pimenta conquistam-nos de imediato. O est\u00e1gio de 18 meses em barricas de carvalho franc\u00eas confere complexidade e estrutura, mas simultaneamente eleg\u00e2ncia e equil\u00edbrio. Um Reserva que termina longo, que persiste e insiste em nos conquistar\u2026<\/p>","protected":false},"featured_media":17998,"template":"","meta":{"_exactmetrics_skip_tracking":false,"_exactmetrics_sitenote_active":false,"_exactmetrics_sitenote_note":"","_exactmetrics_sitenote_category":0,"_uf_show_specific_survey":0,"_uf_disable_surveys":false,"iawp_total_views":55},"product_brand":[],"product_cat":[157,184,207],"product_tag":[],"class_list":{"0":"post-17997","1":"product","2":"type-product","3":"status-publish","4":"has-post-thumbnail","6":"product_cat-vinhos","7":"product_cat-tinto","8":"product_cat-alentejo","10":"first","11":"instock","12":"shipping-taxable","13":"purchasable","14":"product-type-simple"},"_links":{"self":[{"href":"https:\/\/garrafeiragrandeescolha.pt\/de\/wp-json\/wp\/v2\/product\/17997","targetHints":{"allow":["GET"]}}],"collection":[{"href":"https:\/\/garrafeiragrandeescolha.pt\/de\/wp-json\/wp\/v2\/product"}],"about":[{"href":"https:\/\/garrafeiragrandeescolha.pt\/de\/wp-json\/wp\/v2\/types\/product"}],"wp:featuredmedia":[{"embeddable":true,"href":"https:\/\/garrafeiragrandeescolha.pt\/de\/wp-json\/wp\/v2\/media\/17998"}],"wp:attachment":[{"href":"https:\/\/garrafeiragrandeescolha.pt\/de\/wp-json\/wp\/v2\/media?parent=17997"}],"wp:term":[{"taxonomy":"product_brand","embeddable":true,"href":"https:\/\/garrafeiragrandeescolha.pt\/de\/wp-json\/wp\/v2\/product_brand?post=17997"},{"taxonomy":"product_cat","embeddable":true,"href":"https:\/\/garrafeiragrandeescolha.pt\/de\/wp-json\/wp\/v2\/product_cat?post=17997"},{"taxonomy":"product_tag","embeddable":true,"href":"https:\/\/garrafeiragrandeescolha.pt\/de\/wp-json\/wp\/v2\/product_tag?post=17997"}],"curies":[{"name":"wp","href":"https:\/\/api.w.org\/{rel}","templated":true}]}}