{"id":18230,"date":"2023-11-22T22:36:31","date_gmt":"2023-11-22T22:36:31","guid":{"rendered":"https:\/\/garrafeiragrandeescolha.pt\/?post_type=product&#038;p=18230"},"modified":"2024-07-19T16:47:54","modified_gmt":"2024-07-19T16:47:54","slug":"gin-big-boss-pink-70cl","status":"publish","type":"product","link":"https:\/\/garrafeiragrandeescolha.pt\/de\/produkt\/gin-big-boss-pink-70cl\/","title":{"rendered":"Gin Big Boss Pink 70cl"},"content":{"rendered":"<p>A marca\u00a0Neto Costa, no mercado desde 1931, tem a honra de apresentar o\u00a0BIG BOSS, um Gin Premium com esp\u00edrito da nova gera\u00e7\u00e3o, com origem no passado da hist\u00f3ria Portuguesa.<br \/>\nO Gin BIG BOSS, surge ap\u00f3s mais de um ano de investiga\u00e7\u00e3o e desenvolvimento da f\u00f3rmula original do\u00a0Primeiro Gin Portugu\u00eas\u00a0produzido pelas Caves Neto Costa o COMMODORE, reconhecido internacionalmente com o pr\u00e9mio Medalha de Prata, no concurso MONDE SELECTION, bruxelles-Belgique em 1985.<\/p>","protected":false},"excerpt":{"rendered":"<p>A marca\u00a0Neto Costa, no mercado desde 1931, tem a honra de apresentar o\u00a0BIG BOSS, um Gin Premium com esp\u00edrito da nova gera\u00e7\u00e3o, com origem no passado da hist\u00f3ria Portuguesa. O Gin BIG BOSS, surge ap\u00f3s mais de um ano de investiga\u00e7\u00e3o e desenvolvimento da f\u00f3rmula original do\u00a0Primeiro Gin Portugu\u00eas\u00a0produzido pelas Caves Neto Costa o COMMODORE, [&hellip;]<\/p>","protected":false},"featured_media":18231,"template":"","meta":{"_exactmetrics_skip_tracking":false,"_exactmetrics_sitenote_active":false,"_exactmetrics_sitenote_note":"","_exactmetrics_sitenote_category":0,"_uf_show_specific_survey":0,"_uf_disable_surveys":false,"iawp_total_views":16},"product_brand":[],"product_cat":[158,183],"product_tag":[],"class_list":{"0":"post-18230","1":"product","2":"type-product","3":"status-publish","4":"has-post-thumbnail","6":"product_cat-espirituosos","7":"product_cat-gin","9":"first","10":"instock","11":"shipping-taxable","12":"purchasable","13":"product-type-simple"},"_links":{"self":[{"href":"https:\/\/garrafeiragrandeescolha.pt\/de\/wp-json\/wp\/v2\/product\/18230","targetHints":{"allow":["GET"]}}],"collection":[{"href":"https:\/\/garrafeiragrandeescolha.pt\/de\/wp-json\/wp\/v2\/product"}],"about":[{"href":"https:\/\/garrafeiragrandeescolha.pt\/de\/wp-json\/wp\/v2\/types\/product"}],"wp:featuredmedia":[{"embeddable":true,"href":"https:\/\/garrafeiragrandeescolha.pt\/de\/wp-json\/wp\/v2\/media\/18231"}],"wp:attachment":[{"href":"https:\/\/garrafeiragrandeescolha.pt\/de\/wp-json\/wp\/v2\/media?parent=18230"}],"wp:term":[{"taxonomy":"product_brand","embeddable":true,"href":"https:\/\/garrafeiragrandeescolha.pt\/de\/wp-json\/wp\/v2\/product_brand?post=18230"},{"taxonomy":"product_cat","embeddable":true,"href":"https:\/\/garrafeiragrandeescolha.pt\/de\/wp-json\/wp\/v2\/product_cat?post=18230"},{"taxonomy":"product_tag","embeddable":true,"href":"https:\/\/garrafeiragrandeescolha.pt\/de\/wp-json\/wp\/v2\/product_tag?post=18230"}],"curies":[{"name":"wp","href":"https:\/\/api.w.org\/{rel}","templated":true}]}}