{"id":18237,"date":"2023-11-22T23:32:57","date_gmt":"2023-11-22T23:32:57","guid":{"rendered":"https:\/\/garrafeiragrandeescolha.pt\/?post_type=product&#038;p=18237"},"modified":"2023-11-22T23:32:57","modified_gmt":"2023-11-22T23:32:57","slug":"cistus-tinto-2021-75cl","status":"publish","type":"product","link":"https:\/\/garrafeiragrandeescolha.pt\/de\/produkt\/cistus-tinto-2021-75cl\/","title":{"rendered":"Cistus Tinto 2021 75cl"},"content":{"rendered":"<p><img fetchpriority=\"high\" decoding=\"async\" class=\"size-full wp-image-18238 aligncenter\" src=\"http:\/\/garrafeiragrandeescolha.pt\/wp-content\/uploads\/2023\/11\/vale-da-perdiz-logo.png\" alt=\"\" width=\"300\" height=\"176\" srcset=\"https:\/\/garrafeiragrandeescolha.pt\/wp-content\/uploads\/2023\/11\/vale-da-perdiz-logo.png 300w, https:\/\/garrafeiragrandeescolha.pt\/wp-content\/uploads\/2023\/11\/vale-da-perdiz-logo-18x12.png 18w\" sizes=\"(max-width: 300px) 100vw, 300px\" \/><\/p>\n<p>Quinta do Vale da Perdiz liegt im Herzen des Douro Superior, in der N\u00e4he von Torre de Moncorvo. Die vierzehn Hektar Weinberge der Quinta sind auf Terrassen auf beiden Seiten des Tals angeordnet, das ihr ihren Namen gibt.<\/p>\n<p>Quinta do Vale da Perdiz liegt im Herzen des Douro Superior, in der N\u00e4he von Torre de Moncorvo. Die vierzehn Hektar Weinberge der Quinta sind auf Terrassen auf beiden Seiten des Tals angeordnet, das ihr ihren Namen gibt. Auf dem Weinberg, der auf Schieferboden gepflanzt ist und nach S\u00fcden, Norden und Osten ausgerichtet ist, wachsen die traditionellen Edelrebsorten der abgegrenzten Douro-Region: Touriga Nacional, Touriga Franca, Tinta Roriz und Tinta Barroca.<\/p>\n<p>Die Sch\u00f6nheit und der Charme, die der Douro ausstrahlt, sind unbestreitbar. Die gesamte Naturlandschaft des Douro-Tals, die zum Weltkulturerbe geh\u00f6rt, kann aus n\u00e4chster N\u00e4he und auf vielf\u00e4ltige Weise betrachtet werden. Die klimatischen Eigenschaften der Region beg\u00fcnstigen die Qualit\u00e4t und den unverwechselbaren Geschmack der Zistrose.<\/p>","protected":false},"excerpt":{"rendered":"<p>Castas: Touriga Nacional, Touriga Franca, Tinta Roriz e Tinta Barroca.<\/p>\n<p>Ideal para acompanhar grelhados, carnes brancas e massas. Deve ser servido \u00e0 temperatura de 18\u00baC para revelar todas as suas qualidades.<\/p>\n<header class=\"entry-content-header\">\n<p class=\"iconbox_content_title\"><span style=\"font-size: 16px;\">Est\u00e1gio: Parte do lote (aprox. 50%) estagia em barricas de 2.\u00ba e 3.\u00ba ano.<\/span><\/p>\n<header class=\"entry-content-header\">\n<p class=\"iconbox_content_title\">PREISE<\/p>\n<\/header>\n<div class=\"iconbox_content_container\">\n<p>Pr\u00e9mios \/ Colheita 2003:<br \/>\n\u2022 International Wine Challenge 2005 \u2013 Medalha de Bronze<\/p>\n<p>Pr\u00e9mios \/ Colheita 2004:<br \/>\n\u2022 Vinalies Internationales 2007 \u2013 Medalha de Prata<br \/>\n\u2022 International Wine Challenge 2008 \u2013 Comenda<br \/>\n\u2022 Challenge International du Vin 2008 \u2013 Medalha de Prata<\/p>\n<p>Pr\u00e9mios \/ Colheita 2010:<br \/>\n\u2022 Challenge International du Vin 2014 \u2013 Medalha de Prata<\/p>\n<p>Pr\u00e9mios \/ Colheita 2013:<br \/>\n\u2022 Challenge International du Vin 2016 \u2013 Medalha de Prata<br \/>\n\u2022 International Wine Challenge 2016 \u2013 Comenda<\/p>\n<p>Pr\u00e9mios \/ Colheita 2015:<br \/>\n\u2022 International Wine Challenge 2017 \u2013 Comenda<\/p>\n<p>Pr\u00e9mios \/ Colheita 2020:<br \/>\n\u2022 International Wine Challenge 2022 \u2013 Bronzemedaille<\/p>\n<\/div>\n<\/header>","protected":false},"featured_media":18239,"template":"","meta":{"_exactmetrics_skip_tracking":false,"_exactmetrics_sitenote_active":false,"_exactmetrics_sitenote_note":"","_exactmetrics_sitenote_category":0,"_uf_show_specific_survey":0,"_uf_disable_surveys":false,"iawp_total_views":12},"product_brand":[],"product_cat":[215,184,157],"product_tag":[],"class_list":{"0":"post-18237","1":"product","2":"type-product","3":"status-publish","4":"has-post-thumbnail","6":"product_cat-douro","7":"product_cat-tinto","8":"product_cat-vinhos","10":"first","11":"instock","12":"shipping-taxable","13":"purchasable","14":"product-type-simple"},"_links":{"self":[{"href":"https:\/\/garrafeiragrandeescolha.pt\/de\/wp-json\/wp\/v2\/product\/18237","targetHints":{"allow":["GET"]}}],"collection":[{"href":"https:\/\/garrafeiragrandeescolha.pt\/de\/wp-json\/wp\/v2\/product"}],"about":[{"href":"https:\/\/garrafeiragrandeescolha.pt\/de\/wp-json\/wp\/v2\/types\/product"}],"wp:featuredmedia":[{"embeddable":true,"href":"https:\/\/garrafeiragrandeescolha.pt\/de\/wp-json\/wp\/v2\/media\/18239"}],"wp:attachment":[{"href":"https:\/\/garrafeiragrandeescolha.pt\/de\/wp-json\/wp\/v2\/media?parent=18237"}],"wp:term":[{"taxonomy":"product_brand","embeddable":true,"href":"https:\/\/garrafeiragrandeescolha.pt\/de\/wp-json\/wp\/v2\/product_brand?post=18237"},{"taxonomy":"product_cat","embeddable":true,"href":"https:\/\/garrafeiragrandeescolha.pt\/de\/wp-json\/wp\/v2\/product_cat?post=18237"},{"taxonomy":"product_tag","embeddable":true,"href":"https:\/\/garrafeiragrandeescolha.pt\/de\/wp-json\/wp\/v2\/product_tag?post=18237"}],"curies":[{"name":"wp","href":"https:\/\/api.w.org\/{rel}","templated":true}]}}