{"id":18250,"date":"2023-11-23T08:48:39","date_gmt":"2023-11-23T08:48:39","guid":{"rendered":"https:\/\/garrafeiragrandeescolha.pt\/?post_type=product&#038;p=18250"},"modified":"2024-04-10T12:16:17","modified_gmt":"2024-04-10T12:16:17","slug":"porto-quinta-da-peca-jahrgang-2004-75cl","status":"publish","type":"product","link":"https:\/\/garrafeiragrandeescolha.pt\/de\/produkt\/porto-quinta-da-peca-jahrgang-2004-75cl\/","title":{"rendered":"Porto Quinta da Pe\u00e7a Vintage 2004 75cl"},"content":{"rendered":"","protected":false},"excerpt":{"rendered":"<p><span class=\"&quot;desc_vinho&quot;\">Sorten:\u00a0<\/span>Touriga Nacional, Touriga Franca, Tinta Roriz (Aragonez), Tinta Barroca.<br \/>\n<span class=\"&quot;desc_vinho&quot;\">Wein machen:<\/span>\u00a0Horizontale Weinbereitung bei kontrollierten Temperaturen von 20\u201328 \u00b0C<br \/>\n<span class=\"&quot;desc_vinho&quot;\">Farbe:<\/span>\u00a0Sehr dunkles Rot<br \/>\n<span class=\"&quot;desc_vinho&quot;\">Aroma:<\/span>\u00a0Noten von Schokolade und Vanille sorgen f\u00fcr zus\u00e4tzliche Komplexit\u00e4t<br \/>\n<span class=\"&quot;desc_vinho&quot;\">Altern:<\/span>\u00a0In slowenischer Eiche gereift<br \/>\n<span class=\"&quot;desc_vinho&quot;\">Mund:<\/span>\u00a0Cremig im Mund mit Schokoladen- und Gew\u00fcrzgeschmack<br \/>\n<span class=\"&quot;desc_vinho&quot;\">Mund (Ende):<\/span>\u00a0Weich, lang und anhaltend<br \/>\n<span class=\"&quot;desc_vinho&quot;\">Gerichte:<\/span>\u00a0Schokolade und Trockenfr\u00fcchte<\/p>","protected":false},"featured_media":18252,"template":"","meta":{"_exactmetrics_skip_tracking":false,"_exactmetrics_sitenote_active":false,"_exactmetrics_sitenote_note":"","_exactmetrics_sitenote_category":0,"_uf_show_specific_survey":0,"_uf_disable_surveys":false,"iawp_total_views":54},"product_brand":[],"product_cat":[159,162,168],"product_tag":[],"class_list":{"0":"post-18250","1":"product","2":"type-product","3":"status-publish","4":"has-post-thumbnail","6":"product_cat-portos","7":"product_cat-raridades","8":"product_cat-vintage","10":"first","11":"instock","12":"shipping-taxable","13":"purchasable","14":"product-type-simple"},"_links":{"self":[{"href":"https:\/\/garrafeiragrandeescolha.pt\/de\/wp-json\/wp\/v2\/product\/18250","targetHints":{"allow":["GET"]}}],"collection":[{"href":"https:\/\/garrafeiragrandeescolha.pt\/de\/wp-json\/wp\/v2\/product"}],"about":[{"href":"https:\/\/garrafeiragrandeescolha.pt\/de\/wp-json\/wp\/v2\/types\/product"}],"wp:featuredmedia":[{"embeddable":true,"href":"https:\/\/garrafeiragrandeescolha.pt\/de\/wp-json\/wp\/v2\/media\/18252"}],"wp:attachment":[{"href":"https:\/\/garrafeiragrandeescolha.pt\/de\/wp-json\/wp\/v2\/media?parent=18250"}],"wp:term":[{"taxonomy":"product_brand","embeddable":true,"href":"https:\/\/garrafeiragrandeescolha.pt\/de\/wp-json\/wp\/v2\/product_brand?post=18250"},{"taxonomy":"product_cat","embeddable":true,"href":"https:\/\/garrafeiragrandeescolha.pt\/de\/wp-json\/wp\/v2\/product_cat?post=18250"},{"taxonomy":"product_tag","embeddable":true,"href":"https:\/\/garrafeiragrandeescolha.pt\/de\/wp-json\/wp\/v2\/product_tag?post=18250"}],"curies":[{"name":"wp","href":"https:\/\/api.w.org\/{rel}","templated":true}]}}