{"id":18288,"date":"2023-11-25T13:07:05","date_gmt":"2023-11-25T13:07:05","guid":{"rendered":"https:\/\/garrafeiragrandeescolha.pt\/?post_type=product&#038;p=18288"},"modified":"2023-11-25T13:09:58","modified_gmt":"2023-11-25T13:09:58","slug":"porto-dows-colheita-1974-75cl","status":"publish","type":"product","link":"https:\/\/garrafeiragrandeescolha.pt\/de\/produkt\/porto-dows-colheita-1974-75cl\/","title":{"rendered":"Porto Dow&#8217;s Colheita 1974 75cl"},"content":{"rendered":"<p><img fetchpriority=\"high\" decoding=\"async\" class=\"size-medium wp-image-15312 aligncenter\" src=\"http:\/\/garrafeiragrandeescolha.pt\/wp-content\/uploads\/2022\/02\/logo-dows2-300x192.png\" alt=\"\" width=\"300\" height=\"192\" srcset=\"https:\/\/garrafeiragrandeescolha.pt\/wp-content\/uploads\/2022\/02\/logo-dows2-300x192.png 300w, https:\/\/garrafeiragrandeescolha.pt\/wp-content\/uploads\/2022\/02\/logo-dows2-600x384.png 600w, https:\/\/garrafeiragrandeescolha.pt\/wp-content\/uploads\/2022\/02\/logo-dows2.png 610w\" sizes=\"(max-width: 300px) 100vw, 300px\" \/><\/p>\n<p>Seit mehr als zwei Jahrhunderten ist der Name DOW mit dem besten Portwein in den Weinbergen des Alto Douro verbunden. Im 20. und 21. Jahrhundert baute die Familie Symington auf dem Erbe der fr\u00fcheren Familien Silva und Dow auf. Generationen von Symington-Winzern haben in den Weinbergen Quinta do Bomfim und Quinta da Senhora da Ribeira von Dow gearbeitet und daraus die hervorragend konzentrierten Weine von Dow kreiert, die in jungen Jahren intensiv und tanninhaltig sind und im Alter zu einer raffinierten, attraktiven Eleganz reifen und nach Veilchen- und Minzaromen duften . Der attraktive und unverwechselbare trockene Abgang von Dow ist das erkennbare Markenzeichen der Weine dieses gro\u00dfartigen Hauses in Porto.<\/p>\n<p>Die Geschichte von Dow&#039;s ist unter allen gro\u00dfen H\u00e4usern in Porto ungew\u00f6hnlich. Alles begann im Jahr 1798, als Bruno da Silva, ein portugiesischer Kaufmann aus Porto, eine Reise unternahm, die der der ersten britischen H\u00e4ndler entgegengesetzt war. Bruno lie\u00df sich in London nieder, wo er Wein aus seinem Heimatland importierte. Er heiratete eine Engl\u00e4nderin und wurde schnell in die Londoner Gesellschaft integriert, wo sein Gesch\u00e4ftssinn zu einem gro\u00dfen Ruf seiner Weine f\u00fchrte. Doch der Ausbruch der Napoleonischen Kriege gef\u00e4hrdete sein Gesch\u00e4ft. Unerschrocken beantragte Bruno da Silva \u201eLetters of Marque\u201c (k\u00f6nigliche Zustimmung zur Ausr\u00fcstung eines Handelsschiffs mit Waffen), um eine sichere \u00dcberfahrt von seinem Hafen Porto nach Bristol und London zu gew\u00e4hrleisten. Es war das erste und einzige Hafenunternehmen, das seine kostbare F\u00e4sserladung von guten H\u00e4fen unter eigenem bewaffneten Schutz \u00fcber den t\u00fcckischen Golf von Biskaya transportierte.<\/p>\n<p>Das Hafenschifffahrtsgesch\u00e4ft wurde von Brunos Sohn John da Silva weitergef\u00fchrt, der 1862 Frederick William Cosens in eine Partnerschaft einbrachte. Zusammen mit Johns Sohn Edward wurden sie aktive Partner von Silva &amp; Cosens. Edward da Silva erbte die unternehmerischen F\u00e4higkeiten seines Gro\u00dfvaters und das Unternehmen florierte weiterhin. Edward wurde zu einer hoch angesehenen Pers\u00f6nlichkeit im Londoner Weinhandel und war einer der Gr\u00fcnder der Wine Benevolent Society, der f\u00fchrenden Wohlt\u00e4tigkeitsorganisation, die bis heute als f\u00fchrende britische Weinhandelsorganisation gilt. Edward da Silva war Pr\u00e4sident der Benevolent und ab 1892 f\u00fcr viele Jahre deren Pr\u00e4sident.<br \/>\nAls das Unternehmen weiter expandierte, stie\u00dfen zu Edward da Silva und Frederick Cosens George Acheson Warre, dessen bekannte Familie seit den Anfangsjahren im Porto-Handel t\u00e4tig war. Die GAW trat 1868 als Partner bei und wurde zu ihrer treibenden Kraft in Portugal.<\/p>\n<p>Im Jahr 1877 fusionierte Silva &amp; Cosens mit einem anderen f\u00fchrenden Hafenunternehmen, Dow &amp; Co, dessen Hauptpartner James Ramsay Dow war, der 1856 mit der Ver\u00f6ffentlichung seiner wichtigen Abhandlung \u201eInquiry into the Fungus Suggestions for a Heilmittel\u201c Ber\u00fchmtheit erlangt hatte. Zu dieser Zeit verw\u00fcstete der Oidium-Pilz die Douro-Weinberge.<br \/>\nObwohl kleiner als Silva &amp; Cosens, hatte sich Dow &amp; Co zu einem hoch angesehenen Portweinhersteller entwickelt, der vor allem f\u00fcr seine Vintage Ports einen guten Ruf hatte, und als die beiden Unternehmen fusionierten, wurde beschlossen, DOW&#039;S als Marke zu \u00fcbernehmen.<\/p>","protected":false},"excerpt":{"rendered":"<p>H\u00e1 mais de dois s\u00e9culos que o nome DOW \u00e9 associado ao melhor porto das vinhas do Alto Douro.\u00a0Durante o s\u00e9culo XX e o s\u00e9culo XXI, a fam\u00edlia Symington se baseou no legado das fam\u00edlias Silva e Dow anteriores.\u00a0Gera\u00e7\u00f5es de vinicultores da Symington t\u00eam trabalhado nas vinhas da Dow: a Quinta do Bomfim e a [&hellip;]<\/p>","protected":false},"featured_media":18289,"template":"","meta":{"_exactmetrics_skip_tracking":false,"_exactmetrics_sitenote_active":false,"_exactmetrics_sitenote_note":"","_exactmetrics_sitenote_category":0,"_uf_show_specific_survey":0,"_uf_disable_surveys":false,"iawp_total_views":11},"product_brand":[],"product_cat":[159,167],"product_tag":[],"class_list":{"0":"post-18288","1":"product","2":"type-product","3":"status-publish","4":"has-post-thumbnail","6":"product_cat-portos","7":"product_cat-colheita","9":"first","10":"instock","11":"shipping-taxable","12":"purchasable","13":"product-type-simple"},"_links":{"self":[{"href":"https:\/\/garrafeiragrandeescolha.pt\/de\/wp-json\/wp\/v2\/product\/18288","targetHints":{"allow":["GET"]}}],"collection":[{"href":"https:\/\/garrafeiragrandeescolha.pt\/de\/wp-json\/wp\/v2\/product"}],"about":[{"href":"https:\/\/garrafeiragrandeescolha.pt\/de\/wp-json\/wp\/v2\/types\/product"}],"wp:featuredmedia":[{"embeddable":true,"href":"https:\/\/garrafeiragrandeescolha.pt\/de\/wp-json\/wp\/v2\/media\/18289"}],"wp:attachment":[{"href":"https:\/\/garrafeiragrandeescolha.pt\/de\/wp-json\/wp\/v2\/media?parent=18288"}],"wp:term":[{"taxonomy":"product_brand","embeddable":true,"href":"https:\/\/garrafeiragrandeescolha.pt\/de\/wp-json\/wp\/v2\/product_brand?post=18288"},{"taxonomy":"product_cat","embeddable":true,"href":"https:\/\/garrafeiragrandeescolha.pt\/de\/wp-json\/wp\/v2\/product_cat?post=18288"},{"taxonomy":"product_tag","embeddable":true,"href":"https:\/\/garrafeiragrandeescolha.pt\/de\/wp-json\/wp\/v2\/product_tag?post=18288"}],"curies":[{"name":"wp","href":"https:\/\/api.w.org\/{rel}","templated":true}]}}