{"id":18371,"date":"2023-12-06T22:30:57","date_gmt":"2023-12-06T22:30:57","guid":{"rendered":"https:\/\/garrafeiragrandeescolha.pt\/?post_type=product&#038;p=18371"},"modified":"2025-10-18T11:55:19","modified_gmt":"2025-10-18T11:55:19","slug":"brites-de-aguiar-185-tinto-2011-75cl","status":"publish","type":"product","link":"https:\/\/garrafeiragrandeescolha.pt\/de\/produkt\/brites-de-aguiar-185-tinto-2011-75cl\/","title":{"rendered":"Brites de Aguiar 18.5% Rot 2011 75cl"},"content":{"rendered":"<p><img fetchpriority=\"high\" decoding=\"async\" class=\"size-medium wp-image-15542 aligncenter\" src=\"http:\/\/garrafeiragrandeescolha.pt\/wp-content\/uploads\/2021\/09\/logotipo-brites-de-aguiar-300x224.png\" alt=\"\" width=\"300\" height=\"224\" srcset=\"https:\/\/garrafeiragrandeescolha.pt\/wp-content\/uploads\/2021\/09\/logotipo-brites-de-aguiar-300x224.png 300w, https:\/\/garrafeiragrandeescolha.pt\/wp-content\/uploads\/2021\/09\/logotipo-brites-de-aguiar-768x573.png 768w, https:\/\/garrafeiragrandeescolha.pt\/wp-content\/uploads\/2021\/09\/logotipo-brites-de-aguiar-600x448.png 600w, https:\/\/garrafeiragrandeescolha.pt\/wp-content\/uploads\/2021\/09\/logotipo-brites-de-aguiar.png 1001w\" sizes=\"(max-width: 300px) 100vw, 300px\" \/><\/p>\n<p>A fam\u00edlia Brites Aguiar tem origem e resid\u00eancia desde sempre na Regi\u00e3o Demarcada do Douro e a actividade praticada \u00e9 a cont\u00ednua liga\u00e7\u00e3o \u00e0 terra; a agricultura.<\/p>\n<p>Na pequena aldeia de V\u00e1rzea de Trev\u00f5es do concelho de S. Jo\u00e3o da Pesqueira localiza-se a resid\u00eancia e casa agr\u00edcola da fam\u00edlia.<\/p>\n<p>A gera\u00e7\u00e3o no activo, L\u00facia, Paulo e Tomi, t\u00eam na sua retaguarda os progenitores: Maria Fernanda Costa Brites e Manuel Ant\u00f3nio Pacheco Aguiar. A gera\u00e7\u00e3o mais recente, In\u00eas, Mariana, e Man\u00e9 completam e s\u00e3o a continuidade da prole da fam\u00edlia Brites Aguiar.<\/p>","protected":false},"excerpt":{"rendered":"<div dir=\"auto\">Quase 400 garrafas disponibilizadas de um vinho de 2011 com 18.5% de volume alco\u00f3lico.<\/div>\n<div dir=\"auto\">Lote proveniente de uvas vindimadas no imaculado ano de 2011 com um teor alco\u00f3lico incomum (18,5%).<\/div>\n<div dir=\"auto\">Engarrafado no ano de 2013, ap\u00f3s um est\u00e1gio de 18 meses em barricas de carvalho franc\u00eas.<\/div>\n<div dir=\"auto\">Mantido em &#8220;segredo&#8221; at\u00e9 ao ano de 2023, quando completou os 10 anos de est\u00e1gio em garrafa e foi ent\u00e3o decidida a sua comercializa\u00e7\u00e3o.<\/div>","protected":false},"featured_media":18372,"template":"","meta":{"_exactmetrics_skip_tracking":false,"_exactmetrics_sitenote_active":false,"_exactmetrics_sitenote_note":"","_exactmetrics_sitenote_category":0,"_uf_show_specific_survey":0,"_uf_disable_surveys":false,"iawp_total_views":297},"product_brand":[],"product_cat":[216,258,215,201,162,184,157],"product_tag":[],"class_list":{"0":"post-18371","1":"product","2":"type-product","3":"status-publish","4":"has-post-thumbnail","6":"product_cat-conjuntos","7":"product_cat-conjuntos-de-oferta","8":"product_cat-douro","9":"product_cat-grandes-vinhos","10":"product_cat-raridades","11":"product_cat-tinto","12":"product_cat-vinhos","14":"first","15":"instock","16":"shipping-taxable","17":"purchasable","18":"product-type-simple"},"_links":{"self":[{"href":"https:\/\/garrafeiragrandeescolha.pt\/de\/wp-json\/wp\/v2\/product\/18371","targetHints":{"allow":["GET"]}}],"collection":[{"href":"https:\/\/garrafeiragrandeescolha.pt\/de\/wp-json\/wp\/v2\/product"}],"about":[{"href":"https:\/\/garrafeiragrandeescolha.pt\/de\/wp-json\/wp\/v2\/types\/product"}],"wp:featuredmedia":[{"embeddable":true,"href":"https:\/\/garrafeiragrandeescolha.pt\/de\/wp-json\/wp\/v2\/media\/18372"}],"wp:attachment":[{"href":"https:\/\/garrafeiragrandeescolha.pt\/de\/wp-json\/wp\/v2\/media?parent=18371"}],"wp:term":[{"taxonomy":"product_brand","embeddable":true,"href":"https:\/\/garrafeiragrandeescolha.pt\/de\/wp-json\/wp\/v2\/product_brand?post=18371"},{"taxonomy":"product_cat","embeddable":true,"href":"https:\/\/garrafeiragrandeescolha.pt\/de\/wp-json\/wp\/v2\/product_cat?post=18371"},{"taxonomy":"product_tag","embeddable":true,"href":"https:\/\/garrafeiragrandeescolha.pt\/de\/wp-json\/wp\/v2\/product_tag?post=18371"}],"curies":[{"name":"wp","href":"https:\/\/api.w.org\/{rel}","templated":true}]}}