{"id":18451,"date":"2023-12-13T12:20:07","date_gmt":"2023-12-13T12:20:07","guid":{"rendered":"https:\/\/garrafeiragrandeescolha.pt\/?post_type=product&#038;p=18451"},"modified":"2024-03-09T13:11:13","modified_gmt":"2024-03-09T13:11:13","slug":"s-de-soberanas-tinto-2004-75cl","status":"publish","type":"product","link":"https:\/\/garrafeiragrandeescolha.pt\/de\/produkt\/s-de-soberanas-tinto-2004-75cl\/","title":{"rendered":"S de Soberanas Red 2004 75cl"},"content":{"rendered":"<p>Nas\u00a0Soberanas\u00a0privilegiamos, sobretudo, o\u00a0<em>terroir<\/em>\u00a0e os recursos naturais, em todas as nossas actividades. A qualidade \u00e9 o nosso grande objectivo, mesmo que isso implique esfor\u00e7os financeiros adicionais. O vinho \u00e9 a nossa aventura mais recente e tamb\u00e9m aquela na qual as particularidades do solo e clima assumem relev\u00e2ncia cr\u00edtica.<\/p>\n<p>A explora\u00e7\u00e3o agr\u00edcola est\u00e1 instalada no Monte da Soberana, perto do Torr\u00e3o, em pleno Baixo Alentejo, estando a sede da empresa &#8211; Sociedade Agro-Pecu\u00e1ria das Soberanas, Lda. &#8211; localizada em Lisboa.\u00a0As nossas vinhas est\u00e3o administrativamente na regi\u00e3o da Pen\u00ednsula de Setubal\u00a0e os nossos vinhos s\u00e3o produzidos com as marcas &#8220;Monte da Soberana&#8221;, &#8220;XS&#8221;, &#8220;Soberana&#8221; e\u00a0&#8220;S de Soberanas&#8221;, sob a denomina\u00e7\u00e3o &#8220;Vinho Regional Pen\u00ednsula de Setubal&#8221;.<\/p>","protected":false},"excerpt":{"rendered":"<p>Castas: Trincadeira (50%) Alicante Bouschet (50%)<\/p>\n<p>Sem abdicar do equil\u00edbrio e da eleg\u00e2ncia, o S das Soberanas \u00e9 um vinho de grande profundidade. Ainda com contornos marcados e fechado nos aromas, sente-se o resultado da escolha criteriosa da mat\u00e9ria-prima que entra na sua composi\u00e7\u00e3o. A frescura do vinho adv\u00e9m da proximidade do mar, caracter\u00edstica das Terras do Sado, enquanto a sua Profundidade e volume evocam o aveludado dos tintos alentejanos. Isso deve-se ao facto de estarmos numa zona de transi\u00e7\u00e3o, na qual o comportamento das castas t\u00edpicas alentejanas revela aspectos at\u00e9 hoje quase desconhecidos. \u00c9 o terroir das Soberanas. O vinho deve beber-se \u00e0 temperatura de 16\/17\u00ba, aconselhando-se a decanta\u00e7\u00e3o.<\/p>\n<p>Est\u00e1gio Barricas novas de carvalho franc\u00eas Est\u00e1gio de 24 meses.<\/p>","protected":false},"featured_media":18452,"template":"","meta":{"_exactmetrics_skip_tracking":false,"_exactmetrics_sitenote_active":false,"_exactmetrics_sitenote_note":"","_exactmetrics_sitenote_category":0,"_uf_show_specific_survey":0,"_uf_disable_surveys":false,"iawp_total_views":81},"product_brand":[],"product_cat":[201,162,214,184,157],"product_tag":[],"class_list":{"0":"post-18451","1":"product","2":"type-product","3":"status-publish","4":"has-post-thumbnail","6":"product_cat-grandes-vinhos","7":"product_cat-raridades","8":"product_cat-setubal","9":"product_cat-tinto","10":"product_cat-vinhos","12":"first","13":"instock","14":"featured","15":"shipping-taxable","16":"purchasable","17":"product-type-simple"},"_links":{"self":[{"href":"https:\/\/garrafeiragrandeescolha.pt\/de\/wp-json\/wp\/v2\/product\/18451","targetHints":{"allow":["GET"]}}],"collection":[{"href":"https:\/\/garrafeiragrandeescolha.pt\/de\/wp-json\/wp\/v2\/product"}],"about":[{"href":"https:\/\/garrafeiragrandeescolha.pt\/de\/wp-json\/wp\/v2\/types\/product"}],"wp:featuredmedia":[{"embeddable":true,"href":"https:\/\/garrafeiragrandeescolha.pt\/de\/wp-json\/wp\/v2\/media\/18452"}],"wp:attachment":[{"href":"https:\/\/garrafeiragrandeescolha.pt\/de\/wp-json\/wp\/v2\/media?parent=18451"}],"wp:term":[{"taxonomy":"product_brand","embeddable":true,"href":"https:\/\/garrafeiragrandeescolha.pt\/de\/wp-json\/wp\/v2\/product_brand?post=18451"},{"taxonomy":"product_cat","embeddable":true,"href":"https:\/\/garrafeiragrandeescolha.pt\/de\/wp-json\/wp\/v2\/product_cat?post=18451"},{"taxonomy":"product_tag","embeddable":true,"href":"https:\/\/garrafeiragrandeescolha.pt\/de\/wp-json\/wp\/v2\/product_tag?post=18451"}],"curies":[{"name":"wp","href":"https:\/\/api.w.org\/{rel}","templated":true}]}}