{"id":18775,"date":"2024-03-07T18:06:11","date_gmt":"2024-03-07T18:06:11","guid":{"rendered":"https:\/\/garrafeiragrandeescolha.pt\/?post_type=product&#038;p=18775"},"modified":"2025-01-15T09:37:45","modified_gmt":"2025-01-15T09:37:45","slug":"porta-6-tinto-2021-75cl","status":"publish","type":"product","link":"https:\/\/garrafeiragrandeescolha.pt\/de\/produkt\/porta-6-tinto-2021-75cl\/","title":{"rendered":"Porta 6 Tinto 2021 75cl"},"content":{"rendered":"<p>Vidigal Wines \u00e9 uma empresa produtora de vinhos tranquilos e licorosos, de m\u00e9dia dimens\u00e3o e car\u00e1cter familiar, localizada na zona de Leiria no Centro de Portugal. As origens da empresa datam do inicio do S\u00e9culo XX, numa Quinta fundada por um C\u00f3nego da Igreja. Ao longo do ultimo s\u00e9culo a empresa conheceu um par de donos at\u00e9 que no inicio dos anos 90 o atual Diretor, Ant\u00f3nio Mendes Lopes \u2013 assumiu a gest\u00e3o. Desde essa altura a Vidigal conheceu grandes mudan\u00e7as e avan\u00e7os tecnol\u00f3gicos que hoje lhe permitem produzir cerca de 3 milh\u00f5es de garrafas por ano.<\/p>\n<p>Atualmente, a Vidigal est\u00e1 dividida entre 40% de capital noruegu\u00eas e 60% na posse do Diretor com dupla nacionalidade portuguesa-dinamarquesa, Ant\u00f3nio Mendes Lopes. A. M. Lopes tem mais de 30 anos de experiencia no mundo do vinho. Criou e desenvolveu uma empresa de importa\u00e7\u00e3o de vinhos internacionais na Dinamarca. Atrav\u00e9s das fun\u00e7\u00f5es de importador, ganhou uma grande experiencia e conhecimento acerca de vinhos dos diverso pontos do planeta. Ant\u00f3nio Mendes Lopes participa ativamente na elabora\u00e7\u00e3o dos vinhos em conjunto com dois en\u00f3logos: Ant\u00f3nio Ventura, considerado o en\u00f3logo do ano em Portugal em 2006 e Rafael Neuparth.<\/p>\n<p>Com uma taxa de exporta\u00e7\u00e3o de cerca de 90%, a Vidigal teve durante 5 anos consecutivos o vinho mais vendido na Noruega o que representou um feito nunca antes conseguido por nenhum produto portugu\u00eas em nenhum lugar do Mundo. Vendendo cerca de 40 vinhos em mais de 30 pa\u00edses, a Vidigal \u00e9 certamente uma das empresas vitivin\u00edcolas mais internacionais de Portugal.<\/p>\n<p>A n\u00edvel de produ\u00e7\u00e3o, a Vidigal Wines tem estabelecidas diversas parcerias na regi\u00e3o vitivin\u00edcola de Lisboa que no total representam cerca de 450ha. de vinhas. Mant\u00e9m tamb\u00e9m diversas parcerias noutras regi\u00f5es produtoras de Portugal, num total de 7 regi\u00f5es: Lisboa, Tejo, Douro, Alentejo, D\u00e3o, Beiras e Vinho Verde.<\/p>\n<p>A grande maioria dos vinhos da Vidigal, nomeadamente os da regi\u00e3o vin\u00edcola de Lisboa, s\u00e3o produzidos muito perto do Oceano Atl\u00e2ntico \u2013 cerca de 30km \u2013 e, como tal, sofrem grande influencia das brisas atl\u00e2nticas o que resulta em vinhos frescos e sempre muito frutados. As principais castas utlizadas nos vinhos da Vidigal s\u00e3o: Touriga Nacional, Aragonez (Tinta Roriz), Castel\u00e3o, Syrah e Cabernet.<\/p>","protected":false},"excerpt":{"rendered":"<p>Castas: 50% Aragonez, 40% Castel\u00e3o e 10% Touriga Nacional.<\/p>\n<p>Nota de Prova: Complexo, frutos vermelhos e silvestres com notas de frutos secos. Boca frutada, macia, com final m\u00e9dio.<\/p>","protected":false},"featured_media":18776,"template":"","meta":{"_exactmetrics_skip_tracking":false,"_exactmetrics_sitenote_active":false,"_exactmetrics_sitenote_note":"","_exactmetrics_sitenote_category":0,"_uf_show_specific_survey":0,"_uf_disable_surveys":false,"iawp_total_views":29},"product_brand":[],"product_cat":[157,184,210],"product_tag":[],"class_list":{"0":"post-18775","1":"product","2":"type-product","3":"status-publish","4":"has-post-thumbnail","6":"product_cat-vinhos","7":"product_cat-tinto","8":"product_cat-lisboa","10":"first","11":"instock","12":"shipping-taxable","13":"purchasable","14":"product-type-simple"},"_links":{"self":[{"href":"https:\/\/garrafeiragrandeescolha.pt\/de\/wp-json\/wp\/v2\/product\/18775","targetHints":{"allow":["GET"]}}],"collection":[{"href":"https:\/\/garrafeiragrandeescolha.pt\/de\/wp-json\/wp\/v2\/product"}],"about":[{"href":"https:\/\/garrafeiragrandeescolha.pt\/de\/wp-json\/wp\/v2\/types\/product"}],"wp:featuredmedia":[{"embeddable":true,"href":"https:\/\/garrafeiragrandeescolha.pt\/de\/wp-json\/wp\/v2\/media\/18776"}],"wp:attachment":[{"href":"https:\/\/garrafeiragrandeescolha.pt\/de\/wp-json\/wp\/v2\/media?parent=18775"}],"wp:term":[{"taxonomy":"product_brand","embeddable":true,"href":"https:\/\/garrafeiragrandeescolha.pt\/de\/wp-json\/wp\/v2\/product_brand?post=18775"},{"taxonomy":"product_cat","embeddable":true,"href":"https:\/\/garrafeiragrandeescolha.pt\/de\/wp-json\/wp\/v2\/product_cat?post=18775"},{"taxonomy":"product_tag","embeddable":true,"href":"https:\/\/garrafeiragrandeescolha.pt\/de\/wp-json\/wp\/v2\/product_tag?post=18775"}],"curies":[{"name":"wp","href":"https:\/\/api.w.org\/{rel}","templated":true}]}}