{"id":18781,"date":"2024-03-08T09:53:33","date_gmt":"2024-03-08T09:53:33","guid":{"rendered":"https:\/\/garrafeiragrandeescolha.pt\/?post_type=product&#038;p=18781"},"modified":"2024-10-23T16:56:50","modified_gmt":"2024-10-23T16:56:50","slug":"dona-maria-grande-reserva-tinto-2018-75cl","status":"publish","type":"product","link":"https:\/\/garrafeiragrandeescolha.pt\/de\/produkt\/dona-maria-grande-reserva-tinto-2018-75cl\/","title":{"rendered":"Dona Maria Grande Reserva Tinto 2018  75cl"},"content":{"rendered":"<p>No in\u00edcio deste novo projecto, a antiga adega da Quinta \u00e9 totalmente restaurada e ampliada equipada com os mais modernos equipamentos, mas ao mesmo tempo mantendo os famosos lagares em m\u00e1rmore, onde, ainda hoje \u00e9 feita a vinifica\u00e7\u00e3o de grande parte dos vinhos, usando a tradicional \u201cPisa da Uva\u201d.<\/p>\n<p>Na cave da adega encontram-se barricas de Carvalho Franc\u00eas e Americano, numa propor\u00e7\u00e3o de 95% para 5%, onde o vinho \u00e9 estagiado at\u00e9 estarem aptos para serem engarrafados.<\/p>\n<p>&nbsp;<\/p>","protected":false},"excerpt":{"rendered":"<p>Castas: Alicante Bouschet, Petit Verdot, Syrah<\/p>\n<p>O vinho mostra uma cor rubi escura. Um aroma rico a frutos silvestres, associado a hortel\u00e3 e especiarias. O sabor \u00e9 intenso e redondo, com taninos sedosos e um final persistente.<\/p>","protected":false},"featured_media":636,"template":"","meta":{"_exactmetrics_skip_tracking":false,"_exactmetrics_sitenote_active":false,"_exactmetrics_sitenote_note":"","_exactmetrics_sitenote_category":0,"_uf_show_specific_survey":0,"_uf_disable_surveys":false,"iawp_total_views":31},"product_brand":[],"product_cat":[207,201,184,157],"product_tag":[],"class_list":{"0":"post-18781","1":"product","2":"type-product","3":"status-publish","4":"has-post-thumbnail","6":"product_cat-alentejo","7":"product_cat-grandes-vinhos","8":"product_cat-tinto","9":"product_cat-vinhos","11":"first","12":"instock","13":"shipping-taxable","14":"purchasable","15":"product-type-simple"},"_links":{"self":[{"href":"https:\/\/garrafeiragrandeescolha.pt\/de\/wp-json\/wp\/v2\/product\/18781","targetHints":{"allow":["GET"]}}],"collection":[{"href":"https:\/\/garrafeiragrandeescolha.pt\/de\/wp-json\/wp\/v2\/product"}],"about":[{"href":"https:\/\/garrafeiragrandeescolha.pt\/de\/wp-json\/wp\/v2\/types\/product"}],"wp:featuredmedia":[{"embeddable":true,"href":"https:\/\/garrafeiragrandeescolha.pt\/de\/wp-json\/wp\/v2\/media\/636"}],"wp:attachment":[{"href":"https:\/\/garrafeiragrandeescolha.pt\/de\/wp-json\/wp\/v2\/media?parent=18781"}],"wp:term":[{"taxonomy":"product_brand","embeddable":true,"href":"https:\/\/garrafeiragrandeescolha.pt\/de\/wp-json\/wp\/v2\/product_brand?post=18781"},{"taxonomy":"product_cat","embeddable":true,"href":"https:\/\/garrafeiragrandeescolha.pt\/de\/wp-json\/wp\/v2\/product_cat?post=18781"},{"taxonomy":"product_tag","embeddable":true,"href":"https:\/\/garrafeiragrandeescolha.pt\/de\/wp-json\/wp\/v2\/product_tag?post=18781"}],"curies":[{"name":"wp","href":"https:\/\/api.w.org\/{rel}","templated":true}]}}