{"id":18814,"date":"2024-03-23T11:12:54","date_gmt":"2024-03-23T11:12:54","guid":{"rendered":"https:\/\/garrafeiragrandeescolha.pt\/?post_type=product&#038;p=18814"},"modified":"2025-12-12T12:50:46","modified_gmt":"2025-12-12T12:50:46","slug":"terras-do-malho-reserva-tinto-2017-75cl","status":"publish","type":"product","link":"https:\/\/garrafeiragrandeescolha.pt\/de\/produkt\/terras-do-malho-reserva-tinto-2017-75cl\/","title":{"rendered":"Vale do Malh\u00f4 Reserva Red 2017 75cl"},"content":{"rendered":"<p><img fetchpriority=\"high\" decoding=\"async\" class=\"size-medium wp-image-15443 aligncenter\" src=\"http:\/\/garrafeiragrandeescolha.pt\/wp-content\/uploads\/2022\/02\/quinta-dona-doroteia-logo-300x182.png\" alt=\"\" width=\"300\" height=\"182\" srcset=\"https:\/\/garrafeiragrandeescolha.pt\/wp-content\/uploads\/2022\/02\/quinta-dona-doroteia-logo-300x182.png 300w, https:\/\/garrafeiragrandeescolha.pt\/wp-content\/uploads\/2022\/02\/quinta-dona-doroteia-logo.png 347w\" sizes=\"(max-width: 300px) 100vw, 300px\" \/><\/p>\n<p>Localizada na margem direita do rio Torto, um afluente do rio Douro, entre o Pinh\u00e3o e a Ervedosa do Douro, a Quinta Dona Doroteia \u00e9 uma propriedade de 3 hectares, dos quais 25 s\u00e3o ocupados por vinhas velhas e o restante por novas esposas e oliveiras. Atualmente, a vin\u00edcola Quinta Dona Doroteia possui uma \u00e1rea de 1200 metros quadrados de \u00e1rea de armazenamento e armazenamento de vinhos, com capacidade para 250.000 litros (333.000 garrafas) de vinho, distribu\u00eddos nos Vinhos do Porto e Vinhos do Douro. Nos \u00faltimos anos, foram adquiridos mais alguns im\u00f3veis na Zona Demarcada do Douro que permitiram aumentar a produ\u00e7\u00e3o de vinhos engarrafados: Quinta Vale do Malh\u00f4, Quinta das Testemunhas, Quinta da Corceira e Quinta do Reboredo, cobrindo uma \u00e1rea total de produ\u00e7\u00e3o de 100 hectares.<\/p>","protected":false},"excerpt":{"rendered":"<p>Castas: Touriga Nacional, Touriga Franca e Tinta Roriz<\/p>\n<p>Fermenta\u00e7\u00e3o feita em lagares , como manda a tradi\u00e7\u00e3o.<\/p>\n<p>Prova: com cor granada intensa, apresenta um perfil vigoroso e simultaneamente sedoso, com frutos vermelhos bem definidos e envoltos em taninos finos.<\/p>\n<p>15%<\/p>","protected":false},"featured_media":18843,"template":"","meta":{"_exactmetrics_skip_tracking":false,"_exactmetrics_sitenote_active":false,"_exactmetrics_sitenote_note":"","_exactmetrics_sitenote_category":0,"_uf_show_specific_survey":0,"_uf_disable_surveys":false,"iawp_total_views":32},"product_brand":[],"product_cat":[215,184,157],"product_tag":[],"class_list":{"0":"post-18814","1":"product","2":"type-product","3":"status-publish","4":"has-post-thumbnail","6":"product_cat-douro","7":"product_cat-tinto","8":"product_cat-vinhos","10":"first","11":"instock","12":"shipping-taxable","13":"purchasable","14":"product-type-simple"},"_links":{"self":[{"href":"https:\/\/garrafeiragrandeescolha.pt\/de\/wp-json\/wp\/v2\/product\/18814","targetHints":{"allow":["GET"]}}],"collection":[{"href":"https:\/\/garrafeiragrandeescolha.pt\/de\/wp-json\/wp\/v2\/product"}],"about":[{"href":"https:\/\/garrafeiragrandeescolha.pt\/de\/wp-json\/wp\/v2\/types\/product"}],"wp:featuredmedia":[{"embeddable":true,"href":"https:\/\/garrafeiragrandeescolha.pt\/de\/wp-json\/wp\/v2\/media\/18843"}],"wp:attachment":[{"href":"https:\/\/garrafeiragrandeescolha.pt\/de\/wp-json\/wp\/v2\/media?parent=18814"}],"wp:term":[{"taxonomy":"product_brand","embeddable":true,"href":"https:\/\/garrafeiragrandeescolha.pt\/de\/wp-json\/wp\/v2\/product_brand?post=18814"},{"taxonomy":"product_cat","embeddable":true,"href":"https:\/\/garrafeiragrandeescolha.pt\/de\/wp-json\/wp\/v2\/product_cat?post=18814"},{"taxonomy":"product_tag","embeddable":true,"href":"https:\/\/garrafeiragrandeescolha.pt\/de\/wp-json\/wp\/v2\/product_tag?post=18814"}],"curies":[{"name":"wp","href":"https:\/\/api.w.org\/{rel}","templated":true}]}}