{"id":19044,"date":"2024-06-18T16:04:16","date_gmt":"2024-06-18T16:04:16","guid":{"rendered":"https:\/\/garrafeiragrandeescolha.pt\/?post_type=product&#038;p=19044"},"modified":"2026-01-24T11:38:12","modified_gmt":"2026-01-24T11:38:12","slug":"quinta-da-lapa-reserva-malbec-tinto-2020-75cl","status":"publish","type":"product","link":"https:\/\/garrafeiragrandeescolha.pt\/de\/produkt\/quinta-da-lapa-reserva-malbec-tinto-2020-75cl\/","title":{"rendered":"Quinta da Lapa Reserva Malbec Tinto 2020 75cl"},"content":{"rendered":"<p><img decoding=\"async\" class=\"size-full wp-image-16806 aligncenter\" src=\"http:\/\/garrafeiragrandeescolha.pt\/wp-content\/uploads\/2022\/11\/logotipo-lapa-v3.png\" alt=\"\" width=\"155\" height=\"95\" srcset=\"https:\/\/garrafeiragrandeescolha.pt\/wp-content\/uploads\/2022\/11\/logotipo-lapa-v3.png 155w, https:\/\/garrafeiragrandeescolha.pt\/wp-content\/uploads\/2022\/11\/logotipo-lapa-v3-18x12.png 18w\" sizes=\"(max-width: 155px) 100vw, 155px\" \/><\/p>\n<p>A Quinta da Concei\u00e7\u00e3o da Lapa foi adquirida em 1706, por D. Louren\u00e7o de Almeida ao Capit\u00e3o Bartolomeu Lobo da Gama, por 11 500 cruzados. Numa localiza\u00e7\u00e3o \u00fanica, nas melhores terras escolhidas, entre as f\u00e9rteis colinas a leste da Serra de Montejunto, um territ\u00f3rio que faz hoje parte da regi\u00e3o vitivin\u00edcola do Tejo, a Quinta da Lapa conta com cerca de 100 hectares.<\/p>\n<p>D. Louren\u00e7o, filho do conde de Avintes, o grande reformador e impulsionador da Quinta da Lapa, era um homem da nobreza cheio de poder e influ\u00eancia \u2013 membro do Conselho de Estado, foi governador dos estados de Pernambuco e Minas Gerais, no auge do garimpo de ouro que tanta riqueza arrecadou para a Coroa Portuguesa. Com a sua vis\u00e3o empreendedora projectou fornecer a ent\u00e3o pr\u00f3spera e animada cidade de Lisboa com vinhos de grande qualidade. Para tal, elegeu o topo de uma eleva\u00e7\u00e3o na sua vasta propriedade onde construiu uma casa nobre com a sua capela, depend\u00eancias agr\u00edcolas e uma adega.<\/p>\n<p>Esta reforma data de 1733, e quase tr\u00eas s\u00e9culos passados, construiu-se uma nova adega, as vinhas foram replantadas com castas tradicionais aut\u00f3ctones \u00a0e uma selec\u00e7\u00e3o das castas internacionais que melhor convivem com o nosso terroir.<\/p>\n<p>Anos mais tarde, restaurou-se a casa datada de 1756, adaptando-a para receber h\u00f3spedes num ambiente confort\u00e1vel e luxuoso, preservando a tra\u00e7a antiga e a riqueza patrimonial, nomeadamente a capela e o rico painel de azulejos alusivo a N. Sra. da Concei\u00e7\u00e3o da Lapa.<\/p>\n<p>Como corol\u00e1rio de todo este aturado trabalho, os vinhos da Quinta da Lapa v\u00eam ganhando destaque e reconhecimento nos \u00faltimos anos, conquistando pr\u00e9mios nacionais e internacionais.<\/p>","protected":false},"excerpt":{"rendered":"<p>Est\u00e1gio de 12 meses em barricas de carvalho franc\u00eas e americano.<\/p>\n<p><em>Testergebnisse:<\/em>\u00a0A boca \u00e9 encorpada e gulosa de fruta madura, com taninos macios e notas ricas de chocolate, mais imediato do que persistente.<\/p>","protected":false},"featured_media":19045,"template":"","meta":{"_exactmetrics_skip_tracking":false,"_exactmetrics_sitenote_active":false,"_exactmetrics_sitenote_note":"","_exactmetrics_sitenote_category":0,"_uf_show_specific_survey":0,"_uf_disable_surveys":false,"iawp_total_views":35},"product_brand":[],"product_cat":[157,184,213],"product_tag":[],"class_list":{"0":"post-19044","1":"product","2":"type-product","3":"status-publish","4":"has-post-thumbnail","6":"product_cat-vinhos","7":"product_cat-tinto","8":"product_cat-tejo","10":"first","11":"instock","12":"shipping-taxable","13":"purchasable","14":"product-type-simple"},"_links":{"self":[{"href":"https:\/\/garrafeiragrandeescolha.pt\/de\/wp-json\/wp\/v2\/product\/19044","targetHints":{"allow":["GET"]}}],"collection":[{"href":"https:\/\/garrafeiragrandeescolha.pt\/de\/wp-json\/wp\/v2\/product"}],"about":[{"href":"https:\/\/garrafeiragrandeescolha.pt\/de\/wp-json\/wp\/v2\/types\/product"}],"wp:featuredmedia":[{"embeddable":true,"href":"https:\/\/garrafeiragrandeescolha.pt\/de\/wp-json\/wp\/v2\/media\/19045"}],"wp:attachment":[{"href":"https:\/\/garrafeiragrandeescolha.pt\/de\/wp-json\/wp\/v2\/media?parent=19044"}],"wp:term":[{"taxonomy":"product_brand","embeddable":true,"href":"https:\/\/garrafeiragrandeescolha.pt\/de\/wp-json\/wp\/v2\/product_brand?post=19044"},{"taxonomy":"product_cat","embeddable":true,"href":"https:\/\/garrafeiragrandeescolha.pt\/de\/wp-json\/wp\/v2\/product_cat?post=19044"},{"taxonomy":"product_tag","embeddable":true,"href":"https:\/\/garrafeiragrandeescolha.pt\/de\/wp-json\/wp\/v2\/product_tag?post=19044"}],"curies":[{"name":"wp","href":"https:\/\/api.w.org\/{rel}","templated":true}]}}