{"id":19177,"date":"2024-09-20T17:52:19","date_gmt":"2024-09-20T17:52:19","guid":{"rendered":"https:\/\/garrafeiragrandeescolha.pt\/?post_type=product&#038;p=19177"},"modified":"2024-09-21T08:58:07","modified_gmt":"2024-09-21T08:58:07","slug":"vinha-paz-tinto-2014-75cl","status":"publish","type":"product","link":"https:\/\/garrafeiragrandeescolha.pt\/de\/produkt\/vinha-paz-tinto-2014-75cl\/","title":{"rendered":"Vinha Paz Tinto 2014 75cl"},"content":{"rendered":"","protected":false},"excerpt":{"rendered":"<p>A harmonia das castas Touriga Nacional, Tinta-Roriz, Alfrocheiro e Jaen completam a ess\u00eancia e personalidade \u00fanica dos vinhos do D\u00e3o. Revela uma cor vermelha profunda com nuances gren\u00e3. Apresenta notas de violeta, ameixa e cereja madura e amora preta, envolvido com suaves notas de especiarias. Na boca apresenta estrutura envolvente e redonda com presen\u00e7a de taninos finos e bem integrados aliados a uma textura elegante e harmoniosa com express\u00f5es de leve frescura. Demonstra final de boca longo com profundidade e destacado carater.<\/p>","protected":false},"featured_media":19178,"template":"","meta":{"_exactmetrics_skip_tracking":false,"_exactmetrics_sitenote_active":false,"_exactmetrics_sitenote_note":"","_exactmetrics_sitenote_category":0,"_uf_show_specific_survey":0,"_uf_disable_surveys":false,"iawp_total_views":7},"product_brand":[],"product_cat":[187,162,184,157],"product_tag":[],"class_list":{"0":"post-19177","1":"product","2":"type-product","3":"status-publish","4":"has-post-thumbnail","6":"product_cat-dao-tinto","7":"product_cat-raridades","8":"product_cat-tinto","9":"product_cat-vinhos","11":"first","12":"instock","13":"shipping-taxable","14":"purchasable","15":"product-type-simple"},"_links":{"self":[{"href":"https:\/\/garrafeiragrandeescolha.pt\/de\/wp-json\/wp\/v2\/product\/19177","targetHints":{"allow":["GET"]}}],"collection":[{"href":"https:\/\/garrafeiragrandeescolha.pt\/de\/wp-json\/wp\/v2\/product"}],"about":[{"href":"https:\/\/garrafeiragrandeescolha.pt\/de\/wp-json\/wp\/v2\/types\/product"}],"wp:featuredmedia":[{"embeddable":true,"href":"https:\/\/garrafeiragrandeescolha.pt\/de\/wp-json\/wp\/v2\/media\/19178"}],"wp:attachment":[{"href":"https:\/\/garrafeiragrandeescolha.pt\/de\/wp-json\/wp\/v2\/media?parent=19177"}],"wp:term":[{"taxonomy":"product_brand","embeddable":true,"href":"https:\/\/garrafeiragrandeescolha.pt\/de\/wp-json\/wp\/v2\/product_brand?post=19177"},{"taxonomy":"product_cat","embeddable":true,"href":"https:\/\/garrafeiragrandeescolha.pt\/de\/wp-json\/wp\/v2\/product_cat?post=19177"},{"taxonomy":"product_tag","embeddable":true,"href":"https:\/\/garrafeiragrandeescolha.pt\/de\/wp-json\/wp\/v2\/product_tag?post=19177"}],"curies":[{"name":"wp","href":"https:\/\/api.w.org\/{rel}","templated":true}]}}