{"id":19206,"date":"2024-09-25T17:05:33","date_gmt":"2024-09-25T17:05:33","guid":{"rendered":"https:\/\/garrafeiragrandeescolha.pt\/?post_type=product&#038;p=19206"},"modified":"2024-09-25T17:06:41","modified_gmt":"2024-09-25T17:06:41","slug":"visconde-de-arneiros-grande-reserva-tinto-2021-75cl","status":"publish","type":"product","link":"https:\/\/garrafeiragrandeescolha.pt\/de\/produkt\/visconde-de-arneiros-grande-reserva-tinto-2021-75cl\/","title":{"rendered":"Visconde de Arneir\u00f3s Grande Reserva Tinto 2021 75cl"},"content":{"rendered":"","protected":false},"excerpt":{"rendered":"<p>Cor granada retinta. Nuance carmim. Grande concentra\u00e7\u00e3o de bagos silvestres, alguns em compota, alca\u00e7uz, esteva, tostados de especiaria e cacau, terroso mineral. Boca mastig\u00e1vel, texturas generosas com tanino jovem, seleto e de grande educa\u00e7\u00e3o \u00e0 sua frente. Sucrosidade grata que amaina o poder lavante. Rei \u00e0 mesa.<\/p>","protected":false},"featured_media":9377,"template":"","meta":{"_exactmetrics_skip_tracking":false,"_exactmetrics_sitenote_active":false,"_exactmetrics_sitenote_note":"","_exactmetrics_sitenote_category":0,"_uf_show_specific_survey":0,"_uf_disable_surveys":false,"iawp_total_views":102},"product_brand":[],"product_cat":[157,184,215],"product_tag":[],"class_list":{"0":"post-19206","1":"product","2":"type-product","3":"status-publish","4":"has-post-thumbnail","6":"product_cat-vinhos","7":"product_cat-tinto","8":"product_cat-douro","10":"first","11":"instock","12":"shipping-taxable","13":"purchasable","14":"product-type-simple"},"_links":{"self":[{"href":"https:\/\/garrafeiragrandeescolha.pt\/de\/wp-json\/wp\/v2\/product\/19206","targetHints":{"allow":["GET"]}}],"collection":[{"href":"https:\/\/garrafeiragrandeescolha.pt\/de\/wp-json\/wp\/v2\/product"}],"about":[{"href":"https:\/\/garrafeiragrandeescolha.pt\/de\/wp-json\/wp\/v2\/types\/product"}],"wp:featuredmedia":[{"embeddable":true,"href":"https:\/\/garrafeiragrandeescolha.pt\/de\/wp-json\/wp\/v2\/media\/9377"}],"wp:attachment":[{"href":"https:\/\/garrafeiragrandeescolha.pt\/de\/wp-json\/wp\/v2\/media?parent=19206"}],"wp:term":[{"taxonomy":"product_brand","embeddable":true,"href":"https:\/\/garrafeiragrandeescolha.pt\/de\/wp-json\/wp\/v2\/product_brand?post=19206"},{"taxonomy":"product_cat","embeddable":true,"href":"https:\/\/garrafeiragrandeescolha.pt\/de\/wp-json\/wp\/v2\/product_cat?post=19206"},{"taxonomy":"product_tag","embeddable":true,"href":"https:\/\/garrafeiragrandeescolha.pt\/de\/wp-json\/wp\/v2\/product_tag?post=19206"}],"curies":[{"name":"wp","href":"https:\/\/api.w.org\/{rel}","templated":true}]}}