{"id":19294,"date":"2024-10-11T15:08:07","date_gmt":"2024-10-11T15:08:07","guid":{"rendered":"https:\/\/garrafeiragrandeescolha.pt\/?post_type=product&#038;p=19294"},"modified":"2024-10-11T15:15:58","modified_gmt":"2024-10-11T15:15:58","slug":"grandes-quintas-vinhas-altas-branco-2023-75cl","status":"publish","type":"product","link":"https:\/\/garrafeiragrandeescolha.pt\/de\/produkt\/grandes-quintas-vinhas-altas-branco-2023-75cl\/","title":{"rendered":"Grandes Quintas Vinhas Altas Branco 2023 75cl"},"content":{"rendered":"<p><img fetchpriority=\"high\" decoding=\"async\" class=\"size-medium wp-image-15184 aligncenter\" src=\"http:\/\/garrafeiragrandeescolha.pt\/wp-content\/uploads\/2022\/02\/arrochella-logo-300x180.png\" alt=\"\" width=\"300\" height=\"180\" srcset=\"https:\/\/garrafeiragrandeescolha.pt\/wp-content\/uploads\/2022\/02\/arrochella-logo-300x180.png 300w, https:\/\/garrafeiragrandeescolha.pt\/wp-content\/uploads\/2022\/02\/arrochella-logo.png 357w\" sizes=\"(max-width: 300px) 100vw, 300px\" \/><\/p>\n<p>Mit rund 600 Hektar, verteilt auf f\u00fcnf Bauernh\u00f6fe, geh\u00f6rt Casa de Arrochella zur neuen Generation von Produzenten von DOC-Douro-Weinen und DOP-Tr\u00e1s-os-Montes-Oliven\u00f6len. Bernardo Alegria, Nachkomme und Nachfolger von Nicolau de Arrochella Moraes und Castro Pimentel, 1. Graf von Arrochella, ist die treibende Kraft hinter diesem Douro Superior-Projekt mit \u00fcber 115 Hektar Weinbergen. Er versuchte, die Geschichte der wichtigen Verbindungen von Casa de Arrochella in der Region Tr\u00e1s-os-Montes und Alto Douro mit seiner Leidenschaft und seinem Engagement f\u00fcr den Douro zu vereinen. In der Subregion Douro Superior, zwischen Vila Flor, Torre de Moncorvo und Foz C\u00f4a, findet die gesamte Wein- und Oliven\u00f6lproduktion statt.<\/p>","protected":false},"excerpt":{"rendered":"<p>Castas: Gouveio, Rabigato e C\u00f3dega do Larinho<\/p>","protected":false},"featured_media":19295,"template":"","meta":{"_exactmetrics_skip_tracking":false,"_exactmetrics_sitenote_active":false,"_exactmetrics_sitenote_note":"","_exactmetrics_sitenote_category":0,"_uf_show_specific_survey":0,"_uf_disable_surveys":false,"iawp_total_views":26},"product_brand":[],"product_cat":[185,188,157],"product_tag":[],"class_list":{"0":"post-19294","1":"product","2":"type-product","3":"status-publish","4":"has-post-thumbnail","6":"product_cat-branco","7":"product_cat-douro-branco","8":"product_cat-vinhos","10":"first","11":"instock","12":"shipping-taxable","13":"purchasable","14":"product-type-simple"},"_links":{"self":[{"href":"https:\/\/garrafeiragrandeescolha.pt\/de\/wp-json\/wp\/v2\/product\/19294","targetHints":{"allow":["GET"]}}],"collection":[{"href":"https:\/\/garrafeiragrandeescolha.pt\/de\/wp-json\/wp\/v2\/product"}],"about":[{"href":"https:\/\/garrafeiragrandeescolha.pt\/de\/wp-json\/wp\/v2\/types\/product"}],"wp:featuredmedia":[{"embeddable":true,"href":"https:\/\/garrafeiragrandeescolha.pt\/de\/wp-json\/wp\/v2\/media\/19295"}],"wp:attachment":[{"href":"https:\/\/garrafeiragrandeescolha.pt\/de\/wp-json\/wp\/v2\/media?parent=19294"}],"wp:term":[{"taxonomy":"product_brand","embeddable":true,"href":"https:\/\/garrafeiragrandeescolha.pt\/de\/wp-json\/wp\/v2\/product_brand?post=19294"},{"taxonomy":"product_cat","embeddable":true,"href":"https:\/\/garrafeiragrandeescolha.pt\/de\/wp-json\/wp\/v2\/product_cat?post=19294"},{"taxonomy":"product_tag","embeddable":true,"href":"https:\/\/garrafeiragrandeescolha.pt\/de\/wp-json\/wp\/v2\/product_tag?post=19294"}],"curies":[{"name":"wp","href":"https:\/\/api.w.org\/{rel}","templated":true}]}}