{"id":19359,"date":"2024-11-05T09:17:00","date_gmt":"2024-11-05T09:17:00","guid":{"rendered":"https:\/\/garrafeiragrandeescolha.pt\/?post_type=product&#038;p=19359"},"modified":"2025-01-27T11:57:46","modified_gmt":"2025-01-27T11:57:46","slug":"quinta-de-la-rosa-rose-2019-75cl-2","status":"publish","type":"product","link":"https:\/\/garrafeiragrandeescolha.pt\/de\/produkt\/quinta-de-la-rosa-rose-2019-75cl-2\/","title":{"rendered":"Quinta de La Rosa Ros\u00e9 2019 75cl"},"content":{"rendered":"<p style=\"text-align: center;\"><img fetchpriority=\"high\" decoding=\"async\" class=\"alignnone size-medium wp-image-15072\" src=\"http:\/\/garrafeiragrandeescolha.pt\/wp-content\/uploads\/2022\/02\/qta-de-la-rosa-logo-300x225.jpg\" alt=\"\" width=\"300\" height=\"225\" srcset=\"https:\/\/garrafeiragrandeescolha.pt\/wp-content\/uploads\/2022\/02\/qta-de-la-rosa-logo-300x225.jpg 300w, https:\/\/garrafeiragrandeescolha.pt\/wp-content\/uploads\/2022\/02\/qta-de-la-rosa-logo-1024x768.jpg 1024w, https:\/\/garrafeiragrandeescolha.pt\/wp-content\/uploads\/2022\/02\/qta-de-la-rosa-logo-768x576.jpg 768w, https:\/\/garrafeiragrandeescolha.pt\/wp-content\/uploads\/2022\/02\/qta-de-la-rosa-logo-1536x1152.jpg 1536w, https:\/\/garrafeiragrandeescolha.pt\/wp-content\/uploads\/2022\/02\/qta-de-la-rosa-logo-2048x1536.jpg 2048w, https:\/\/garrafeiragrandeescolha.pt\/wp-content\/uploads\/2022\/02\/qta-de-la-rosa-logo-600x450.jpg 600w\" sizes=\"(max-width: 300px) 100vw, 300px\" \/><\/p>\n<p>Quinta de la Rosa ist seit 1906 Teil der Familie Bergqvist, betreibt jedoch seit 1815 unter dem Familiennamen Feueheerd Hafenschifffahrtsaktivit\u00e4ten. Derzeit verf\u00fcgt das Unternehmen \u00fcber rund 55 Hektar Weinberge und produziert rund 80.000 Liter Portwein und 300.000 Liter Tafelwein Wein jedes Jahr.<\/p>\n<p>Quinta de la Rosa wurde 1906 Claire Feueheerd, Sophias Gro\u00dfmutter, zur Taufe geschenkt. Claires Vater Albert leitete die Familienreederei Feueheerds. Albert war ein wahrer Pionier und einer der ersten Verlader, der den Portwein \u201eSingle Quinta\u201c aus La Rosa-Trauben herstellte. Er war verantwortlich f\u00fcr den Bau der Weinberge Vale do Inferno mit einigen der h\u00f6chsten und beeindruckendsten Mauern im Douro. Er baute auch ein Weingut mit 8 Weinpressen und begann, Trauben von lokalen Produzenten zu kaufen und den Portwein in La Rosa herzustellen. Dadurch konnte Albert die Qualit\u00e4t in der Produktion aufrechterhalten. Zu dieser Zeit wurden die meisten H\u00e4fen von Kleinbauern in ihren eigenen M\u00fchlen hergestellt.<\/p>\n<p>Leider hatte Albert mit der Wirtschaftskrise und der Firma Feueheerds zu k\u00e4mpfen, die in den 1930er Jahren an Barros verkauft wurde. Die Quinta de la Rosa blieb jedoch in Familienbesitz und wurde von Sophias Gro\u00dfmutter Claire gef\u00fchrt. Claire baute gerade Trauben an und verkaufte sie an Crofts und sp\u00e4ter an Sandemans Hafen Rebello Valente. 1988 beschlossen Sophia und ihr Vater Tim Bergqvist, das Familienunternehmen neu zu starten und brachten Quinta de la Rosa als hochwertigen Portweinproduzenten auf den Markt.<\/p>\n<p>A partir do in\u00edcio dos anos 90, a fam\u00edlia Bergqvist foi uma das pioneiras em levar a s\u00e9rio a produ\u00e7\u00e3o de vinho tinto na regi\u00e3o do Douro.\u00a0Os vinhos da Quinta de la Rosa, tintos e brancos, ganharam muitos elogios na imprensa e s\u00e3o vendidos em muitos restaurantes e lojas de vinhos de prest\u00edgio em todo o mundo<\/p>","protected":false},"excerpt":{"rendered":"<p>A Quinta de la Rosa faz parte da fam\u00edlia Bergqvist desde 1906, embora exer\u00e7a atividades de expedi\u00e7\u00e3o portu\u00e1ria sob o nome de fam\u00edlia Feueheerd, desde 1815. Atualmente, possui cerca de 55 hectares de vinha e produz cerca de 80.000 litros de porto e 300.000 litros de vinho de mesa a cada ano. A Quinta de [&hellip;]<\/p>","protected":false},"featured_media":19360,"template":"","meta":{"_exactmetrics_skip_tracking":false,"_exactmetrics_sitenote_active":false,"_exactmetrics_sitenote_note":"","_exactmetrics_sitenote_category":0,"_uf_show_specific_survey":0,"_uf_disable_surveys":false,"iawp_total_views":3},"product_brand":[],"product_cat":[186,157],"product_tag":[],"class_list":{"0":"post-19359","1":"product","2":"type-product","3":"status-publish","4":"has-post-thumbnail","6":"product_cat-rose","7":"product_cat-vinhos","9":"first","10":"instock","11":"shipping-taxable","12":"purchasable","13":"product-type-simple"},"_links":{"self":[{"href":"https:\/\/garrafeiragrandeescolha.pt\/de\/wp-json\/wp\/v2\/product\/19359","targetHints":{"allow":["GET"]}}],"collection":[{"href":"https:\/\/garrafeiragrandeescolha.pt\/de\/wp-json\/wp\/v2\/product"}],"about":[{"href":"https:\/\/garrafeiragrandeescolha.pt\/de\/wp-json\/wp\/v2\/types\/product"}],"wp:featuredmedia":[{"embeddable":true,"href":"https:\/\/garrafeiragrandeescolha.pt\/de\/wp-json\/wp\/v2\/media\/19360"}],"wp:attachment":[{"href":"https:\/\/garrafeiragrandeescolha.pt\/de\/wp-json\/wp\/v2\/media?parent=19359"}],"wp:term":[{"taxonomy":"product_brand","embeddable":true,"href":"https:\/\/garrafeiragrandeescolha.pt\/de\/wp-json\/wp\/v2\/product_brand?post=19359"},{"taxonomy":"product_cat","embeddable":true,"href":"https:\/\/garrafeiragrandeescolha.pt\/de\/wp-json\/wp\/v2\/product_cat?post=19359"},{"taxonomy":"product_tag","embeddable":true,"href":"https:\/\/garrafeiragrandeescolha.pt\/de\/wp-json\/wp\/v2\/product_tag?post=19359"}],"curies":[{"name":"wp","href":"https:\/\/api.w.org\/{rel}","templated":true}]}}