{"id":19369,"date":"2024-11-06T18:32:06","date_gmt":"2024-11-06T18:32:06","guid":{"rendered":"https:\/\/garrafeiragrandeescolha.pt\/?post_type=product&#038;p=19369"},"modified":"2024-11-26T21:34:45","modified_gmt":"2024-11-26T21:34:45","slug":"titular-touriga-nacional-tinto-2013-75cl","status":"publish","type":"product","link":"https:\/\/garrafeiragrandeescolha.pt\/de\/produkt\/titular-touriga-nacional-tinto-2013-75cl\/","title":{"rendered":"Titular Touriga Nacional Tinto 2013 75cl"},"content":{"rendered":"<p><img fetchpriority=\"high\" decoding=\"async\" class=\"size-medium wp-image-15813 aligncenter\" src=\"http:\/\/garrafeiragrandeescolha.pt\/wp-content\/uploads\/2020\/04\/LOGO-Caminhos-cruzados-300x187.jpg\" alt=\"\" width=\"300\" height=\"187\" srcset=\"https:\/\/garrafeiragrandeescolha.pt\/wp-content\/uploads\/2020\/04\/LOGO-Caminhos-cruzados-300x187.jpg 300w, https:\/\/garrafeiragrandeescolha.pt\/wp-content\/uploads\/2020\/04\/LOGO-Caminhos-cruzados-1024x637.jpg 1024w, https:\/\/garrafeiragrandeescolha.pt\/wp-content\/uploads\/2020\/04\/LOGO-Caminhos-cruzados-768x478.jpg 768w, https:\/\/garrafeiragrandeescolha.pt\/wp-content\/uploads\/2020\/04\/LOGO-Caminhos-cruzados-18x12.jpg 18w, https:\/\/garrafeiragrandeescolha.pt\/wp-content\/uploads\/2020\/04\/LOGO-Caminhos-cruzados-600x373.jpg 600w, https:\/\/garrafeiragrandeescolha.pt\/wp-content\/uploads\/2020\/04\/LOGO-Caminhos-cruzados.jpg 1355w\" sizes=\"(max-width: 300px) 100vw, 300px\" \/><\/p>\n<p>A Caminhos Cruzados surge pela iniciativa e vontade da fam\u00edlia Santos, natural de Nelas, determinada a regressar \u00e0s suas origens para investir numa antiga paix\u00e3o, o vinho do D\u00e3o. Nasce, assim, em 2012 uma empresa familiar, dirigida por L\u00edgia Santos que troca Lisboa e a advocacia pelo vinho e ruma a Nelas para dirigir os destinos do projecto. Os seus vinhos s\u00e3o feitos a partir de uvas de produ\u00e7\u00e3o pr\u00f3pria e de produtores selecionados, reconhecidos pela sua qualidade e excel\u00eancia de castas, todos na regi\u00e3o do D\u00e3o.<\/p>\n<p>A filosofia da empresa baseia-se na produ\u00e7\u00e3o de vinhos de qualidade, com uma vertente de tradi\u00e7\u00e3o aliada ao modernismo e constante diferencia\u00e7\u00e3o que o mercado exige, \u00e9 neste contexto que os vinhos da Caminhos Cruzados surgem como \u201cO Novo D\u00e3o?.<\/p>\n<p>O nome vem do pensamento familiar de que a vida n\u00e3o se faz sempre por caminhos rectos e que, pelo contr\u00e1rio, h\u00e1 percursos mais at\u00edpicos que nos levam a lugares incr\u00edveis. O lema \u00e9 que cada vez que dois caminhos se cruzam, algo de fant\u00e1stico pode acontecer, como acontece atualmente com os membros da fam\u00edlia, com forma\u00e7\u00f5es e viv\u00eancias distintas, cujos percursos se cruzam no projeto.<\/p>\n<p>Em 2015, a Caminhos Cruzados foi distinguida como \u201cProdutor Revela\u00e7\u00e3o 2015? pela Revista de Vinhos, sendo mais uma motiva\u00e7\u00e3o para continuar a produzir vinhos \u00fanicos.<\/p>\n<p>A empresa (vinhas e adega) situa-se na zona do D\u00e3o, mais especificamente em Nelas. Em 2017, foi inaugurada a nova Adega, de arquitectura arrojada e que emerge das vinhas da Quinta da Teixuga. A Adega, inspira-se no log\u00f3tipo da empresa, duas linhas que se cruzam e encontra-se perfeitamente integrada no ambiente. \u00c9 consciente na est\u00e9tica e tamb\u00e9m na sustentabilidade e permite a pr\u00e1tica do enoturismo.<\/p>\n<p>Produtor Revela\u00e7\u00e3o 2015, &#8220;Melhor de Portugal 2015&#8221;- Revista de Vinhos<\/p>","protected":false},"excerpt":{"rendered":"<p>A Caminhos Cruzados surge pela iniciativa e vontade da fam\u00edlia Santos, natural de Nelas, determinada a regressar \u00e0s suas origens para investir numa antiga paix\u00e3o, o vinho do D\u00e3o. Nasce, assim, em 2012 uma empresa familiar, dirigida por L\u00edgia Santos que troca Lisboa e a advocacia pelo vinho e ruma a Nelas para dirigir os [&hellip;]<\/p>","protected":false},"featured_media":19370,"template":"","meta":{"_exactmetrics_skip_tracking":false,"_exactmetrics_sitenote_active":false,"_exactmetrics_sitenote_note":"","_exactmetrics_sitenote_category":0,"_uf_show_specific_survey":0,"_uf_disable_surveys":false,"iawp_total_views":11},"product_brand":[],"product_cat":[162,157,184,187],"product_tag":[],"class_list":{"0":"post-19369","1":"product","2":"type-product","3":"status-publish","4":"has-post-thumbnail","6":"product_cat-raridades","7":"product_cat-vinhos","8":"product_cat-tinto","9":"product_cat-dao-tinto","11":"first","12":"instock","13":"shipping-taxable","14":"purchasable","15":"product-type-simple"},"_links":{"self":[{"href":"https:\/\/garrafeiragrandeescolha.pt\/de\/wp-json\/wp\/v2\/product\/19369","targetHints":{"allow":["GET"]}}],"collection":[{"href":"https:\/\/garrafeiragrandeescolha.pt\/de\/wp-json\/wp\/v2\/product"}],"about":[{"href":"https:\/\/garrafeiragrandeescolha.pt\/de\/wp-json\/wp\/v2\/types\/product"}],"wp:featuredmedia":[{"embeddable":true,"href":"https:\/\/garrafeiragrandeescolha.pt\/de\/wp-json\/wp\/v2\/media\/19370"}],"wp:attachment":[{"href":"https:\/\/garrafeiragrandeescolha.pt\/de\/wp-json\/wp\/v2\/media?parent=19369"}],"wp:term":[{"taxonomy":"product_brand","embeddable":true,"href":"https:\/\/garrafeiragrandeescolha.pt\/de\/wp-json\/wp\/v2\/product_brand?post=19369"},{"taxonomy":"product_cat","embeddable":true,"href":"https:\/\/garrafeiragrandeescolha.pt\/de\/wp-json\/wp\/v2\/product_cat?post=19369"},{"taxonomy":"product_tag","embeddable":true,"href":"https:\/\/garrafeiragrandeescolha.pt\/de\/wp-json\/wp\/v2\/product_tag?post=19369"}],"curies":[{"name":"wp","href":"https:\/\/api.w.org\/{rel}","templated":true}]}}