{"id":19373,"date":"2024-11-07T12:06:14","date_gmt":"2024-11-07T12:06:14","guid":{"rendered":"https:\/\/garrafeiragrandeescolha.pt\/?post_type=product&#038;p=19373"},"modified":"2024-11-07T12:08:41","modified_gmt":"2024-11-07T12:08:41","slug":"campolargo-dao-vinha-das-cerejas-tinto-2013-75cl","status":"publish","type":"product","link":"https:\/\/garrafeiragrandeescolha.pt\/de\/produkt\/campolargo-dao-vinha-das-cerejas-tinto-2013-75cl\/","title":{"rendered":"Campolargo D\u00e3o Vinha das Cerejas Tinto 2013 75cl"},"content":{"rendered":"<p><img decoding=\"async\" class=\"aligncenter\" src=\"http:\/\/garrafeiragrandeescolha.pt\/wp-content\/uploads\/2022\/02\/campolargo-logo.png\" \/><\/p>\n<div>O nosso av\u00f4 Martinho, lavrador de Mogofores, produzia vinho tinto e, sendo um dos raros vinificadores que separava as uvas brancas das tintas, fazia um bel\u00edssimo e famoso vinho branco. Ambos eram vendidos a granel a casas de neg\u00f3cio da regi\u00e3o que o engarrafavam.<br \/>\nTendo falecido em finais dos anos sessenta do s\u00e9culo passado, tomou ent\u00e3o o nosso pai, Manuel, a seu cargo a totalidade da explora\u00e7\u00e3o cujas vinhas modernizou e ampliou, deixando no entanto de produzir vinho para o mercado.<\/div>\n<div>\n<div>\u00a0Em meados dos anos noventa inici\u00e1mos ensaios de vinifica\u00e7\u00e3o com as diversas castas entretanto plantadas (muitas das quais o foram pela primeira vez na regi\u00e3o). Tomou-se ent\u00e3o a decis\u00e3o de come\u00e7ar a vinificar para o mercado e de construir uma nova adega. Os primeiros vinhos da marca Campolargo foram os da colheita de 2000, sendo que a nova adega apenas foi constru\u00edda em 2004.<\/div>\n<div>Actualmente, a terceira gera\u00e7\u00e3o \u00e9 respons\u00e1vel pela vinha, Jorge Campolargo e pela adega e vendas, Carlos Campolargo. Mas tem j\u00e1 a colabora\u00e7\u00e3o da quarta gera\u00e7\u00e3o, Joana Campolargo, que assegura o apoio administrativo e as rela\u00e7\u00f5es externas.<\/div>\n<div>\n<p>Queremos, pois, manter e prosseguir o car\u00e1cter exclusivamente familiar da nossa vitivinicultura.<\/p>\n<\/div>\n<\/div>","protected":false},"excerpt":{"rendered":"<p>Castas: Touriga Nacional &#8211; Alfrocheiro &#8211; Tinta Pinheira<\/p>\n<p>Cor preta de rubi, notas de frutos negros confitados, cereja, orange marmelade, ceras, ligeira caruma e intenso b\u00e1lsamo mentolado e anisado. Ligeiro aroma c\u00e1rnico e tostados ricos. Boca carnal e esf\u00e9rica, jovem, com frescura e taninos bem seleccionados mas ainda irreverentes, de longa guarda mas de mord\u00eancia moment\u00e2nea. Boa mineralidade.<\/p>","protected":false},"featured_media":19374,"template":"","meta":{"_exactmetrics_skip_tracking":false,"_exactmetrics_sitenote_active":false,"_exactmetrics_sitenote_note":"","_exactmetrics_sitenote_category":0,"_uf_show_specific_survey":0,"_uf_disable_surveys":false,"iawp_total_views":9},"product_brand":[],"product_cat":[157,184,187],"product_tag":[],"class_list":{"0":"post-19373","1":"product","2":"type-product","3":"status-publish","4":"has-post-thumbnail","6":"product_cat-vinhos","7":"product_cat-tinto","8":"product_cat-dao-tinto","10":"first","11":"instock","12":"shipping-taxable","13":"purchasable","14":"product-type-simple"},"_links":{"self":[{"href":"https:\/\/garrafeiragrandeescolha.pt\/de\/wp-json\/wp\/v2\/product\/19373","targetHints":{"allow":["GET"]}}],"collection":[{"href":"https:\/\/garrafeiragrandeescolha.pt\/de\/wp-json\/wp\/v2\/product"}],"about":[{"href":"https:\/\/garrafeiragrandeescolha.pt\/de\/wp-json\/wp\/v2\/types\/product"}],"wp:featuredmedia":[{"embeddable":true,"href":"https:\/\/garrafeiragrandeescolha.pt\/de\/wp-json\/wp\/v2\/media\/19374"}],"wp:attachment":[{"href":"https:\/\/garrafeiragrandeescolha.pt\/de\/wp-json\/wp\/v2\/media?parent=19373"}],"wp:term":[{"taxonomy":"product_brand","embeddable":true,"href":"https:\/\/garrafeiragrandeescolha.pt\/de\/wp-json\/wp\/v2\/product_brand?post=19373"},{"taxonomy":"product_cat","embeddable":true,"href":"https:\/\/garrafeiragrandeescolha.pt\/de\/wp-json\/wp\/v2\/product_cat?post=19373"},{"taxonomy":"product_tag","embeddable":true,"href":"https:\/\/garrafeiragrandeescolha.pt\/de\/wp-json\/wp\/v2\/product_tag?post=19373"}],"curies":[{"name":"wp","href":"https:\/\/api.w.org\/{rel}","templated":true}]}}